{"id":59659,"date":"2025-08-11T13:41:06","date_gmt":"2025-08-11T11:41:06","guid":{"rendered":"https:\/\/fh-staging.vengo.cloud\/de-ch\/p\/kochschuerze-leaves-olive"},"modified":"2025-09-22T16:02:38","modified_gmt":"2025-09-22T14:02:38","slug":"tablier-de-cuisine-leaves-olive","status":"publish","type":"product","link":"https:\/\/fh-staging.vengo.cloud\/fr-ch\/p\/kochschuerze-leaves-olive","title":{"rendered":"Tablier de cuisine Leaves Olive"},"content":{"rendered":"<p>Le tablier de cuisine de notre propre collection Changemaker est compos\u00e9 \u00e0 100% de coton bio et est fabriqu\u00e9 \u00e0 la main en Inde. Notre producteur Manjeen soutient et encourage les artisans d\u00e9favoris\u00e9s et souhaite ainsi contribuer \u00e0 l'\u00e9limination de la pauvret\u00e9 et de l'exploitation. Le commerce juste et \u00e9quitable des produits joue un r\u00f4le central dans ce processus.<\/p>","protected":false},"excerpt":{"rendered":"<p>Tablier de cuisine en coton bio 100%<\/p>","protected":false},"featured_media":59658,"template":"","meta":[],"product_brand":[],"product_cat":[1100,42,1098],"product_tag":[1134],"woo-feed-brand":[],"class_list":{"0":"post-59659","1":"product","2":"type-product","3":"status-publish","4":"has-post-thumbnail","6":"product_cat-kuechentextilien","7":"product_cat-kueche","8":"product_cat-textilien","9":"product_tag-changemaker","11":"first","12":"instock","13":"taxable","14":"shipping-taxable","15":"purchasable","16":"product-type-simple"},"_links":{"self":[{"href":"https:\/\/fh-staging.vengo.cloud\/fr-ch\/wp-json\/wp\/v2\/product\/59659","targetHints":{"allow":["GET"]}}],"collection":[{"href":"https:\/\/fh-staging.vengo.cloud\/fr-ch\/wp-json\/wp\/v2\/product"}],"about":[{"href":"https:\/\/fh-staging.vengo.cloud\/fr-ch\/wp-json\/wp\/v2\/types\/product"}],"wp:featuredmedia":[{"embeddable":true,"href":"https:\/\/fh-staging.vengo.cloud\/fr-ch\/wp-json\/wp\/v2\/media\/59658"}],"wp:attachment":[{"href":"https:\/\/fh-staging.vengo.cloud\/fr-ch\/wp-json\/wp\/v2\/media?parent=59659"}],"wp:term":[{"taxonomy":"product_brand","embeddable":true,"href":"https:\/\/fh-staging.vengo.cloud\/fr-ch\/wp-json\/wp\/v2\/product_brand?post=59659"},{"taxonomy":"product_cat","embeddable":true,"href":"https:\/\/fh-staging.vengo.cloud\/fr-ch\/wp-json\/wp\/v2\/product_cat?post=59659"},{"taxonomy":"product_tag","embeddable":true,"href":"https:\/\/fh-staging.vengo.cloud\/fr-ch\/wp-json\/wp\/v2\/product_tag?post=59659"},{"taxonomy":"woo-feed-brand","embeddable":true,"href":"https:\/\/fh-staging.vengo.cloud\/fr-ch\/wp-json\/wp\/v2\/woo-feed-brand?post=59659"}],"curies":[{"name":"wp","href":"https:\/\/api.w.org\/{rel}","templated":true}]}}