{"id":58759,"date":"2025-07-01T12:02:50","date_gmt":"2025-07-01T10:02:50","guid":{"rendered":"https:\/\/fh-staging.vengo.cloud\/de-ch\/p\/solarlaterne-terra"},"modified":"2025-08-05T10:35:06","modified_gmt":"2025-08-05T08:35:06","slug":"lanterne-solaire-terra","status":"publish","type":"product","link":"https:\/\/fh-staging.vengo.cloud\/fr-ch\/p\/solarlaterne-terra","title":{"rendered":"Lanterne solaire Terra"},"content":{"rendered":"<p>Lanterne \u00e9l\u00e9gante en rotin. S'allume automatiquement \u00e0 la tomb\u00e9e de la nuit. Peut \u00eatre utilis\u00e9e comme lanterne de table ou suspendue. LED blanc chaud, 5 lumens.<\/p>","protected":false},"excerpt":{"rendered":"<p>Lanterne \u00e9l\u00e9gante en rotin.<\/p>","protected":false},"featured_media":58865,"template":"","meta":[],"product_brand":[],"product_cat":[108,23,28,34,35],"product_tag":[973],"woo-feed-brand":[],"class_list":{"0":"post-58759","1":"product","2":"type-product","3":"status-publish","4":"has-post-thumbnail","6":"product_cat-lichterketten-laternen","7":"product_cat-home-living","8":"product_cat-kerzen-lichter","9":"product_cat-garten-balkon","10":"product_cat-gartendeko","11":"product_tag-samen-mauser","13":"first","14":"instock","15":"taxable","16":"shipping-taxable","17":"purchasable","18":"product-type-simple"},"_links":{"self":[{"href":"https:\/\/fh-staging.vengo.cloud\/fr-ch\/wp-json\/wp\/v2\/product\/58759","targetHints":{"allow":["GET"]}}],"collection":[{"href":"https:\/\/fh-staging.vengo.cloud\/fr-ch\/wp-json\/wp\/v2\/product"}],"about":[{"href":"https:\/\/fh-staging.vengo.cloud\/fr-ch\/wp-json\/wp\/v2\/types\/product"}],"wp:featuredmedia":[{"embeddable":true,"href":"https:\/\/fh-staging.vengo.cloud\/fr-ch\/wp-json\/wp\/v2\/media\/58865"}],"wp:attachment":[{"href":"https:\/\/fh-staging.vengo.cloud\/fr-ch\/wp-json\/wp\/v2\/media?parent=58759"}],"wp:term":[{"taxonomy":"product_brand","embeddable":true,"href":"https:\/\/fh-staging.vengo.cloud\/fr-ch\/wp-json\/wp\/v2\/product_brand?post=58759"},{"taxonomy":"product_cat","embeddable":true,"href":"https:\/\/fh-staging.vengo.cloud\/fr-ch\/wp-json\/wp\/v2\/product_cat?post=58759"},{"taxonomy":"product_tag","embeddable":true,"href":"https:\/\/fh-staging.vengo.cloud\/fr-ch\/wp-json\/wp\/v2\/product_tag?post=58759"},{"taxonomy":"woo-feed-brand","embeddable":true,"href":"https:\/\/fh-staging.vengo.cloud\/fr-ch\/wp-json\/wp\/v2\/woo-feed-brand?post=58759"}],"curies":[{"name":"wp","href":"https:\/\/api.w.org\/{rel}","templated":true}]}}