{"id":58737,"date":"2025-07-01T12:02:44","date_gmt":"2025-07-01T10:02:44","guid":{"rendered":"https:\/\/fh-staging.vengo.cloud\/de-ch\/p\/solarlaterne-jumbo-damasque"},"modified":"2025-08-05T10:43:26","modified_gmt":"2025-08-05T08:43:26","slug":"lanterne-solaire-jumbo-damasque","status":"publish","type":"product","link":"https:\/\/fh-staging.vengo.cloud\/fr-ch\/p\/solarlaterne-jumbo-damasque","title":{"rendered":"Lanterne solaire Jumbo Damasque"},"content":{"rendered":"<p>D\u00e9couvre avec notre lanterne solaire une illumination magique qui plonge non seulement les jardins mais aussi les murs des maisons dans une lumi\u00e8re chaleureuse. Les LED blanches conf\u00e8rent \u00e0 cette lanterne un rayonnement clair et lumineux qui cr\u00e9e une atmosph\u00e8re accueillante. Gr\u00e2ce \u00e0 la fonction solaire, la lanterne est \u00e9cologique et facile \u00e0 installer, sans avoir besoin de connexions par c\u00e2ble.<\/p>\n<p>Taille 32 x 30 cm<\/p>","protected":false},"excerpt":{"rendered":"<p>D\u00e9couvre avec notre lanterne solaire un \u00e9clairage magique qui n'illumine pas seulement les jardins mais aussi les murs des maisons d'une lumi\u00e8re chaleureuse.<\/p>","protected":false},"featured_media":58736,"template":"","meta":[],"product_brand":[],"product_cat":[108,23,28,34,35],"product_tag":[973],"woo-feed-brand":[],"class_list":{"0":"post-58737","1":"product","2":"type-product","3":"status-publish","4":"has-post-thumbnail","6":"product_cat-lichterketten-laternen","7":"product_cat-home-living","8":"product_cat-kerzen-lichter","9":"product_cat-garten-balkon","10":"product_cat-gartendeko","11":"product_tag-samen-mauser","13":"first","14":"instock","15":"taxable","16":"shipping-taxable","17":"purchasable","18":"product-type-simple"},"_links":{"self":[{"href":"https:\/\/fh-staging.vengo.cloud\/fr-ch\/wp-json\/wp\/v2\/product\/58737","targetHints":{"allow":["GET"]}}],"collection":[{"href":"https:\/\/fh-staging.vengo.cloud\/fr-ch\/wp-json\/wp\/v2\/product"}],"about":[{"href":"https:\/\/fh-staging.vengo.cloud\/fr-ch\/wp-json\/wp\/v2\/types\/product"}],"wp:featuredmedia":[{"embeddable":true,"href":"https:\/\/fh-staging.vengo.cloud\/fr-ch\/wp-json\/wp\/v2\/media\/58736"}],"wp:attachment":[{"href":"https:\/\/fh-staging.vengo.cloud\/fr-ch\/wp-json\/wp\/v2\/media?parent=58737"}],"wp:term":[{"taxonomy":"product_brand","embeddable":true,"href":"https:\/\/fh-staging.vengo.cloud\/fr-ch\/wp-json\/wp\/v2\/product_brand?post=58737"},{"taxonomy":"product_cat","embeddable":true,"href":"https:\/\/fh-staging.vengo.cloud\/fr-ch\/wp-json\/wp\/v2\/product_cat?post=58737"},{"taxonomy":"product_tag","embeddable":true,"href":"https:\/\/fh-staging.vengo.cloud\/fr-ch\/wp-json\/wp\/v2\/product_tag?post=58737"},{"taxonomy":"woo-feed-brand","embeddable":true,"href":"https:\/\/fh-staging.vengo.cloud\/fr-ch\/wp-json\/wp\/v2\/woo-feed-brand?post=58737"}],"curies":[{"name":"wp","href":"https:\/\/api.w.org\/{rel}","templated":true}]}}