{"id":58716,"date":"2025-07-01T12:02:36","date_gmt":"2025-07-01T10:02:36","guid":{"rendered":"https:\/\/fh-staging.vengo.cloud\/de-ch\/p\/handschuh-maxfeel-l"},"modified":"2025-08-05T10:44:32","modified_gmt":"2025-08-05T08:44:32","slug":"gant-maxfeel-l","status":"publish","type":"product","link":"https:\/\/fh-staging.vengo.cloud\/fr-ch\/p\/handschuh-maxfeel-l","title":{"rendered":"Gant MAXFEEL L"},"content":{"rendered":"<p>Ce gant en polyester finement tricot\u00e9 avec un rev\u00eatement en nitrile r\u00e9sistant \u00e0 l'abrasion se sent comme une seconde peau. Avec une excellente dext\u00e9rit\u00e9, il est id\u00e9al pour les bricoleurs et les jardiniers amateurs.<\/p>\n<p>Disponible en gris<br \/>\nTaille 9 ou L<\/p>","protected":false},"excerpt":{"rendered":"<p>Ce gant en polyester finement tricot\u00e9 avec un rev\u00eatement en nitrile r\u00e9sistant \u00e0 l'abrasion se sent comme une seconde peau.<\/p>","protected":false},"featured_media":58715,"template":"","meta":[],"product_brand":[],"product_cat":[1064,34,39],"product_tag":[973],"woo-feed-brand":[],"class_list":{"0":"post-58716","1":"product","2":"type-product","3":"status-publish","4":"has-post-thumbnail","6":"product_cat-gartenhandschuhe","7":"product_cat-garten-balkon","8":"product_cat-gartenzubehoer","9":"product_tag-samen-mauser","11":"first","12":"instock","13":"taxable","14":"shipping-taxable","15":"purchasable","16":"product-type-simple"},"_links":{"self":[{"href":"https:\/\/fh-staging.vengo.cloud\/fr-ch\/wp-json\/wp\/v2\/product\/58716","targetHints":{"allow":["GET"]}}],"collection":[{"href":"https:\/\/fh-staging.vengo.cloud\/fr-ch\/wp-json\/wp\/v2\/product"}],"about":[{"href":"https:\/\/fh-staging.vengo.cloud\/fr-ch\/wp-json\/wp\/v2\/types\/product"}],"wp:featuredmedia":[{"embeddable":true,"href":"https:\/\/fh-staging.vengo.cloud\/fr-ch\/wp-json\/wp\/v2\/media\/58715"}],"wp:attachment":[{"href":"https:\/\/fh-staging.vengo.cloud\/fr-ch\/wp-json\/wp\/v2\/media?parent=58716"}],"wp:term":[{"taxonomy":"product_brand","embeddable":true,"href":"https:\/\/fh-staging.vengo.cloud\/fr-ch\/wp-json\/wp\/v2\/product_brand?post=58716"},{"taxonomy":"product_cat","embeddable":true,"href":"https:\/\/fh-staging.vengo.cloud\/fr-ch\/wp-json\/wp\/v2\/product_cat?post=58716"},{"taxonomy":"product_tag","embeddable":true,"href":"https:\/\/fh-staging.vengo.cloud\/fr-ch\/wp-json\/wp\/v2\/product_tag?post=58716"},{"taxonomy":"woo-feed-brand","embeddable":true,"href":"https:\/\/fh-staging.vengo.cloud\/fr-ch\/wp-json\/wp\/v2\/woo-feed-brand?post=58716"}],"curies":[{"name":"wp","href":"https:\/\/api.w.org\/{rel}","templated":true}]}}