{"id":58703,"date":"2025-07-01T12:02:32","date_gmt":"2025-07-01T10:02:32","guid":{"rendered":"https:\/\/fh-staging.vengo.cloud\/de-ch\/p\/weste-carniolo-brushed-nickel-man-size-xl"},"modified":"2025-12-18T10:41:56","modified_gmt":"2025-12-18T09:41:56","slug":"gilet-carniolo-nickel-brosse-homme-taille-xl","status":"publish","type":"product","link":"https:\/\/fh-staging.vengo.cloud\/fr-ch\/p\/weste-carniolo-brushed-nickel-man-size-xl","title":{"rendered":"Gilet CARNIOLO Brushed Nickel Man Taille XL"},"content":{"rendered":"<p>Le gilet pour hommes de OUT-FIT dispose de trois poches pratiques sur le devant, compl\u00e9t\u00e9es par une grande poche arri\u00e8re. Ce v\u00eatement te permet de ranger tout ce dont tu as besoin et peut \u00eatre port\u00e9 sur n'importe quel type de v\u00eatement. Cet article est \u00e9galement fabriqu\u00e9 \u00e0 partir de notre coton canvas robuste, qui combine les exigences des v\u00eatements d'ext\u00e9rieur avec une coupe et un toucher modernes.<\/p>","protected":false},"excerpt":{"rendered":"<p>Le gilet pour hommes de OUT-FIT dispose de trois poches pratiques sur le devant, compl\u00e9t\u00e9es par une grande poche arri\u00e8re.<\/p>","protected":false},"featured_media":59048,"template":"","meta":[],"product_brand":[],"product_cat":[1065,34,39],"product_tag":[973],"woo-feed-brand":[],"class_list":{"0":"post-58703","1":"product","2":"type-product","3":"status-publish","4":"has-post-thumbnail","6":"product_cat-gartenschuerze","7":"product_cat-garten-balkon","8":"product_cat-gartenzubehoer","9":"product_tag-samen-mauser","11":"first","12":"instock","13":"taxable","14":"shipping-taxable","15":"purchasable","16":"product-type-simple"},"_links":{"self":[{"href":"https:\/\/fh-staging.vengo.cloud\/fr-ch\/wp-json\/wp\/v2\/product\/58703","targetHints":{"allow":["GET"]}}],"collection":[{"href":"https:\/\/fh-staging.vengo.cloud\/fr-ch\/wp-json\/wp\/v2\/product"}],"about":[{"href":"https:\/\/fh-staging.vengo.cloud\/fr-ch\/wp-json\/wp\/v2\/types\/product"}],"wp:featuredmedia":[{"embeddable":true,"href":"https:\/\/fh-staging.vengo.cloud\/fr-ch\/wp-json\/wp\/v2\/media\/59048"}],"wp:attachment":[{"href":"https:\/\/fh-staging.vengo.cloud\/fr-ch\/wp-json\/wp\/v2\/media?parent=58703"}],"wp:term":[{"taxonomy":"product_brand","embeddable":true,"href":"https:\/\/fh-staging.vengo.cloud\/fr-ch\/wp-json\/wp\/v2\/product_brand?post=58703"},{"taxonomy":"product_cat","embeddable":true,"href":"https:\/\/fh-staging.vengo.cloud\/fr-ch\/wp-json\/wp\/v2\/product_cat?post=58703"},{"taxonomy":"product_tag","embeddable":true,"href":"https:\/\/fh-staging.vengo.cloud\/fr-ch\/wp-json\/wp\/v2\/product_tag?post=58703"},{"taxonomy":"woo-feed-brand","embeddable":true,"href":"https:\/\/fh-staging.vengo.cloud\/fr-ch\/wp-json\/wp\/v2\/woo-feed-brand?post=58703"}],"curies":[{"name":"wp","href":"https:\/\/api.w.org\/{rel}","templated":true}]}}