{"id":58687,"date":"2025-07-01T12:02:26","date_gmt":"2025-07-01T10:02:26","guid":{"rendered":"https:\/\/fh-staging.vengo.cloud\/de-ch\/p\/weste-roverella-olivine-woman-size-l"},"modified":"2025-12-18T10:42:53","modified_gmt":"2025-12-18T09:42:53","slug":"gilet-roverella-olivine-femme-taille-l","status":"publish","type":"product","link":"https:\/\/fh-staging.vengo.cloud\/fr-ch\/p\/weste-roverella-olivine-woman-size-l","title":{"rendered":"Gilet ROVERELLA Olivine Woman Size L"},"content":{"rendered":"<p>Le gilet pour femmes de OUT-FIT est \u00e9quip\u00e9 de deux poches avant avec des fermetures \u00e9clair lat\u00e9rales et est parfait comme v\u00eatement par-dessus n'importe quel type de v\u00eatement. Le tissu en coton r\u00e9sistant assure une protection parfaite des v\u00eatements sans pour autant renoncer \u00e0 un look f\u00e9minin pour le travail en plein air.<\/p>","protected":false},"excerpt":{"rendered":"<p>Le gilet pour femme de OUT-FIT est \u00e9quip\u00e9 de deux poches avant avec des fermetures \u00e9clair lat\u00e9rales et est parfait comme v\u00eatement par-dessus n'importe quel type de v\u00eatement.<\/p>","protected":false},"featured_media":59052,"template":"","meta":[],"product_brand":[],"product_cat":[1065,34,39],"product_tag":[973],"woo-feed-brand":[],"class_list":{"0":"post-58687","1":"product","2":"type-product","3":"status-publish","4":"has-post-thumbnail","6":"product_cat-gartenschuerze","7":"product_cat-garten-balkon","8":"product_cat-gartenzubehoer","9":"product_tag-samen-mauser","11":"first","12":"instock","13":"taxable","14":"shipping-taxable","15":"purchasable","16":"product-type-simple"},"_links":{"self":[{"href":"https:\/\/fh-staging.vengo.cloud\/fr-ch\/wp-json\/wp\/v2\/product\/58687","targetHints":{"allow":["GET"]}}],"collection":[{"href":"https:\/\/fh-staging.vengo.cloud\/fr-ch\/wp-json\/wp\/v2\/product"}],"about":[{"href":"https:\/\/fh-staging.vengo.cloud\/fr-ch\/wp-json\/wp\/v2\/types\/product"}],"wp:featuredmedia":[{"embeddable":true,"href":"https:\/\/fh-staging.vengo.cloud\/fr-ch\/wp-json\/wp\/v2\/media\/59052"}],"wp:attachment":[{"href":"https:\/\/fh-staging.vengo.cloud\/fr-ch\/wp-json\/wp\/v2\/media?parent=58687"}],"wp:term":[{"taxonomy":"product_brand","embeddable":true,"href":"https:\/\/fh-staging.vengo.cloud\/fr-ch\/wp-json\/wp\/v2\/product_brand?post=58687"},{"taxonomy":"product_cat","embeddable":true,"href":"https:\/\/fh-staging.vengo.cloud\/fr-ch\/wp-json\/wp\/v2\/product_cat?post=58687"},{"taxonomy":"product_tag","embeddable":true,"href":"https:\/\/fh-staging.vengo.cloud\/fr-ch\/wp-json\/wp\/v2\/product_tag?post=58687"},{"taxonomy":"woo-feed-brand","embeddable":true,"href":"https:\/\/fh-staging.vengo.cloud\/fr-ch\/wp-json\/wp\/v2\/woo-feed-brand?post=58687"}],"curies":[{"name":"wp","href":"https:\/\/api.w.org\/{rel}","templated":true}]}}