{"id":58675,"date":"2025-07-01T12:02:23","date_gmt":"2025-07-01T10:02:23","guid":{"rendered":"https:\/\/fh-staging.vengo.cloud\/de-ch\/p\/schrze-ontano-olivine"},"modified":"2025-08-05T10:47:55","modified_gmt":"2025-08-05T08:47:55","slug":"tablier-de-cuisine","status":"publish","type":"product","link":"https:\/\/fh-staging.vengo.cloud\/fr-ch\/p\/schuerze-ontano-olivine","title":{"rendered":"Tablier ONTANO Olivine"},"content":{"rendered":"<p>Le tablier Ontano est court, pratique et rapide \u00e0 mettre. Il dispose d'une poche spacieuse avec gousset, divis\u00e9e en trois poches par une fermeture \u00e9clair centrale. Tu peux y ranger tes outils en toute s\u00e9curit\u00e9. Les deux lacets permettent une fixation parfaitement ajustable pour r\u00e9pondre \u00e0 diff\u00e9rents besoins et types de corps.<\/p>","protected":false},"excerpt":{"rendered":"<p>Le tablier Ontano est court, pratique et rapide \u00e0 mettre.<\/p>","protected":false},"featured_media":59056,"template":"","meta":[],"product_brand":[],"product_cat":[1065,34,39],"product_tag":[973],"woo-feed-brand":[],"class_list":{"0":"post-58675","1":"product","2":"type-product","3":"status-publish","4":"has-post-thumbnail","6":"product_cat-gartenschuerze","7":"product_cat-garten-balkon","8":"product_cat-gartenzubehoer","9":"product_tag-samen-mauser","11":"first","12":"instock","13":"taxable","14":"shipping-taxable","15":"purchasable","16":"product-type-simple"},"_links":{"self":[{"href":"https:\/\/fh-staging.vengo.cloud\/fr-ch\/wp-json\/wp\/v2\/product\/58675","targetHints":{"allow":["GET"]}}],"collection":[{"href":"https:\/\/fh-staging.vengo.cloud\/fr-ch\/wp-json\/wp\/v2\/product"}],"about":[{"href":"https:\/\/fh-staging.vengo.cloud\/fr-ch\/wp-json\/wp\/v2\/types\/product"}],"wp:featuredmedia":[{"embeddable":true,"href":"https:\/\/fh-staging.vengo.cloud\/fr-ch\/wp-json\/wp\/v2\/media\/59056"}],"wp:attachment":[{"href":"https:\/\/fh-staging.vengo.cloud\/fr-ch\/wp-json\/wp\/v2\/media?parent=58675"}],"wp:term":[{"taxonomy":"product_brand","embeddable":true,"href":"https:\/\/fh-staging.vengo.cloud\/fr-ch\/wp-json\/wp\/v2\/product_brand?post=58675"},{"taxonomy":"product_cat","embeddable":true,"href":"https:\/\/fh-staging.vengo.cloud\/fr-ch\/wp-json\/wp\/v2\/product_cat?post=58675"},{"taxonomy":"product_tag","embeddable":true,"href":"https:\/\/fh-staging.vengo.cloud\/fr-ch\/wp-json\/wp\/v2\/product_tag?post=58675"},{"taxonomy":"woo-feed-brand","embeddable":true,"href":"https:\/\/fh-staging.vengo.cloud\/fr-ch\/wp-json\/wp\/v2\/woo-feed-brand?post=58675"}],"curies":[{"name":"wp","href":"https:\/\/api.w.org\/{rel}","templated":true}]}}