{"id":5846,"date":"2019-10-07T13:00:02","date_gmt":"2019-10-07T13:00:02","guid":{"rendered":"https:\/\/fh-staging.vengo.cloud\/?product=honigsolo-seed-honey"},"modified":"2025-05-19T09:07:30","modified_gmt":"2025-05-19T07:07:30","slug":"miel-de-seigle-solo","status":"publish","type":"product","link":"https:\/\/fh-staging.vengo.cloud\/fr-ch\/p\/honigsolo-seed-honey","title":{"rendered":"Solo au miel \"Seed &amp; Honey"},"content":{"rendered":"<div id=\"magicdomid22\">\n<p style=\"text-align: left;\">Notre solo de miel \"Seed &amp; Honey\" se compose d'un d\u00e9licieux miel de fleurs suisse et de cinq boules de graines \"D\u00e9lice des abeilles\". Le miel premium est un plaisir particulier pour nous, les humains, et la boule de graines produit de la nourriture pour les abeilles. Les boules de graines sont de petites boules de terre, d'argile et de graines. Tu peux soit planter les boules de graines, soit les lancer, les rouler ou les poser tout simplement sur la terre. La prochaine pluie ramollit la boule et active les graines qui commencent alors \u00e0 germer et permettent de nouvelles sources de nourriture pour les abeilles. D\u00e9couvre un d\u00e9licieux miel de qualit\u00e9 et offre de la nourriture \u00e0 nos abeilles.<\/p>\n<p style=\"text-align: left;\">Un super cadeau pour tous ceux qui veulent faire du bien et se faire plaisir !<\/p>\n<p style=\"text-align: left;\"><strong>Factbox :<\/strong><br \/>\nEmballage : bo\u00eete en bois de bouleau (L x l x h : 24.3 cm x 11.3 cm x 8.1 cm)<br \/>\nTaille du bocal : 1 x 350g<br \/>\nMiel : Miel de fleurs suisses<br \/>\nBoules de graines : 5 pi\u00e8ces<\/p>\n<p style=\"text-align: left;\"><strong>Informations nutritionnelles :<br \/>\n<\/strong><a href=\"https:\/\/bee-family.com\/wp-content\/uploads\/2022\/09\/Naehrwertangaben.pdf\" target=\"_blank\" rel=\"noopener\">Informations nutritionnelles Bee-Family<\/a><\/p>\n<p style=\"text-align: left;\"><strong>Conseils pour les personnes allergiques :<br \/>\n<\/strong>Le miel n'est pas adapt\u00e9 \u00e0 la consommation par les enfants de moins de 12 mois !<\/p>\n<p style=\"text-align: left;\">\n<\/div>","protected":false},"excerpt":{"rendered":"<p>Solo au miel \"Seed &amp; Honey<\/p>","protected":false},"featured_media":5847,"template":"","meta":[],"product_brand":[],"product_cat":[101,1002,1023,910,1091,797,984,993,999,1088,909,916,42,885,52,54,53],"product_tag":[291],"woo-feed-brand":[],"class_list":{"0":"post-5846","1":"product","2":"type-product","3":"status-publish","4":"has-post-thumbnail","6":"product_cat-honig","7":"product_cat-fuer-ihn","8":"product_cat-fuer-mama","9":"product_cat-geschenkideen","10":"product_cat-hobbykoch","11":"product_cat-muttertag","12":"product_cat-silvester","13":"product_cat-silvestergeschenke","14":"product_cat-valentinstag","15":"product_cat-vatertag","16":"product_cat-weihnachten","17":"product_cat-praesente","18":"product_cat-kueche","19":"product_cat-koestlichkeiten","20":"product_cat-geschenke","21":"product_cat-feinkost","22":"product_cat-geschenksets","23":"product_tag-bee-family-ag","25":"first","26":"instock","27":"taxable","28":"shipping-taxable","29":"purchasable","30":"product-type-simple"},"_links":{"self":[{"href":"https:\/\/fh-staging.vengo.cloud\/fr-ch\/wp-json\/wp\/v2\/product\/5846","targetHints":{"allow":["GET"]}}],"collection":[{"href":"https:\/\/fh-staging.vengo.cloud\/fr-ch\/wp-json\/wp\/v2\/product"}],"about":[{"href":"https:\/\/fh-staging.vengo.cloud\/fr-ch\/wp-json\/wp\/v2\/types\/product"}],"wp:featuredmedia":[{"embeddable":true,"href":"https:\/\/fh-staging.vengo.cloud\/fr-ch\/wp-json\/wp\/v2\/media\/5847"}],"wp:attachment":[{"href":"https:\/\/fh-staging.vengo.cloud\/fr-ch\/wp-json\/wp\/v2\/media?parent=5846"}],"wp:term":[{"taxonomy":"product_brand","embeddable":true,"href":"https:\/\/fh-staging.vengo.cloud\/fr-ch\/wp-json\/wp\/v2\/product_brand?post=5846"},{"taxonomy":"product_cat","embeddable":true,"href":"https:\/\/fh-staging.vengo.cloud\/fr-ch\/wp-json\/wp\/v2\/product_cat?post=5846"},{"taxonomy":"product_tag","embeddable":true,"href":"https:\/\/fh-staging.vengo.cloud\/fr-ch\/wp-json\/wp\/v2\/product_tag?post=5846"},{"taxonomy":"woo-feed-brand","embeddable":true,"href":"https:\/\/fh-staging.vengo.cloud\/fr-ch\/wp-json\/wp\/v2\/woo-feed-brand?post=5846"}],"curies":[{"name":"wp","href":"https:\/\/api.w.org\/{rel}","templated":true}]}}