{"id":58377,"date":"2025-06-25T11:33:11","date_gmt":"2025-06-25T09:33:11","guid":{"rendered":"https:\/\/fh-staging.vengo.cloud\/de-ch\/?post_type=product&#038;p=58377"},"modified":"2025-11-04T14:23:48","modified_gmt":"2025-11-04T13:23:48","slug":"diy-billes-de-fleurs-kit-pour-environ-30-seedballs","status":"publish","type":"product","link":"https:\/\/fh-staging.vengo.cloud\/fr-ch\/p\/diy-blumenmurmel-kit-fuer-ca-30-seedballs","title":{"rendered":"Kit bille de fleur DIY pour environ 30 seedballs"},"content":{"rendered":"<p>Les Seedballs sont de petites boules de terre, d'argile et de graines. Il n'est pas n\u00e9cessaire de les planter, il suffit de les jeter \u00e0 l'endroit souhait\u00e9 et de se r\u00e9jouir de voir bient\u00f4t pousser de belles fleurs color\u00e9es.<\/p>\n<p>Avec ce kit DIY, tu peux facilement fabriquer toi-m\u00eame des Seedballs. Le kit permet de fabriquer environ 30 billes de fleurs et contient un m\u00e9lange de graines, de la terre de jardin nutritive, de la poudre d'argile ou de glaise ainsi que des instructions d\u00e9taill\u00e9es. La fabrication et l'\u00e9jection des boules de graines termin\u00e9es sont tr\u00e8s amusantes pour toute la famille.<\/p>\n<p><strong>Semences incluses :\u00a0<\/strong>Bleuet, \u0153il de jeune fille, langue de chien, aster d'\u00e9t\u00e9, camomille des teinturiers, ang\u00e9lique, herbe d'argent, conrade, adonis, achill\u00e9e, souci, tournesol, origan et coquelicot.<\/p>\n<p><strong>Contenu :<\/strong>\u00a0M\u00e9lange de graines, terre de jardin nutritive, poudre d'argile ou de glaise, instructions (le contenu suffit pour environ 30 billes de fleurs)<\/p>","protected":false},"excerpt":{"rendered":"<p>Mets de la couleur dans le monde et fais appara\u00eetre un sourire sur le visage des abeilles et des insectes avec des Seedballs faits maison ! Ce kit DIY contient tout ce dont tu as besoin pour fabriquer une trentaine de billes de fleurs color\u00e9es - un plaisir cr\u00e9atif pour petits et grands.<\/p>","protected":false},"featured_media":58378,"template":"","meta":[],"product_brand":[],"product_cat":[110,23,1196,1208,909,29,915,34,1122,41,59,939],"product_tag":[325],"woo-feed-brand":[],"class_list":{"0":"post-58377","1":"product","2":"type-product","3":"status-publish","4":"has-post-thumbnail","6":"product_cat-samen","7":"product_cat-home-living","8":"product_cat-natur-deko","9":"product_cat-ueber-25-chf","10":"product_cat-weihnachten","11":"product_cat-do-it-yourself","12":"product_cat-wichteln","13":"product_cat-garten-balkon","14":"product_cat-kids-im-gruenen","15":"product_cat-outdoorpflanzen","16":"product_cat-kids","17":"product_cat-kindergeschenke","18":"product_tag-veg-and-the-city","20":"first","21":"instock","22":"taxable","23":"shipping-taxable","24":"purchasable","25":"product-type-simple"},"_links":{"self":[{"href":"https:\/\/fh-staging.vengo.cloud\/fr-ch\/wp-json\/wp\/v2\/product\/58377","targetHints":{"allow":["GET"]}}],"collection":[{"href":"https:\/\/fh-staging.vengo.cloud\/fr-ch\/wp-json\/wp\/v2\/product"}],"about":[{"href":"https:\/\/fh-staging.vengo.cloud\/fr-ch\/wp-json\/wp\/v2\/types\/product"}],"wp:featuredmedia":[{"embeddable":true,"href":"https:\/\/fh-staging.vengo.cloud\/fr-ch\/wp-json\/wp\/v2\/media\/58378"}],"wp:attachment":[{"href":"https:\/\/fh-staging.vengo.cloud\/fr-ch\/wp-json\/wp\/v2\/media?parent=58377"}],"wp:term":[{"taxonomy":"product_brand","embeddable":true,"href":"https:\/\/fh-staging.vengo.cloud\/fr-ch\/wp-json\/wp\/v2\/product_brand?post=58377"},{"taxonomy":"product_cat","embeddable":true,"href":"https:\/\/fh-staging.vengo.cloud\/fr-ch\/wp-json\/wp\/v2\/product_cat?post=58377"},{"taxonomy":"product_tag","embeddable":true,"href":"https:\/\/fh-staging.vengo.cloud\/fr-ch\/wp-json\/wp\/v2\/product_tag?post=58377"},{"taxonomy":"woo-feed-brand","embeddable":true,"href":"https:\/\/fh-staging.vengo.cloud\/fr-ch\/wp-json\/wp\/v2\/woo-feed-brand?post=58377"}],"curies":[{"name":"wp","href":"https:\/\/api.w.org\/{rel}","templated":true}]}}