{"id":58355,"date":"2025-07-01T16:26:26","date_gmt":"2025-07-01T14:26:26","guid":{"rendered":"https:\/\/fh-staging.vengo.cloud\/de-ch\/p\/igelvilla-als-winterschlafhaus-fsc"},"modified":"2025-08-05T10:50:14","modified_gmt":"2025-08-05T08:50:14","slug":"villa-pour-herisson-comme-abri-dhiver-fsc","status":"publish","type":"product","link":"https:\/\/fh-staging.vengo.cloud\/fr-ch\/p\/igelvilla-als-winterschlafhaus-fsc","title":{"rendered":"Villa pour h\u00e9rissons comme abri d'hiver FSC"},"content":{"rendered":"<p>Notre villa pour h\u00e9rissons, fabriqu\u00e9e en sapin massif de haute qualit\u00e9, offre un endroit appr\u00e9ci\u00e9 et confortable pour les h\u00e9rissons. L'entr\u00e9e sinueuse sert non seulement de d\u00e9tail architectural charmant, mais elle emp\u00eache aussi les renards et les chiens curieux de s'approcher. Le couvercle amovible permet un nettoyage et un entretien faciles. Cr\u00e9e un refuge s\u00fbr pour nos amis \u00e9pineux avec cette villa pour h\u00e9rissons et favorise la biodiversit\u00e9 dans ton jardin.<\/p>\n<p>Dimensions int\u00e9rieures du dortoir : 300 x 250 x 180 mm<br \/>\nDimensions ext\u00e9rieures : 570 x 350 x 270 mm<\/p>","protected":false},"excerpt":{"rendered":"<p>Notre villa pour h\u00e9rissons, fabriqu\u00e9e en sapin massif de haute qualit\u00e9, offre un endroit prot\u00e9g\u00e9 et confortable pour les h\u00e9rissons.<\/p>","protected":false},"featured_media":58630,"template":"","meta":[],"product_brand":[],"product_cat":[1113,34],"product_tag":[973],"woo-feed-brand":[],"class_list":{"0":"post-58355","1":"product","2":"type-product","3":"status-publish","4":"has-post-thumbnail","6":"product_cat-gartenbewohner","7":"product_cat-garten-balkon","8":"product_tag-samen-mauser","10":"first","11":"instock","12":"taxable","13":"shipping-taxable","14":"purchasable","15":"product-type-simple"},"_links":{"self":[{"href":"https:\/\/fh-staging.vengo.cloud\/fr-ch\/wp-json\/wp\/v2\/product\/58355","targetHints":{"allow":["GET"]}}],"collection":[{"href":"https:\/\/fh-staging.vengo.cloud\/fr-ch\/wp-json\/wp\/v2\/product"}],"about":[{"href":"https:\/\/fh-staging.vengo.cloud\/fr-ch\/wp-json\/wp\/v2\/types\/product"}],"wp:featuredmedia":[{"embeddable":true,"href":"https:\/\/fh-staging.vengo.cloud\/fr-ch\/wp-json\/wp\/v2\/media\/58630"}],"wp:attachment":[{"href":"https:\/\/fh-staging.vengo.cloud\/fr-ch\/wp-json\/wp\/v2\/media?parent=58355"}],"wp:term":[{"taxonomy":"product_brand","embeddable":true,"href":"https:\/\/fh-staging.vengo.cloud\/fr-ch\/wp-json\/wp\/v2\/product_brand?post=58355"},{"taxonomy":"product_cat","embeddable":true,"href":"https:\/\/fh-staging.vengo.cloud\/fr-ch\/wp-json\/wp\/v2\/product_cat?post=58355"},{"taxonomy":"product_tag","embeddable":true,"href":"https:\/\/fh-staging.vengo.cloud\/fr-ch\/wp-json\/wp\/v2\/product_tag?post=58355"},{"taxonomy":"woo-feed-brand","embeddable":true,"href":"https:\/\/fh-staging.vengo.cloud\/fr-ch\/wp-json\/wp\/v2\/woo-feed-brand?post=58355"}],"curies":[{"name":"wp","href":"https:\/\/api.w.org\/{rel}","templated":true}]}}