{"id":58352,"date":"2025-06-25T10:06:12","date_gmt":"2025-06-25T08:06:12","guid":{"rendered":"https:\/\/fh-staging.vengo.cloud\/de-ch\/p\/frostwchter-firefly"},"modified":"2025-07-30T09:07:00","modified_gmt":"2025-07-30T07:07:00","slug":"gardien-de-givre-firefly","status":"publish","type":"product","link":"https:\/\/fh-staging.vengo.cloud\/fr-ch\/p\/frostwaechter-firefly","title":{"rendered":"D\u00e9tecteur de gel Firefly"},"content":{"rendered":"<p>Gardien antigel \u00e9cologique et d\u00e9coratif en terre cuite avec un bol d'huile \u00e9maill\u00e9 dans le couvercle, pour garder les petites serres et les ch\u00e2ssis de couche hors gel. Ce gardien antigel combine durabilit\u00e9 \u00e9cologique et design d\u00e9coratif. Fabriqu\u00e9 en terre cuite de haute qualit\u00e9, il n'est pas seulement fonctionnel mais s'int\u00e8gre aussi harmonieusement dans ton jardin. Le bol d'huile \u00e9maill\u00e9 dans le couvercle offre une efficacit\u00e9 suppl\u00e9mentaire tout en ajoutant une touche de charme \u00e0 ton jardin.<\/p>","protected":false},"excerpt":{"rendered":"<p>Gardien antigel \u00e9cologique et d\u00e9coratif en terre cuite avec un bol d'huile \u00e9maill\u00e9 dans le couvercle, pour garder les petites serres et les ch\u00e2ssis de couche hors gel.<\/p>","protected":false},"featured_media":58409,"template":"","meta":[],"product_brand":[],"product_cat":[35,34],"product_tag":[973],"woo-feed-brand":[],"class_list":{"0":"post-58352","1":"product","2":"type-product","3":"status-publish","4":"has-post-thumbnail","6":"product_cat-gartendeko","7":"product_cat-garten-balkon","8":"product_tag-samen-mauser","10":"first","11":"instock","12":"taxable","13":"shipping-taxable","14":"purchasable","15":"product-type-simple"},"_links":{"self":[{"href":"https:\/\/fh-staging.vengo.cloud\/fr-ch\/wp-json\/wp\/v2\/product\/58352","targetHints":{"allow":["GET"]}}],"collection":[{"href":"https:\/\/fh-staging.vengo.cloud\/fr-ch\/wp-json\/wp\/v2\/product"}],"about":[{"href":"https:\/\/fh-staging.vengo.cloud\/fr-ch\/wp-json\/wp\/v2\/types\/product"}],"wp:featuredmedia":[{"embeddable":true,"href":"https:\/\/fh-staging.vengo.cloud\/fr-ch\/wp-json\/wp\/v2\/media\/58409"}],"wp:attachment":[{"href":"https:\/\/fh-staging.vengo.cloud\/fr-ch\/wp-json\/wp\/v2\/media?parent=58352"}],"wp:term":[{"taxonomy":"product_brand","embeddable":true,"href":"https:\/\/fh-staging.vengo.cloud\/fr-ch\/wp-json\/wp\/v2\/product_brand?post=58352"},{"taxonomy":"product_cat","embeddable":true,"href":"https:\/\/fh-staging.vengo.cloud\/fr-ch\/wp-json\/wp\/v2\/product_cat?post=58352"},{"taxonomy":"product_tag","embeddable":true,"href":"https:\/\/fh-staging.vengo.cloud\/fr-ch\/wp-json\/wp\/v2\/product_tag?post=58352"},{"taxonomy":"woo-feed-brand","embeddable":true,"href":"https:\/\/fh-staging.vengo.cloud\/fr-ch\/wp-json\/wp\/v2\/woo-feed-brand?post=58352"}],"curies":[{"name":"wp","href":"https:\/\/api.w.org\/{rel}","templated":true}]}}