{"id":58351,"date":"2025-06-25T10:06:11","date_gmt":"2025-06-25T08:06:11","guid":{"rendered":"https:\/\/fh-staging.vengo.cloud\/de-ch\/p\/terrassen-gewchshaus-arctic"},"modified":"2025-07-30T09:07:20","modified_gmt":"2025-07-30T07:07:20","slug":"serre-de-terrasse-arctic","status":"publish","type":"product","link":"https:\/\/fh-staging.vengo.cloud\/fr-ch\/p\/terrassen-gewaechshaus-arctic","title":{"rendered":"Serre de terrasse Arctic"},"content":{"rendered":"<p>La serre d'hiver pour terrasse et balcon avec sol, arches en fibre de verre, et film PVC avec protection anti-UV est \u00e9quip\u00e9e de 2 portes. Transparente et id\u00e9ale pour prot\u00e9ger les plantes pendant les saisons plus fra\u00eeches.<\/p>\n<p>Largeur : 186 cm, profondeur : 84 cm, hauteur : 175 cm<\/p>","protected":false},"excerpt":{"rendered":"<p>La serre d'hiver pour terrasse et balcon avec sol, arches en fibre de verre, et film PVC avec protection anti-UV est \u00e9quip\u00e9e de 2 portes.<\/p>","protected":false},"featured_media":58557,"template":"","meta":[],"product_brand":[],"product_cat":[39,34],"product_tag":[973],"woo-feed-brand":[],"class_list":{"0":"post-58351","1":"product","2":"type-product","3":"status-publish","4":"has-post-thumbnail","6":"product_cat-gartenzubehoer","7":"product_cat-garten-balkon","8":"product_tag-samen-mauser","10":"first","11":"instock","12":"taxable","13":"shipping-taxable","14":"purchasable","15":"product-type-simple"},"_links":{"self":[{"href":"https:\/\/fh-staging.vengo.cloud\/fr-ch\/wp-json\/wp\/v2\/product\/58351","targetHints":{"allow":["GET"]}}],"collection":[{"href":"https:\/\/fh-staging.vengo.cloud\/fr-ch\/wp-json\/wp\/v2\/product"}],"about":[{"href":"https:\/\/fh-staging.vengo.cloud\/fr-ch\/wp-json\/wp\/v2\/types\/product"}],"wp:featuredmedia":[{"embeddable":true,"href":"https:\/\/fh-staging.vengo.cloud\/fr-ch\/wp-json\/wp\/v2\/media\/58557"}],"wp:attachment":[{"href":"https:\/\/fh-staging.vengo.cloud\/fr-ch\/wp-json\/wp\/v2\/media?parent=58351"}],"wp:term":[{"taxonomy":"product_brand","embeddable":true,"href":"https:\/\/fh-staging.vengo.cloud\/fr-ch\/wp-json\/wp\/v2\/product_brand?post=58351"},{"taxonomy":"product_cat","embeddable":true,"href":"https:\/\/fh-staging.vengo.cloud\/fr-ch\/wp-json\/wp\/v2\/product_cat?post=58351"},{"taxonomy":"product_tag","embeddable":true,"href":"https:\/\/fh-staging.vengo.cloud\/fr-ch\/wp-json\/wp\/v2\/product_tag?post=58351"},{"taxonomy":"woo-feed-brand","embeddable":true,"href":"https:\/\/fh-staging.vengo.cloud\/fr-ch\/wp-json\/wp\/v2\/woo-feed-brand?post=58351"}],"curies":[{"name":"wp","href":"https:\/\/api.w.org\/{rel}","templated":true}]}}