{"id":58346,"date":"2025-06-25T10:06:09","date_gmt":"2025-06-25T08:06:09","guid":{"rendered":"https:\/\/fh-staging.vengo.cloud\/de-ch\/p\/gardenwool-winterschutzmatte-farbig-rot"},"modified":"2025-07-30T09:08:00","modified_gmt":"2025-07-30T07:08:00","slug":"tapis-dhiver-gardenwool-colore-rouge","status":"publish","type":"product","link":"https:\/\/fh-staging.vengo.cloud\/fr-ch\/p\/gardenwool-winterschutzmatte-farbig-rot","title":{"rendered":"Tapis de protection hivernale GardenWool color\u00e9 rouge"},"content":{"rendered":"<p>Avec le tapis d'hiver color\u00e9 GardenWool en rouge, tu n'as plus \u00e0 t'inqui\u00e9ter pour tes plantes pendant les jours de temp\u00eate et de neige. Tout comme les moutons en hiver, ce feutre en laine prot\u00e8ge tes plantes du froid et du gel. L'utilisation est tr\u00e8s simple : place le tapis de feutre autour de l'arbre ou de l'arbuste et attache-le avec une ficelle ou une cordelette. Les tapis peuvent \u00eatre coup\u00e9s individuellement pour s'adapter parfaitement \u00e0 tes besoins. GardenWool t'offre la solution \u00e9cologique et pratique pour l'hiver. Toison en laine de mouton d\u00e9corative et isolante en diff\u00e9rentes couleurs pour diff\u00e9rentes applications dans le jardin, la v\u00e9randa et le salon. Parfaitement adapt\u00e9 \u00e0 ta d\u00e9coration de No\u00ebl et de P\u00e2ques !<\/p>\n<p>200 x 20 x 0,3 cm, 300 g\/m2<\/p>","protected":false},"excerpt":{"rendered":"<p>La nature \u00e0 l'\u00e9tat pur en 100 % de laine de mouton Avec le tapis d'hiver color\u00e9 GardenWool<\/p>","protected":false},"featured_media":58486,"template":"","meta":[],"product_brand":[],"product_cat":[39,34,1124],"product_tag":[973],"woo-feed-brand":[],"class_list":{"0":"post-58346","1":"product","2":"type-product","3":"status-publish","4":"has-post-thumbnail","6":"product_cat-gartenzubehoer","7":"product_cat-garten-balkon","8":"product_cat-schutz","9":"product_tag-samen-mauser","11":"first","12":"instock","13":"taxable","14":"shipping-taxable","15":"purchasable","16":"product-type-simple"},"_links":{"self":[{"href":"https:\/\/fh-staging.vengo.cloud\/fr-ch\/wp-json\/wp\/v2\/product\/58346","targetHints":{"allow":["GET"]}}],"collection":[{"href":"https:\/\/fh-staging.vengo.cloud\/fr-ch\/wp-json\/wp\/v2\/product"}],"about":[{"href":"https:\/\/fh-staging.vengo.cloud\/fr-ch\/wp-json\/wp\/v2\/types\/product"}],"wp:featuredmedia":[{"embeddable":true,"href":"https:\/\/fh-staging.vengo.cloud\/fr-ch\/wp-json\/wp\/v2\/media\/58486"}],"wp:attachment":[{"href":"https:\/\/fh-staging.vengo.cloud\/fr-ch\/wp-json\/wp\/v2\/media?parent=58346"}],"wp:term":[{"taxonomy":"product_brand","embeddable":true,"href":"https:\/\/fh-staging.vengo.cloud\/fr-ch\/wp-json\/wp\/v2\/product_brand?post=58346"},{"taxonomy":"product_cat","embeddable":true,"href":"https:\/\/fh-staging.vengo.cloud\/fr-ch\/wp-json\/wp\/v2\/product_cat?post=58346"},{"taxonomy":"product_tag","embeddable":true,"href":"https:\/\/fh-staging.vengo.cloud\/fr-ch\/wp-json\/wp\/v2\/product_tag?post=58346"},{"taxonomy":"woo-feed-brand","embeddable":true,"href":"https:\/\/fh-staging.vengo.cloud\/fr-ch\/wp-json\/wp\/v2\/woo-feed-brand?post=58346"}],"curies":[{"name":"wp","href":"https:\/\/api.w.org\/{rel}","templated":true}]}}