{"id":58344,"date":"2025-06-25T10:06:09","date_gmt":"2025-06-25T08:06:09","guid":{"rendered":"https:\/\/fh-staging.vengo.cloud\/de-ch\/p\/gardenwool-winterschutzmatte-grau"},"modified":"2025-07-30T09:13:55","modified_gmt":"2025-07-30T07:13:55","slug":"tapis-dhiver-gardenwool-gris-200-x-50cm","status":"publish","type":"product","link":"https:\/\/fh-staging.vengo.cloud\/fr-ch\/p\/gardenwool-winterschutzmatte-grau-200-x-50cm","title":{"rendered":"GardenWool Tapis de protection hivernale gris, 200 x 50cm"},"content":{"rendered":"<p>Avec le tapis d'hiver color\u00e9 GardenWool en gris, tu n'as plus \u00e0 t'inqui\u00e9ter pour tes plantes pendant les jours de temp\u00eate et de neige. Tout comme les moutons en hiver, ce feutre en laine prot\u00e8ge tes plantes du froid et du gel. L'utilisation est tr\u00e8s simple : place le tapis de feutre autour de l'arbre ou de l'arbuste et attache-le avec une ficelle ou une cordelette. Les tapis peuvent \u00eatre coup\u00e9s individuellement pour s'adapter parfaitement \u00e0 tes besoins. GardenWool t'offre la protection naturelle dont tes plantes ont besoin en hiver. Protection hivernale pour les arbres, les arbustes et les plantes en pot.<\/p>\n<p>200 x 50 x 0.5 cm, 500 g\/m2<\/p>","protected":false},"excerpt":{"rendered":"<p>Avec le tapis d'hiver GardenWool en gris, tu n'auras plus \u00e0 t'inqui\u00e9ter pour tes plantes pendant les jours de temp\u00eate et de neige.<\/p>","protected":false},"featured_media":58507,"template":"","meta":[],"product_brand":[],"product_cat":[39,34,1124],"product_tag":[973],"woo-feed-brand":[],"class_list":{"0":"post-58344","1":"product","2":"type-product","3":"status-publish","4":"has-post-thumbnail","6":"product_cat-gartenzubehoer","7":"product_cat-garten-balkon","8":"product_cat-schutz","9":"product_tag-samen-mauser","11":"first","12":"instock","13":"taxable","14":"shipping-taxable","15":"purchasable","16":"product-type-simple"},"_links":{"self":[{"href":"https:\/\/fh-staging.vengo.cloud\/fr-ch\/wp-json\/wp\/v2\/product\/58344","targetHints":{"allow":["GET"]}}],"collection":[{"href":"https:\/\/fh-staging.vengo.cloud\/fr-ch\/wp-json\/wp\/v2\/product"}],"about":[{"href":"https:\/\/fh-staging.vengo.cloud\/fr-ch\/wp-json\/wp\/v2\/types\/product"}],"wp:featuredmedia":[{"embeddable":true,"href":"https:\/\/fh-staging.vengo.cloud\/fr-ch\/wp-json\/wp\/v2\/media\/58507"}],"wp:attachment":[{"href":"https:\/\/fh-staging.vengo.cloud\/fr-ch\/wp-json\/wp\/v2\/media?parent=58344"}],"wp:term":[{"taxonomy":"product_brand","embeddable":true,"href":"https:\/\/fh-staging.vengo.cloud\/fr-ch\/wp-json\/wp\/v2\/product_brand?post=58344"},{"taxonomy":"product_cat","embeddable":true,"href":"https:\/\/fh-staging.vengo.cloud\/fr-ch\/wp-json\/wp\/v2\/product_cat?post=58344"},{"taxonomy":"product_tag","embeddable":true,"href":"https:\/\/fh-staging.vengo.cloud\/fr-ch\/wp-json\/wp\/v2\/product_tag?post=58344"},{"taxonomy":"woo-feed-brand","embeddable":true,"href":"https:\/\/fh-staging.vengo.cloud\/fr-ch\/wp-json\/wp\/v2\/woo-feed-brand?post=58344"}],"curies":[{"name":"wp","href":"https:\/\/api.w.org\/{rel}","templated":true}]}}