{"id":58334,"date":"2025-07-01T16:26:25","date_gmt":"2025-07-01T14:26:25","guid":{"rendered":"https:\/\/fh-staging.vengo.cloud\/de-ch\/p\/schutzschlauch-aus-vliesstoff-0-8m-x-1m"},"modified":"2025-08-05T10:50:33","modified_gmt":"2025-08-05T08:50:33","slug":"tuyau-de-protection-en-non-tisse-0-8m-x-1m","status":"publish","type":"product","link":"https:\/\/fh-staging.vengo.cloud\/fr-ch\/p\/schutzschlauch-aus-vliesstoff-0-8m-x-1m","title":{"rendered":"Tuyau de protection en non-tiss\u00e9 0.8m x 1m"},"content":{"rendered":"<p>En hiver, le tube de protection en TNT de 17 g\/m2 cr\u00e9e un microclimat et offre une protection fiable contre le froid. Au printemps, il soutient activement la croissance saine des plantes. Gr\u00e2ce \u00e0 sa capacit\u00e9 de transpiration, le tuyau emp\u00eache la formation de condensation et conserve l'humidit\u00e9 id\u00e9ale. Perm\u00e9able \u00e0 l'air et \u00e0 l'eau et r\u00e9sistant aux UV, il prot\u00e8ge efficacement les plantes contre les al\u00e9as de l'hiver. Parfait pour les pots et les plantes de jardin en hiver et pour favoriser la croissance printani\u00e8re, particuli\u00e8rement adapt\u00e9 aux tomates et autres plantes.<\/p>\n<p>Taille 80 x 100 cm<\/p>","protected":false},"excerpt":{"rendered":"<p>La gaine de protection en TNT de 17 g\/m2 cr\u00e9e un microclimat en hiver et offre une protection fiable contre le froid.<\/p>","protected":false},"featured_media":58636,"template":"","meta":[],"product_brand":[],"product_cat":[39,34,1124],"product_tag":[973],"woo-feed-brand":[],"class_list":{"0":"post-58334","1":"product","2":"type-product","3":"status-publish","4":"has-post-thumbnail","6":"product_cat-gartenzubehoer","7":"product_cat-garten-balkon","8":"product_cat-schutz","9":"product_tag-samen-mauser","11":"first","12":"instock","13":"taxable","14":"shipping-taxable","15":"purchasable","16":"product-type-simple"},"_links":{"self":[{"href":"https:\/\/fh-staging.vengo.cloud\/fr-ch\/wp-json\/wp\/v2\/product\/58334","targetHints":{"allow":["GET"]}}],"collection":[{"href":"https:\/\/fh-staging.vengo.cloud\/fr-ch\/wp-json\/wp\/v2\/product"}],"about":[{"href":"https:\/\/fh-staging.vengo.cloud\/fr-ch\/wp-json\/wp\/v2\/types\/product"}],"wp:featuredmedia":[{"embeddable":true,"href":"https:\/\/fh-staging.vengo.cloud\/fr-ch\/wp-json\/wp\/v2\/media\/58636"}],"wp:attachment":[{"href":"https:\/\/fh-staging.vengo.cloud\/fr-ch\/wp-json\/wp\/v2\/media?parent=58334"}],"wp:term":[{"taxonomy":"product_brand","embeddable":true,"href":"https:\/\/fh-staging.vengo.cloud\/fr-ch\/wp-json\/wp\/v2\/product_brand?post=58334"},{"taxonomy":"product_cat","embeddable":true,"href":"https:\/\/fh-staging.vengo.cloud\/fr-ch\/wp-json\/wp\/v2\/product_cat?post=58334"},{"taxonomy":"product_tag","embeddable":true,"href":"https:\/\/fh-staging.vengo.cloud\/fr-ch\/wp-json\/wp\/v2\/product_tag?post=58334"},{"taxonomy":"woo-feed-brand","embeddable":true,"href":"https:\/\/fh-staging.vengo.cloud\/fr-ch\/wp-json\/wp\/v2\/woo-feed-brand?post=58334"}],"curies":[{"name":"wp","href":"https:\/\/api.w.org\/{rel}","templated":true}]}}