{"id":58330,"date":"2025-07-01T16:26:25","date_gmt":"2025-07-01T14:26:25","guid":{"rendered":"https:\/\/fh-staging.vengo.cloud\/de-ch\/p\/kbelpflanzensack-mammut"},"modified":"2025-08-05T10:50:28","modified_gmt":"2025-08-05T08:50:28","slug":"sac-pour-plantes-en-pots-mammouth","status":"publish","type":"product","link":"https:\/\/fh-staging.vengo.cloud\/fr-ch\/p\/kuebelpflanzensack-mammut","title":{"rendered":"Sac pour plantes en bac MAMMUT"},"content":{"rendered":"<p>Id\u00e9al pour les plates-bandes et les bacs. Mat\u00e9riau tiss\u00e9 extr\u00eamement r\u00e9sistant aux intemp\u00e9ries et \u00e0 la d\u00e9chirure. R\u00e9sistant aux UV et r\u00e9utilisable, ce qui le rend extr\u00eamement durable. Facile \u00e0 utiliser gr\u00e2ce \u00e0 la fermeture \u00e9clair et \u00e0 2 fermetures \u00e0 lacets pratiques. Protection contre le froid, le vent, la neige, la pluie et le dess\u00e8chement. Protection des pousses et des couronnes. R\u00e9siste aux UV et laisse passer la lumi\u00e8re. R\u00e9sistant \u00e0 la d\u00e9chirure et respirant.<\/p>\n<p>Taille 360 x 250 cm<\/p>","protected":false},"excerpt":{"rendered":"<p>Micro-non-tiss\u00e9 extra large pour une protection hivernale s\u00fbre de tes plantes en bacs<\/p>","protected":false},"featured_media":58637,"template":"","meta":[],"product_brand":[],"product_cat":[39,34,1124],"product_tag":[973],"woo-feed-brand":[],"class_list":{"0":"post-58330","1":"product","2":"type-product","3":"status-publish","4":"has-post-thumbnail","6":"product_cat-gartenzubehoer","7":"product_cat-garten-balkon","8":"product_cat-schutz","9":"product_tag-samen-mauser","11":"first","12":"instock","13":"taxable","14":"shipping-taxable","15":"purchasable","16":"product-type-simple"},"_links":{"self":[{"href":"https:\/\/fh-staging.vengo.cloud\/fr-ch\/wp-json\/wp\/v2\/product\/58330","targetHints":{"allow":["GET"]}}],"collection":[{"href":"https:\/\/fh-staging.vengo.cloud\/fr-ch\/wp-json\/wp\/v2\/product"}],"about":[{"href":"https:\/\/fh-staging.vengo.cloud\/fr-ch\/wp-json\/wp\/v2\/types\/product"}],"wp:featuredmedia":[{"embeddable":true,"href":"https:\/\/fh-staging.vengo.cloud\/fr-ch\/wp-json\/wp\/v2\/media\/58637"}],"wp:attachment":[{"href":"https:\/\/fh-staging.vengo.cloud\/fr-ch\/wp-json\/wp\/v2\/media?parent=58330"}],"wp:term":[{"taxonomy":"product_brand","embeddable":true,"href":"https:\/\/fh-staging.vengo.cloud\/fr-ch\/wp-json\/wp\/v2\/product_brand?post=58330"},{"taxonomy":"product_cat","embeddable":true,"href":"https:\/\/fh-staging.vengo.cloud\/fr-ch\/wp-json\/wp\/v2\/product_cat?post=58330"},{"taxonomy":"product_tag","embeddable":true,"href":"https:\/\/fh-staging.vengo.cloud\/fr-ch\/wp-json\/wp\/v2\/product_tag?post=58330"},{"taxonomy":"woo-feed-brand","embeddable":true,"href":"https:\/\/fh-staging.vengo.cloud\/fr-ch\/wp-json\/wp\/v2\/woo-feed-brand?post=58330"}],"curies":[{"name":"wp","href":"https:\/\/api.w.org\/{rel}","templated":true}]}}