{"id":5824,"date":"2019-09-28T08:34:33","date_gmt":"2019-09-28T08:34:33","guid":{"rendered":"https:\/\/fh-staging.vengo.cloud\/?product=eine-edle-rosenbox-rund-in-schwarz-mit-5-roten-echten-stabilisierten-rosen-o-ca-13-cm"},"modified":"2025-04-01T07:06:50","modified_gmt":"2025-04-01T05:06:50","slug":"une-noble-boite-a-roses-ronde-en-noir-avec-5-vraies-roses-rouges-stabilisees-o-environ-13-cm","status":"publish","type":"product","link":"https:\/\/fh-staging.vengo.cloud\/fr-ch\/p\/eine-edle-rosenbox-rund-in-schwarz-mit-5-roten-echten-stabilisierten-rosen-o-ca-13-cm","title":{"rendered":"Une noble bo\u00eete \u00e0 roses - ronde, en noir, avec 5 roses rouges, v\u00e9ritables, stabilis\u00e9es \u00d8 environ 13 cm"},"content":{"rendered":"<p><span style=\"font-size: 11pt\"><strong>Bo\u00eete \u00e0 roses - ronde, en noir, avec 5 roses rouges, v\u00e9ritables, stabilis\u00e9es \u00d8 environ 13 cm<\/strong><\/span><\/p>\n<p>Magnifique bo\u00eete \u00e0 roses ronde en noir, avec de vraies roses rouges stabilis\u00e9es (rendues durables) par une m\u00e9thode sp\u00e9ciale.<\/p>\n<p>L'\u00e9l\u00e9gante Flower-Box ronde en noir est d\u00e9cor\u00e9e d'un cordon blanc et convient comme cadeau d'amour en toute occasion, que ce soit pour un mariage, la Saint-Valentin ou \"juste comme \u00e7a\". La bo\u00eete \u00e0 roses a \u00e9t\u00e9 con\u00e7ue \u00e0 la main et avec beaucoup d'amour par notre \u00e9quipe de fleuristes. Elle convient \u00e9galement comme bijou durable et accessoire d'int\u00e9rieur.<\/p>\n<p>D\u00e9tails : 5 roses, \u00d8 environ 13 cm, H environ 12 cm, dur\u00e9e de vie d'environ 2 \u00e0 3 ans. La bo\u00eete \u00e0 roses peut aussi avoir un fin bord argent\u00e9 sur le c\u00f4t\u00e9 en guise de d\u00e9coration.<\/p>\n<p>- Pour la conception, on utilise en partie des mat\u00e9riaux de d\u00e9coration mont\u00e9s ainsi que des aides techniques comme le bois, le fil de fer, la colle, le raphia et autres qui peuvent \u00e9galement \u00eatre visibles. Le ruban et les accessoires peuvent varier. La bo\u00eete est con\u00e7ue en carton\/papier et peut pr\u00e9senter des ombres\/restes de colle et des bords en raison du processus de collage.<\/p>\n<p><em><strong>Merci de suivre nos conseils d'entretien :<\/strong> <\/em><\/p>\n<p>Nos roses stabilis\u00e9es n'ont besoin ni de soins ni d'eau. Elles fleurissent pendant des ann\u00e9es, tout simplement. C'est \u00e0 temp\u00e9rature ambiante et dans des endroits ombrag\u00e9s que nos bouquets de roses stabilis\u00e9es durent le plus longtemps.<\/p>\n<p><em>Les roses peuvent perdre leur forme et leur couleur si tu les laisses : <\/em><\/p>\n<p>arrose (n'arrose surtout pas), manipule souvent ou grossi\u00e8rement (enl\u00e8ve la poussi\u00e8re avec un pinceau doux), expose \u00e0 une humidit\u00e9 trop \u00e9lev\u00e9e ou \u00e0 la lumi\u00e8re directe du soleil.<\/p>","protected":false},"excerpt":{"rendered":"<p>Magnifique bo\u00eete \u00e0 roses ronde orn\u00e9e d'un ruban rouge assorti<\/p>","protected":false},"featured_media":5827,"template":"","meta":[],"product_brand":[],"product_cat":[102,23,26],"product_tag":[290],"woo-feed-brand":[],"class_list":{"0":"post-5824","1":"product","2":"type-product","3":"status-publish","4":"has-post-thumbnail","6":"product_cat-infinity-rosen","7":"product_cat-home-living","8":"product_cat-blumen-pflanzen","9":"product_tag-atelier-leutwyler","11":"first","12":"instock","13":"taxable","14":"shipping-taxable","15":"purchasable","16":"product-type-simple"},"_links":{"self":[{"href":"https:\/\/fh-staging.vengo.cloud\/fr-ch\/wp-json\/wp\/v2\/product\/5824","targetHints":{"allow":["GET"]}}],"collection":[{"href":"https:\/\/fh-staging.vengo.cloud\/fr-ch\/wp-json\/wp\/v2\/product"}],"about":[{"href":"https:\/\/fh-staging.vengo.cloud\/fr-ch\/wp-json\/wp\/v2\/types\/product"}],"wp:featuredmedia":[{"embeddable":true,"href":"https:\/\/fh-staging.vengo.cloud\/fr-ch\/wp-json\/wp\/v2\/media\/5827"}],"wp:attachment":[{"href":"https:\/\/fh-staging.vengo.cloud\/fr-ch\/wp-json\/wp\/v2\/media?parent=5824"}],"wp:term":[{"taxonomy":"product_brand","embeddable":true,"href":"https:\/\/fh-staging.vengo.cloud\/fr-ch\/wp-json\/wp\/v2\/product_brand?post=5824"},{"taxonomy":"product_cat","embeddable":true,"href":"https:\/\/fh-staging.vengo.cloud\/fr-ch\/wp-json\/wp\/v2\/product_cat?post=5824"},{"taxonomy":"product_tag","embeddable":true,"href":"https:\/\/fh-staging.vengo.cloud\/fr-ch\/wp-json\/wp\/v2\/product_tag?post=5824"},{"taxonomy":"woo-feed-brand","embeddable":true,"href":"https:\/\/fh-staging.vengo.cloud\/fr-ch\/wp-json\/wp\/v2\/woo-feed-brand?post=5824"}],"curies":[{"name":"wp","href":"https:\/\/api.w.org\/{rel}","templated":true}]}}