{"id":58082,"date":"2025-06-24T11:35:08","date_gmt":"2025-06-24T09:35:08","guid":{"rendered":"https:\/\/fh-staging.vengo.cloud\/de-ch\/?post_type=product&#038;p=58082"},"modified":"2025-10-13T16:58:35","modified_gmt":"2025-10-13T14:58:35","slug":"bouteille-de-vinaigre-et-dhuile","status":"publish","type":"product","link":"https:\/\/fh-staging.vengo.cloud\/fr-ch\/p\/essig-und-oelflasche","title":{"rendered":"Bouteille de vinaigre et d'huile"},"content":{"rendered":"<p>Les bouteilles color\u00e9es en gr\u00e8s, estampill\u00e9es avec amour \u00e0 la main, apportent non seulement du go\u00fbt mais aussi du caract\u00e8re \u00e0 ta table.<\/p>\n<p><strong>Dimensions (L x P x H) :<\/strong>\u00a07 x 7 x 15 cm<\/p>\n<p><strong>Contenance :<\/strong>\u00a0450 ml par bouteille<\/p>\n<p><strong>Mat\u00e9riel :<\/strong>\u00a0Gr\u00e8s<\/p>\n<p><strong>Particularit\u00e9s :<\/strong>\u00a0Convient pour le lave-vaisselle<\/p>","protected":false},"excerpt":{"rendered":"<p data-start=\"75\" data-end=\"254\">Savourer l'huile et le vinaigre avec style.<\/p>","protected":false},"featured_media":58834,"template":"","meta":[],"product_brand":[],"product_cat":[1102,42,1101,43,44],"product_tag":[325],"woo-feed-brand":[],"class_list":{"0":"post-58082","1":"product","2":"type-product","3":"status-publish","4":"has-post-thumbnail","6":"product_cat-essen","7":"product_cat-kueche","8":"product_cat-geschirr","9":"product_cat-gedeckter-tisch","10":"product_cat-kuechenhelfer","11":"product_tag-veg-and-the-city","13":"first","14":"instock","15":"taxable","16":"shipping-taxable","17":"purchasable","18":"product-type-simple"},"_links":{"self":[{"href":"https:\/\/fh-staging.vengo.cloud\/fr-ch\/wp-json\/wp\/v2\/product\/58082","targetHints":{"allow":["GET"]}}],"collection":[{"href":"https:\/\/fh-staging.vengo.cloud\/fr-ch\/wp-json\/wp\/v2\/product"}],"about":[{"href":"https:\/\/fh-staging.vengo.cloud\/fr-ch\/wp-json\/wp\/v2\/types\/product"}],"wp:featuredmedia":[{"embeddable":true,"href":"https:\/\/fh-staging.vengo.cloud\/fr-ch\/wp-json\/wp\/v2\/media\/58834"}],"wp:attachment":[{"href":"https:\/\/fh-staging.vengo.cloud\/fr-ch\/wp-json\/wp\/v2\/media?parent=58082"}],"wp:term":[{"taxonomy":"product_brand","embeddable":true,"href":"https:\/\/fh-staging.vengo.cloud\/fr-ch\/wp-json\/wp\/v2\/product_brand?post=58082"},{"taxonomy":"product_cat","embeddable":true,"href":"https:\/\/fh-staging.vengo.cloud\/fr-ch\/wp-json\/wp\/v2\/product_cat?post=58082"},{"taxonomy":"product_tag","embeddable":true,"href":"https:\/\/fh-staging.vengo.cloud\/fr-ch\/wp-json\/wp\/v2\/product_tag?post=58082"},{"taxonomy":"woo-feed-brand","embeddable":true,"href":"https:\/\/fh-staging.vengo.cloud\/fr-ch\/wp-json\/wp\/v2\/woo-feed-brand?post=58082"}],"curies":[{"name":"wp","href":"https:\/\/api.w.org\/{rel}","templated":true}]}}