{"id":57838,"date":"2025-06-18T12:25:59","date_gmt":"2025-06-18T10:25:59","guid":{"rendered":"https:\/\/fh-staging.vengo.cloud\/de-ch\/?post_type=product&#038;p=57838"},"modified":"2025-10-28T15:41:59","modified_gmt":"2025-10-28T14:41:59","slug":"photophore-en-verre-marron-14-5-x-23-cm","status":"publish","type":"product","link":"https:\/\/fh-staging.vengo.cloud\/fr-ch\/p\/windlicht-glas-braun-14-5-x-23-cm","title":{"rendered":"Photophore en verre, marron - 14.5 x 23 cm"},"content":{"rendered":"<p><strong>Dimensions (DxH) :<\/strong> 14.5 x 23 cm<\/p>\n<p><strong>Mat\u00e9riel :<\/strong> Verre<\/p>\n<p><strong>Couleur :<\/strong> Marron<\/p>\n<p><strong>Remarque<\/strong> Convient pour les bougies \u00e0 chauffe-plat courantes<\/p>\n<p><strong>Particularit\u00e9s : <\/strong>Prot\u00e9ger le support de bougies chauffe-plat \u00e0 l'int\u00e9rieur de la pluie (risque de rouille)<\/p>","protected":false},"excerpt":{"rendered":"<p data-start=\"88\" data-end=\"340\">Que ce soit sur le balcon ou sur la table de la salle \u00e0 manger, ce photophore moderne cr\u00e9e une ambiance en un clin d'\u0153il. Le d\u00e9cor en verre finement rainur\u00e9 r\u00e9fracte la lumi\u00e8re en facettes fascinantes et plonge l'environnement dans une lueur chaude et douce.<\/p>","protected":false},"featured_media":57839,"template":"","meta":[],"product_brand":[],"product_cat":[108,23,909,1179,911,28],"product_tag":[325],"woo-feed-brand":[],"class_list":{"0":"post-57838","1":"product","2":"type-product","3":"status-publish","4":"has-post-thumbnail","6":"product_cat-lichterketten-laternen","7":"product_cat-home-living","8":"product_cat-weihnachten","9":"product_cat-weihnachtsdeko","10":"product_cat-accessoires","11":"product_cat-kerzen-lichter","12":"product_tag-veg-and-the-city","14":"first","15":"instock","16":"featured","17":"taxable","18":"shipping-taxable","19":"purchasable","20":"product-type-simple"},"_links":{"self":[{"href":"https:\/\/fh-staging.vengo.cloud\/fr-ch\/wp-json\/wp\/v2\/product\/57838","targetHints":{"allow":["GET"]}}],"collection":[{"href":"https:\/\/fh-staging.vengo.cloud\/fr-ch\/wp-json\/wp\/v2\/product"}],"about":[{"href":"https:\/\/fh-staging.vengo.cloud\/fr-ch\/wp-json\/wp\/v2\/types\/product"}],"wp:featuredmedia":[{"embeddable":true,"href":"https:\/\/fh-staging.vengo.cloud\/fr-ch\/wp-json\/wp\/v2\/media\/57839"}],"wp:attachment":[{"href":"https:\/\/fh-staging.vengo.cloud\/fr-ch\/wp-json\/wp\/v2\/media?parent=57838"}],"wp:term":[{"taxonomy":"product_brand","embeddable":true,"href":"https:\/\/fh-staging.vengo.cloud\/fr-ch\/wp-json\/wp\/v2\/product_brand?post=57838"},{"taxonomy":"product_cat","embeddable":true,"href":"https:\/\/fh-staging.vengo.cloud\/fr-ch\/wp-json\/wp\/v2\/product_cat?post=57838"},{"taxonomy":"product_tag","embeddable":true,"href":"https:\/\/fh-staging.vengo.cloud\/fr-ch\/wp-json\/wp\/v2\/product_tag?post=57838"},{"taxonomy":"woo-feed-brand","embeddable":true,"href":"https:\/\/fh-staging.vengo.cloud\/fr-ch\/wp-json\/wp\/v2\/woo-feed-brand?post=57838"}],"curies":[{"name":"wp","href":"https:\/\/api.w.org\/{rel}","templated":true}]}}