{"id":57764,"date":"2025-06-16T15:28:19","date_gmt":"2025-06-16T13:28:19","guid":{"rendered":"https:\/\/fh-staging.vengo.cloud\/de-ch\/?post_type=product&#038;p=57764"},"modified":"2025-07-17T07:54:10","modified_gmt":"2025-07-17T05:54:10","slug":"bougie-parfumee-mousse-h-4-cm","status":"publish","type":"product","link":"https:\/\/fh-staging.vengo.cloud\/fr-ch\/p\/duftkerze-moos-h-4-cm","title":{"rendered":"Bougie parfum\u00e9e \"Mousse\" - H 4 cm"},"content":{"rendered":"<p><strong>Dimensions (DxH) :\u00a0 <\/strong>8 x 4 cm<\/p>\n<p><strong>Mat\u00e9riel :\u00a0 <\/strong>Cire de soja (bio), m\u00e8che en coton<\/p>\n<p><strong>D\u00e9coration :\u00a0 <\/strong>Mousse s\u00e9ch\u00e9e<\/p>\n<p><strong>Parfum<\/strong> Mousse<\/p>\n<p><strong>Dur\u00e9e de combustion :<\/strong> Environ 15 heures<\/p>\n<p><strong>Particularit\u00e9s :<\/strong><\/p>\n<ul>\n<li>Avantages de la cire de soja : provoque moins d'\u00e9missions atmosph\u00e9riques, dur\u00e9e de combustion plus longue, biod\u00e9gradable<\/li>\n<li>Fabriqu\u00e9 \u00e0 la main en Lettonie<\/li>\n<li>Parfums naturels et huiles essentielles<\/li>\n<\/ul>","protected":false},"excerpt":{"rendered":"<p>Cette bougie parfum\u00e9e avec de v\u00e9ritables fils de mousse apporte la for\u00eat chez toi et d\u00e9gage un parfum frais et apaisant - id\u00e9al pour se d\u00e9tendre apr\u00e8s une longue journ\u00e9e et se promener en pens\u00e9e dans les for\u00eats silencieuses.<\/p>","protected":false},"featured_media":57765,"template":"","meta":[],"product_brand":[],"product_cat":[99,23,28],"product_tag":[325],"woo-feed-brand":[],"class_list":{"0":"post-57764","1":"product","2":"type-product","3":"status-publish","4":"has-post-thumbnail","6":"product_cat-duftkerzen","7":"product_cat-home-living","8":"product_cat-kerzen-lichter","9":"product_tag-veg-and-the-city","11":"first","12":"instock","13":"taxable","14":"shipping-taxable","15":"purchasable","16":"product-type-simple"},"_links":{"self":[{"href":"https:\/\/fh-staging.vengo.cloud\/fr-ch\/wp-json\/wp\/v2\/product\/57764","targetHints":{"allow":["GET"]}}],"collection":[{"href":"https:\/\/fh-staging.vengo.cloud\/fr-ch\/wp-json\/wp\/v2\/product"}],"about":[{"href":"https:\/\/fh-staging.vengo.cloud\/fr-ch\/wp-json\/wp\/v2\/types\/product"}],"wp:featuredmedia":[{"embeddable":true,"href":"https:\/\/fh-staging.vengo.cloud\/fr-ch\/wp-json\/wp\/v2\/media\/57765"}],"wp:attachment":[{"href":"https:\/\/fh-staging.vengo.cloud\/fr-ch\/wp-json\/wp\/v2\/media?parent=57764"}],"wp:term":[{"taxonomy":"product_brand","embeddable":true,"href":"https:\/\/fh-staging.vengo.cloud\/fr-ch\/wp-json\/wp\/v2\/product_brand?post=57764"},{"taxonomy":"product_cat","embeddable":true,"href":"https:\/\/fh-staging.vengo.cloud\/fr-ch\/wp-json\/wp\/v2\/product_cat?post=57764"},{"taxonomy":"product_tag","embeddable":true,"href":"https:\/\/fh-staging.vengo.cloud\/fr-ch\/wp-json\/wp\/v2\/product_tag?post=57764"},{"taxonomy":"woo-feed-brand","embeddable":true,"href":"https:\/\/fh-staging.vengo.cloud\/fr-ch\/wp-json\/wp\/v2\/woo-feed-brand?post=57764"}],"curies":[{"name":"wp","href":"https:\/\/api.w.org\/{rel}","templated":true}]}}