{"id":56178,"date":"2025-05-23T11:52:54","date_gmt":"2025-05-23T09:52:54","guid":{"rendered":"https:\/\/fh-staging.vengo.cloud\/de-ch\/?post_type=product&#038;p=56178"},"modified":"2025-10-16T13:25:19","modified_gmt":"2025-10-16T11:25:19","slug":"bougie-parfumee-hexagonale-2780-gr-bergamote-oudh","status":"publish","type":"product","link":"https:\/\/fh-staging.vengo.cloud\/fr-ch\/p\/fragrance-candle-hexagon-2780-gr-bergamot-oudh","title":{"rendered":"Fragrance Candle Hexagon 2780 gr Bergamot &amp; Oudh"},"content":{"rendered":"<p>Fragrance Candle Hexagon 2780 gr est une grande bougie luxueuse de Scentchips dans un design \u00e9l\u00e9gant en verre. Cette bougie fabriqu\u00e9e avec soin enrichit ton int\u00e9rieur d'une exp\u00e9rience olfactive longue et raffin\u00e9e. Parfait pour cr\u00e9er une atmosph\u00e8re chaleureuse et accueillante dans n'importe quelle pi\u00e8ce.<\/p>\n<p>La cire de haute qualit\u00e9 et les parfums soigneusement s\u00e9lectionn\u00e9s assurent une combustion r\u00e9guli\u00e8re et un parfum durable. Profite de l'effet relaxant et ajoute une touche de luxe \u00e0 ta maison avec cette bougie parfum\u00e9e \u00e9l\u00e9gante.<\/p>\n<p>Dur\u00e9e de combustion : plus de 85 heures.<\/p>","protected":false},"excerpt":{"rendered":"<p>La bougie parfum\u00e9e qui allie design, \u00e9l\u00e9gance et plaisir. Dur\u00e9e de combustion minimum 85 heures<\/p>","protected":false},"featured_media":56146,"template":"","meta":[],"product_brand":[],"product_cat":[99,23,909,28,916],"product_tag":[1094],"woo-feed-brand":[],"class_list":{"0":"post-56178","1":"product","2":"type-product","3":"status-publish","4":"has-post-thumbnail","6":"product_cat-duftkerzen","7":"product_cat-home-living","8":"product_cat-weihnachten","9":"product_cat-kerzen-lichter","10":"product_cat-praesente","11":"product_tag-corinas","13":"first","14":"instock","15":"sale","16":"taxable","17":"shipping-taxable","18":"purchasable","19":"product-type-simple"},"_links":{"self":[{"href":"https:\/\/fh-staging.vengo.cloud\/fr-ch\/wp-json\/wp\/v2\/product\/56178","targetHints":{"allow":["GET"]}}],"collection":[{"href":"https:\/\/fh-staging.vengo.cloud\/fr-ch\/wp-json\/wp\/v2\/product"}],"about":[{"href":"https:\/\/fh-staging.vengo.cloud\/fr-ch\/wp-json\/wp\/v2\/types\/product"}],"wp:featuredmedia":[{"embeddable":true,"href":"https:\/\/fh-staging.vengo.cloud\/fr-ch\/wp-json\/wp\/v2\/media\/56146"}],"wp:attachment":[{"href":"https:\/\/fh-staging.vengo.cloud\/fr-ch\/wp-json\/wp\/v2\/media?parent=56178"}],"wp:term":[{"taxonomy":"product_brand","embeddable":true,"href":"https:\/\/fh-staging.vengo.cloud\/fr-ch\/wp-json\/wp\/v2\/product_brand?post=56178"},{"taxonomy":"product_cat","embeddable":true,"href":"https:\/\/fh-staging.vengo.cloud\/fr-ch\/wp-json\/wp\/v2\/product_cat?post=56178"},{"taxonomy":"product_tag","embeddable":true,"href":"https:\/\/fh-staging.vengo.cloud\/fr-ch\/wp-json\/wp\/v2\/product_tag?post=56178"},{"taxonomy":"woo-feed-brand","embeddable":true,"href":"https:\/\/fh-staging.vengo.cloud\/fr-ch\/wp-json\/wp\/v2\/woo-feed-brand?post=56178"}],"curies":[{"name":"wp","href":"https:\/\/api.w.org\/{rel}","templated":true}]}}