{"id":56129,"date":"2025-05-23T11:53:04","date_gmt":"2025-05-23T09:53:04","guid":{"rendered":"https:\/\/fh-staging.vengo.cloud\/de-ch\/p\/reed-diffuser-inkl-glas-und-staebchen-150-ml-secrets-glass-grey"},"modified":"2025-10-16T14:54:40","modified_gmt":"2025-10-16T12:54:40","slug":"reed-diffuseur-avec-verre-et-batonnets-150-ml-secrets-glass-grey","status":"publish","type":"product","link":"https:\/\/fh-staging.vengo.cloud\/fr-ch\/p\/reed-diffuser-inkl-glas-und-staebchen-150-ml-secrets-glass-grey","title":{"rendered":"Diffuseur d'huiles essentielles avec verre et b\u00e2tonnets 150 ml Secrets &amp; Glass Grey"},"content":{"rendered":"<p>Les ensembles de b\u00e2tonnets parfum\u00e9s pr\u00eats \u00e0 l'emploi sont un pur d\u00e9lice, parfaits pour offrir ou \u00eatre offerts ! L'exp\u00e9rience olfactive ultime pour la maison ou le bureau.<\/p>\n<p>La livraison comprend le verre, le parfum d'ambiance et les b\u00e2tons de parfum. Avec une contenance de 150 ml, ce set de b\u00e2tons de parfum assure une diffusion durable et agr\u00e9able du parfum - sans flamme ni \u00e9lectricit\u00e9. Id\u00e9al pour les pi\u00e8ces \u00e0 vivre d\u00e9cor\u00e9es de mani\u00e8re minimaliste, les espaces de travail ou la chambre \u00e0 coucher.<\/p>\n<p>Inclus dans le set :<br \/>\n- 1x flacon en verre<br \/>\n- 1x parfum d'ambiance 150 ml<br \/>\n- 1x set d'encens naturels<\/p>\n<p>Conseil pour un cadeau :<br \/>\nPour tous ceux qui aiment ce qui est sp\u00e9cial - parfait comme cadeau parfum\u00e9 raffin\u00e9 pour les amis, les coll\u00e8gues ou pour une initiation.<\/p>","protected":false},"excerpt":{"rendered":"<p>Le cadeau parfait pour tes amis ou tes clients<\/p>","protected":false},"featured_media":56140,"template":"","meta":[],"product_brand":[],"product_cat":[51,909,1179,911,48],"product_tag":[1094],"woo-feed-brand":[],"class_list":{"0":"post-56129","1":"product","2":"type-product","3":"status-publish","4":"has-post-thumbnail","6":"product_cat-raumduefte","7":"product_cat-weihnachten","8":"product_cat-weihnachtsdeko","9":"product_cat-accessoires","10":"product_cat-bad-wellness","11":"product_tag-corinas","13":"first","14":"instock","15":"taxable","16":"shipping-taxable","17":"purchasable","18":"product-type-simple"},"_links":{"self":[{"href":"https:\/\/fh-staging.vengo.cloud\/fr-ch\/wp-json\/wp\/v2\/product\/56129","targetHints":{"allow":["GET"]}}],"collection":[{"href":"https:\/\/fh-staging.vengo.cloud\/fr-ch\/wp-json\/wp\/v2\/product"}],"about":[{"href":"https:\/\/fh-staging.vengo.cloud\/fr-ch\/wp-json\/wp\/v2\/types\/product"}],"wp:featuredmedia":[{"embeddable":true,"href":"https:\/\/fh-staging.vengo.cloud\/fr-ch\/wp-json\/wp\/v2\/media\/56140"}],"wp:attachment":[{"href":"https:\/\/fh-staging.vengo.cloud\/fr-ch\/wp-json\/wp\/v2\/media?parent=56129"}],"wp:term":[{"taxonomy":"product_brand","embeddable":true,"href":"https:\/\/fh-staging.vengo.cloud\/fr-ch\/wp-json\/wp\/v2\/product_brand?post=56129"},{"taxonomy":"product_cat","embeddable":true,"href":"https:\/\/fh-staging.vengo.cloud\/fr-ch\/wp-json\/wp\/v2\/product_cat?post=56129"},{"taxonomy":"product_tag","embeddable":true,"href":"https:\/\/fh-staging.vengo.cloud\/fr-ch\/wp-json\/wp\/v2\/product_tag?post=56129"},{"taxonomy":"woo-feed-brand","embeddable":true,"href":"https:\/\/fh-staging.vengo.cloud\/fr-ch\/wp-json\/wp\/v2\/woo-feed-brand?post=56129"}],"curies":[{"name":"wp","href":"https:\/\/api.w.org\/{rel}","templated":true}]}}