{"id":56047,"date":"2025-05-16T15:49:45","date_gmt":"2025-05-16T13:49:45","guid":{"rendered":"https:\/\/fh-staging.vengo.cloud\/de-ch\/p\/kaffeetasse-costal-11x9x9cm"},"modified":"2026-01-05T14:06:07","modified_gmt":"2026-01-05T13:06:07","slug":"tasse-a-cafe-costal","status":"publish","type":"product","link":"https:\/\/fh-staging.vengo.cloud\/fr-ch\/p\/kaffeetasse-costal","title":{"rendered":"Tasse \u00e0 caf\u00e9, costal"},"content":{"rendered":"<p>Tasse \u00e9maill\u00e9e \u00e0 la main bleu-gris \"Costal<br \/>\n350 ml<br \/>\nH 9.2 x \u00d8 9 cm<\/p>","protected":false},"excerpt":{"rendered":"<p>H 9.2 x \u00d8 9 cm<\/p>","protected":false},"featured_media":56046,"template":"","meta":[],"product_brand":[],"product_cat":[1103,42,1101,43],"product_tag":[324],"woo-feed-brand":[],"class_list":{"0":"post-56047","1":"product","2":"type-product","3":"status-publish","4":"has-post-thumbnail","6":"product_cat-trinken","7":"product_cat-kueche","8":"product_cat-geschirr","9":"product_cat-gedeckter-tisch","10":"product_tag-marein-ag","12":"first","13":"instock","14":"taxable","15":"shipping-taxable","16":"purchasable","17":"product-type-simple"},"_links":{"self":[{"href":"https:\/\/fh-staging.vengo.cloud\/fr-ch\/wp-json\/wp\/v2\/product\/56047","targetHints":{"allow":["GET"]}}],"collection":[{"href":"https:\/\/fh-staging.vengo.cloud\/fr-ch\/wp-json\/wp\/v2\/product"}],"about":[{"href":"https:\/\/fh-staging.vengo.cloud\/fr-ch\/wp-json\/wp\/v2\/types\/product"}],"wp:featuredmedia":[{"embeddable":true,"href":"https:\/\/fh-staging.vengo.cloud\/fr-ch\/wp-json\/wp\/v2\/media\/56046"}],"wp:attachment":[{"href":"https:\/\/fh-staging.vengo.cloud\/fr-ch\/wp-json\/wp\/v2\/media?parent=56047"}],"wp:term":[{"taxonomy":"product_brand","embeddable":true,"href":"https:\/\/fh-staging.vengo.cloud\/fr-ch\/wp-json\/wp\/v2\/product_brand?post=56047"},{"taxonomy":"product_cat","embeddable":true,"href":"https:\/\/fh-staging.vengo.cloud\/fr-ch\/wp-json\/wp\/v2\/product_cat?post=56047"},{"taxonomy":"product_tag","embeddable":true,"href":"https:\/\/fh-staging.vengo.cloud\/fr-ch\/wp-json\/wp\/v2\/product_tag?post=56047"},{"taxonomy":"woo-feed-brand","embeddable":true,"href":"https:\/\/fh-staging.vengo.cloud\/fr-ch\/wp-json\/wp\/v2\/woo-feed-brand?post=56047"}],"curies":[{"name":"wp","href":"https:\/\/api.w.org\/{rel}","templated":true}]}}