{"id":56009,"date":"2025-05-16T15:46:20","date_gmt":"2025-05-16T13:46:20","guid":{"rendered":"https:\/\/fh-staging.vengo.cloud\/de-ch\/p\/keramikkrug-gelb-17-5x20cm"},"modified":"2026-01-05T14:06:13","modified_gmt":"2026-01-05T13:06:13","slug":"pichet-en-ceramique-jaune","status":"publish","type":"product","link":"https:\/\/fh-staging.vengo.cloud\/fr-ch\/p\/keramikkrug-gelb","title":{"rendered":"Pichet en c\u00e9ramique, jaune"},"content":{"rendered":"<p>Pichet \/ pot en c\u00e9ramique jaune avec poign\u00e9e et motif de gla\u00e7age blanc<br \/>\n\u00d8 10.5 cm x H 19 cm<br \/>\n1 L<\/p>","protected":false},"excerpt":{"rendered":"<p>17.5x20cm, 1L<\/p>","protected":false},"featured_media":56008,"template":"","meta":[],"product_brand":[],"product_cat":[1103,42,1101,43],"product_tag":[324],"woo-feed-brand":[],"class_list":{"0":"post-56009","1":"product","2":"type-product","3":"status-publish","4":"has-post-thumbnail","6":"product_cat-trinken","7":"product_cat-kueche","8":"product_cat-geschirr","9":"product_cat-gedeckter-tisch","10":"product_tag-marein-ag","12":"first","13":"instock","14":"taxable","15":"shipping-taxable","16":"purchasable","17":"product-type-simple"},"_links":{"self":[{"href":"https:\/\/fh-staging.vengo.cloud\/fr-ch\/wp-json\/wp\/v2\/product\/56009","targetHints":{"allow":["GET"]}}],"collection":[{"href":"https:\/\/fh-staging.vengo.cloud\/fr-ch\/wp-json\/wp\/v2\/product"}],"about":[{"href":"https:\/\/fh-staging.vengo.cloud\/fr-ch\/wp-json\/wp\/v2\/types\/product"}],"wp:featuredmedia":[{"embeddable":true,"href":"https:\/\/fh-staging.vengo.cloud\/fr-ch\/wp-json\/wp\/v2\/media\/56008"}],"wp:attachment":[{"href":"https:\/\/fh-staging.vengo.cloud\/fr-ch\/wp-json\/wp\/v2\/media?parent=56009"}],"wp:term":[{"taxonomy":"product_brand","embeddable":true,"href":"https:\/\/fh-staging.vengo.cloud\/fr-ch\/wp-json\/wp\/v2\/product_brand?post=56009"},{"taxonomy":"product_cat","embeddable":true,"href":"https:\/\/fh-staging.vengo.cloud\/fr-ch\/wp-json\/wp\/v2\/product_cat?post=56009"},{"taxonomy":"product_tag","embeddable":true,"href":"https:\/\/fh-staging.vengo.cloud\/fr-ch\/wp-json\/wp\/v2\/product_tag?post=56009"},{"taxonomy":"woo-feed-brand","embeddable":true,"href":"https:\/\/fh-staging.vengo.cloud\/fr-ch\/wp-json\/wp\/v2\/woo-feed-brand?post=56009"}],"curies":[{"name":"wp","href":"https:\/\/api.w.org\/{rel}","templated":true}]}}