{"id":55946,"date":"2025-05-16T15:40:55","date_gmt":"2025-05-16T13:40:55","guid":{"rendered":"https:\/\/fh-staging.vengo.cloud\/de-ch\/p\/shellschale-d-26-5"},"modified":"2026-01-05T14:09:53","modified_gmt":"2026-01-05T13:09:53","slug":"coque","status":"publish","type":"product","link":"https:\/\/fh-staging.vengo.cloud\/fr-ch\/p\/shellschale","title":{"rendered":"Coquille"},"content":{"rendered":"<p>Coupe \u00e0 fruits \/ coupe \u00e0 fruits \"Shell<br \/>\nBeige mouchet\u00e9 de noir et int\u00e9rieur \u00e9maill\u00e9<br \/>\n\u00d8 26.5 cm<\/p>","protected":false},"excerpt":{"rendered":"<p>\u00d8 26.5 cm<\/p>","protected":false},"featured_media":55945,"template":"","meta":[],"product_brand":[],"product_cat":[1102,984,994,909,1179,911,42,1101,43],"product_tag":[324],"woo-feed-brand":[],"class_list":{"0":"post-55946","1":"product","2":"type-product","3":"status-publish","4":"has-post-thumbnail","6":"product_cat-essen","7":"product_cat-silvester","8":"product_cat-silvestertisch","9":"product_cat-weihnachten","10":"product_cat-weihnachtsdeko","11":"product_cat-accessoires","12":"product_cat-kueche","13":"product_cat-geschirr","14":"product_cat-gedeckter-tisch","15":"product_tag-marein-ag","17":"first","18":"instock","19":"taxable","20":"shipping-taxable","21":"purchasable","22":"product-type-simple"},"_links":{"self":[{"href":"https:\/\/fh-staging.vengo.cloud\/fr-ch\/wp-json\/wp\/v2\/product\/55946","targetHints":{"allow":["GET"]}}],"collection":[{"href":"https:\/\/fh-staging.vengo.cloud\/fr-ch\/wp-json\/wp\/v2\/product"}],"about":[{"href":"https:\/\/fh-staging.vengo.cloud\/fr-ch\/wp-json\/wp\/v2\/types\/product"}],"wp:featuredmedia":[{"embeddable":true,"href":"https:\/\/fh-staging.vengo.cloud\/fr-ch\/wp-json\/wp\/v2\/media\/55945"}],"wp:attachment":[{"href":"https:\/\/fh-staging.vengo.cloud\/fr-ch\/wp-json\/wp\/v2\/media?parent=55946"}],"wp:term":[{"taxonomy":"product_brand","embeddable":true,"href":"https:\/\/fh-staging.vengo.cloud\/fr-ch\/wp-json\/wp\/v2\/product_brand?post=55946"},{"taxonomy":"product_cat","embeddable":true,"href":"https:\/\/fh-staging.vengo.cloud\/fr-ch\/wp-json\/wp\/v2\/product_cat?post=55946"},{"taxonomy":"product_tag","embeddable":true,"href":"https:\/\/fh-staging.vengo.cloud\/fr-ch\/wp-json\/wp\/v2\/product_tag?post=55946"},{"taxonomy":"woo-feed-brand","embeddable":true,"href":"https:\/\/fh-staging.vengo.cloud\/fr-ch\/wp-json\/wp\/v2\/woo-feed-brand?post=55946"}],"curies":[{"name":"wp","href":"https:\/\/api.w.org\/{rel}","templated":true}]}}