{"id":55944,"date":"2025-05-16T15:40:48","date_gmt":"2025-05-16T13:40:48","guid":{"rendered":"https:\/\/fh-staging.vengo.cloud\/de-ch\/p\/teeset-japandi"},"modified":"2026-01-05T14:09:53","modified_gmt":"2026-01-05T13:09:53","slug":"set-de-the-japandi","status":"publish","type":"product","link":"https:\/\/fh-staging.vengo.cloud\/fr-ch\/p\/teeset-japandi","title":{"rendered":"Set de th\u00e9 Japandi"},"content":{"rendered":"<p>Set \u00e0 th\u00e9 japonais en c\u00e9ramique \u00e9maill\u00e9e bleu-gris avec pichet et 4 tasses \"Kaori\" 7 dl \/ 100 ml<\/p>","protected":false},"excerpt":{"rendered":"<p>Pichet et 4 tasses \"Kaori\" 7 dl \/ 100 ml<\/p>","protected":false},"featured_media":56666,"template":"","meta":[],"product_brand":[],"product_cat":[1103,42,1101,956,43,885],"product_tag":[324],"woo-feed-brand":[],"class_list":{"0":"post-55944","1":"product","2":"type-product","3":"status-publish","4":"has-post-thumbnail","6":"product_cat-trinken","7":"product_cat-kueche","8":"product_cat-geschirr","9":"product_cat-tee","10":"product_cat-gedeckter-tisch","11":"product_cat-koestlichkeiten","12":"product_tag-marein-ag","14":"first","15":"instock","16":"taxable","17":"shipping-taxable","18":"purchasable","19":"product-type-simple"},"_links":{"self":[{"href":"https:\/\/fh-staging.vengo.cloud\/fr-ch\/wp-json\/wp\/v2\/product\/55944","targetHints":{"allow":["GET"]}}],"collection":[{"href":"https:\/\/fh-staging.vengo.cloud\/fr-ch\/wp-json\/wp\/v2\/product"}],"about":[{"href":"https:\/\/fh-staging.vengo.cloud\/fr-ch\/wp-json\/wp\/v2\/types\/product"}],"wp:featuredmedia":[{"embeddable":true,"href":"https:\/\/fh-staging.vengo.cloud\/fr-ch\/wp-json\/wp\/v2\/media\/56666"}],"wp:attachment":[{"href":"https:\/\/fh-staging.vengo.cloud\/fr-ch\/wp-json\/wp\/v2\/media?parent=55944"}],"wp:term":[{"taxonomy":"product_brand","embeddable":true,"href":"https:\/\/fh-staging.vengo.cloud\/fr-ch\/wp-json\/wp\/v2\/product_brand?post=55944"},{"taxonomy":"product_cat","embeddable":true,"href":"https:\/\/fh-staging.vengo.cloud\/fr-ch\/wp-json\/wp\/v2\/product_cat?post=55944"},{"taxonomy":"product_tag","embeddable":true,"href":"https:\/\/fh-staging.vengo.cloud\/fr-ch\/wp-json\/wp\/v2\/product_tag?post=55944"},{"taxonomy":"woo-feed-brand","embeddable":true,"href":"https:\/\/fh-staging.vengo.cloud\/fr-ch\/wp-json\/wp\/v2\/woo-feed-brand?post=55944"}],"curies":[{"name":"wp","href":"https:\/\/api.w.org\/{rel}","templated":true}]}}