{"id":55924,"date":"2025-05-16T15:39:32","date_gmt":"2025-05-16T13:39:32","guid":{"rendered":"https:\/\/fh-staging.vengo.cloud\/de-ch\/p\/salatbesteck-aus-akazienholz"},"modified":"2026-01-05T14:09:57","modified_gmt":"2026-01-05T13:09:57","slug":"couverts-a-salade-en-acacia","status":"publish","type":"product","link":"https:\/\/fh-staging.vengo.cloud\/fr-ch\/p\/salatbesteck-aus-akazienholz","title":{"rendered":"Couverts \u00e0 salade en acacia"},"content":{"rendered":"<p>Couverts \u00e0 salade 2 pi\u00e8ces en acacia, 26 x 7 cm<\/p>","protected":false},"excerpt":{"rendered":"<p>Couverts \u00e0 salade 2 pi\u00e8ces en acacia<\/p>","protected":false},"featured_media":57516,"template":"","meta":[],"product_brand":[],"product_cat":[44,984,994,42],"product_tag":[324],"woo-feed-brand":[],"class_list":{"0":"post-55924","1":"product","2":"type-product","3":"status-publish","4":"has-post-thumbnail","6":"product_cat-kuechenhelfer","7":"product_cat-silvester","8":"product_cat-silvestertisch","9":"product_cat-kueche","10":"product_tag-marein-ag","12":"first","13":"instock","14":"taxable","15":"shipping-taxable","16":"purchasable","17":"product-type-simple"},"_links":{"self":[{"href":"https:\/\/fh-staging.vengo.cloud\/fr-ch\/wp-json\/wp\/v2\/product\/55924","targetHints":{"allow":["GET"]}}],"collection":[{"href":"https:\/\/fh-staging.vengo.cloud\/fr-ch\/wp-json\/wp\/v2\/product"}],"about":[{"href":"https:\/\/fh-staging.vengo.cloud\/fr-ch\/wp-json\/wp\/v2\/types\/product"}],"wp:featuredmedia":[{"embeddable":true,"href":"https:\/\/fh-staging.vengo.cloud\/fr-ch\/wp-json\/wp\/v2\/media\/57516"}],"wp:attachment":[{"href":"https:\/\/fh-staging.vengo.cloud\/fr-ch\/wp-json\/wp\/v2\/media?parent=55924"}],"wp:term":[{"taxonomy":"product_brand","embeddable":true,"href":"https:\/\/fh-staging.vengo.cloud\/fr-ch\/wp-json\/wp\/v2\/product_brand?post=55924"},{"taxonomy":"product_cat","embeddable":true,"href":"https:\/\/fh-staging.vengo.cloud\/fr-ch\/wp-json\/wp\/v2\/product_cat?post=55924"},{"taxonomy":"product_tag","embeddable":true,"href":"https:\/\/fh-staging.vengo.cloud\/fr-ch\/wp-json\/wp\/v2\/product_tag?post=55924"},{"taxonomy":"woo-feed-brand","embeddable":true,"href":"https:\/\/fh-staging.vengo.cloud\/fr-ch\/wp-json\/wp\/v2\/woo-feed-brand?post=55924"}],"curies":[{"name":"wp","href":"https:\/\/api.w.org\/{rel}","templated":true}]}}