{"id":55863,"date":"2025-05-16T15:35:27","date_gmt":"2025-05-16T13:35:27","guid":{"rendered":"https:\/\/fh-staging.vengo.cloud\/de-ch\/p\/20er-set-frischhalte-dosen-auslaufsichere-mikrowellen-lunch-box-kuehl"},"modified":"2026-01-05T14:10:05","modified_gmt":"2026-01-05T13:10:05","slug":"set-de-20-boites-a-lunch","status":"publish","type":"product","link":"https:\/\/fh-staging.vengo.cloud\/fr-ch\/p\/lunchboxen-20er-set","title":{"rendered":"Bo\u00eetes \u00e0 lunch, (set de 20)"},"content":{"rendered":"<p>Bo\u00eetes fra\u00eecheur<br \/>\nAnti-fuite<br \/>\nConvient pour les micro-ondes<\/p>","protected":false},"excerpt":{"rendered":"<p>\u00e9tiquettes + marqueur craie inclus<\/p>","protected":false},"featured_media":55862,"template":"","meta":[],"product_brand":[],"product_cat":[44,23,32,42],"product_tag":[324],"woo-feed-brand":[],"class_list":{"0":"post-55863","1":"product","2":"type-product","3":"status-publish","4":"has-post-thumbnail","6":"product_cat-kuechenhelfer","7":"product_cat-home-living","8":"product_cat-aufbewahrung","9":"product_cat-kueche","10":"product_tag-marein-ag","12":"first","13":"instock","14":"taxable","15":"shipping-taxable","16":"purchasable","17":"product-type-simple"},"_links":{"self":[{"href":"https:\/\/fh-staging.vengo.cloud\/fr-ch\/wp-json\/wp\/v2\/product\/55863","targetHints":{"allow":["GET"]}}],"collection":[{"href":"https:\/\/fh-staging.vengo.cloud\/fr-ch\/wp-json\/wp\/v2\/product"}],"about":[{"href":"https:\/\/fh-staging.vengo.cloud\/fr-ch\/wp-json\/wp\/v2\/types\/product"}],"wp:featuredmedia":[{"embeddable":true,"href":"https:\/\/fh-staging.vengo.cloud\/fr-ch\/wp-json\/wp\/v2\/media\/55862"}],"wp:attachment":[{"href":"https:\/\/fh-staging.vengo.cloud\/fr-ch\/wp-json\/wp\/v2\/media?parent=55863"}],"wp:term":[{"taxonomy":"product_brand","embeddable":true,"href":"https:\/\/fh-staging.vengo.cloud\/fr-ch\/wp-json\/wp\/v2\/product_brand?post=55863"},{"taxonomy":"product_cat","embeddable":true,"href":"https:\/\/fh-staging.vengo.cloud\/fr-ch\/wp-json\/wp\/v2\/product_cat?post=55863"},{"taxonomy":"product_tag","embeddable":true,"href":"https:\/\/fh-staging.vengo.cloud\/fr-ch\/wp-json\/wp\/v2\/product_tag?post=55863"},{"taxonomy":"woo-feed-brand","embeddable":true,"href":"https:\/\/fh-staging.vengo.cloud\/fr-ch\/wp-json\/wp\/v2\/woo-feed-brand?post=55863"}],"curies":[{"name":"wp","href":"https:\/\/api.w.org\/{rel}","templated":true}]}}