{"id":55849,"date":"2025-05-16T15:34:20","date_gmt":"2025-05-16T13:34:20","guid":{"rendered":"https:\/\/fh-staging.vengo.cloud\/de-ch\/p\/282er-set-etiketten-kreide-tafel-im-schiefer-look-selbstklebende-auf"},"modified":"2026-01-05T14:10:08","modified_gmt":"2026-01-05T13:10:08","slug":"etiquettes-tableau-a-craie","status":"publish","type":"product","link":"https:\/\/fh-staging.vengo.cloud\/fr-ch\/p\/etiketten-kreidetafel","title":{"rendered":"\u00c9tiquettes tableau \u00e0 craie"},"content":{"rendered":"<p>(282) \u00e9tiquettes tableau \u00e0 craie avec marqueur - noir<\/p>","protected":false},"excerpt":{"rendered":"<p>Set de 282 pi\u00e8ces au look ardoise<\/p>","protected":false},"featured_media":55848,"template":"","meta":[],"product_brand":[],"product_cat":[44,42],"product_tag":[324],"woo-feed-brand":[],"class_list":{"0":"post-55849","1":"product","2":"type-product","3":"status-publish","4":"has-post-thumbnail","6":"product_cat-kuechenhelfer","7":"product_cat-kueche","8":"product_tag-marein-ag","10":"first","11":"instock","12":"taxable","13":"shipping-taxable","14":"purchasable","15":"product-type-simple"},"_links":{"self":[{"href":"https:\/\/fh-staging.vengo.cloud\/fr-ch\/wp-json\/wp\/v2\/product\/55849","targetHints":{"allow":["GET"]}}],"collection":[{"href":"https:\/\/fh-staging.vengo.cloud\/fr-ch\/wp-json\/wp\/v2\/product"}],"about":[{"href":"https:\/\/fh-staging.vengo.cloud\/fr-ch\/wp-json\/wp\/v2\/types\/product"}],"wp:featuredmedia":[{"embeddable":true,"href":"https:\/\/fh-staging.vengo.cloud\/fr-ch\/wp-json\/wp\/v2\/media\/55848"}],"wp:attachment":[{"href":"https:\/\/fh-staging.vengo.cloud\/fr-ch\/wp-json\/wp\/v2\/media?parent=55849"}],"wp:term":[{"taxonomy":"product_brand","embeddable":true,"href":"https:\/\/fh-staging.vengo.cloud\/fr-ch\/wp-json\/wp\/v2\/product_brand?post=55849"},{"taxonomy":"product_cat","embeddable":true,"href":"https:\/\/fh-staging.vengo.cloud\/fr-ch\/wp-json\/wp\/v2\/product_cat?post=55849"},{"taxonomy":"product_tag","embeddable":true,"href":"https:\/\/fh-staging.vengo.cloud\/fr-ch\/wp-json\/wp\/v2\/product_tag?post=55849"},{"taxonomy":"woo-feed-brand","embeddable":true,"href":"https:\/\/fh-staging.vengo.cloud\/fr-ch\/wp-json\/wp\/v2\/woo-feed-brand?post=55849"}],"curies":[{"name":"wp","href":"https:\/\/api.w.org\/{rel}","templated":true}]}}