{"id":55805,"date":"2025-05-16T15:31:36","date_gmt":"2025-05-16T13:31:36","guid":{"rendered":"https:\/\/fh-staging.vengo.cloud\/de-ch\/p\/30-fach-stapelbare-bastel-sortier-box-kleinteile-organizer-aufbewahrun"},"modified":"2026-01-05T14:10:15","modified_gmt":"2026-01-05T13:10:15","slug":"boite-de-rangement-empilable-30-fois-avec-poignee","status":"publish","type":"product","link":"https:\/\/fh-staging.vengo.cloud\/fr-ch\/p\/30-fach-stapelbare-bastel-sortier-box-mit-tragegriff","title":{"rendered":"Bo\u00eete de tri pour bricolage empilable 30 fois avec poign\u00e9e"},"content":{"rendered":"<p>30x Bo\u00eete de tri empilable pour bricolage Organiseur de petites pi\u00e8ces de rangement<\/p>\n<p>3 niveaux<\/p>","protected":false},"excerpt":{"rendered":"<p>30 compartiments Empilable Bricolage Box Organiseur de petites pi\u00e8ces \/ 3 niveaux<\/p>","protected":false},"featured_media":55804,"template":"","meta":[],"product_brand":[],"product_cat":[32,23,1194,29],"product_tag":[324],"woo-feed-brand":[],"class_list":{"0":"post-55805","1":"product","2":"type-product","3":"status-publish","4":"has-post-thumbnail","6":"product_cat-aufbewahrung","7":"product_cat-home-living","8":"product_cat-diy-helfer","9":"product_cat-do-it-yourself","10":"product_tag-marein-ag","12":"first","13":"instock","14":"taxable","15":"shipping-taxable","16":"purchasable","17":"product-type-simple"},"_links":{"self":[{"href":"https:\/\/fh-staging.vengo.cloud\/fr-ch\/wp-json\/wp\/v2\/product\/55805","targetHints":{"allow":["GET"]}}],"collection":[{"href":"https:\/\/fh-staging.vengo.cloud\/fr-ch\/wp-json\/wp\/v2\/product"}],"about":[{"href":"https:\/\/fh-staging.vengo.cloud\/fr-ch\/wp-json\/wp\/v2\/types\/product"}],"wp:featuredmedia":[{"embeddable":true,"href":"https:\/\/fh-staging.vengo.cloud\/fr-ch\/wp-json\/wp\/v2\/media\/55804"}],"wp:attachment":[{"href":"https:\/\/fh-staging.vengo.cloud\/fr-ch\/wp-json\/wp\/v2\/media?parent=55805"}],"wp:term":[{"taxonomy":"product_brand","embeddable":true,"href":"https:\/\/fh-staging.vengo.cloud\/fr-ch\/wp-json\/wp\/v2\/product_brand?post=55805"},{"taxonomy":"product_cat","embeddable":true,"href":"https:\/\/fh-staging.vengo.cloud\/fr-ch\/wp-json\/wp\/v2\/product_cat?post=55805"},{"taxonomy":"product_tag","embeddable":true,"href":"https:\/\/fh-staging.vengo.cloud\/fr-ch\/wp-json\/wp\/v2\/product_tag?post=55805"},{"taxonomy":"woo-feed-brand","embeddable":true,"href":"https:\/\/fh-staging.vengo.cloud\/fr-ch\/wp-json\/wp\/v2\/woo-feed-brand?post=55805"}],"curies":[{"name":"wp","href":"https:\/\/api.w.org\/{rel}","templated":true}]}}