{"id":54942,"date":"2025-05-22T07:59:57","date_gmt":"2025-05-22T05:59:57","guid":{"rendered":"https:\/\/fh-staging.vengo.cloud\/?post_type=product&#038;p=54942"},"modified":"2025-06-20T10:45:50","modified_gmt":"2025-06-20T08:45:50","slug":"manteau-a-capuche","status":"publish","type":"product","link":"https:\/\/fh-staging.vengo.cloud\/fr-ch\/p\/kapuzenmantel","title":{"rendered":"Manteau \u00e0 capuche"},"content":{"rendered":"<p>Notre tricot populaire gauche\/gauche \u00e0 l'aspect ondul\u00e9 est extensible en hauteur et en largeur et doux comme du beurre. Le manteau \u00e0 capuche fait partie de notre programme de base et est disponible en stock toute l'ann\u00e9e.<\/p>\n<p>Pour la qualit\u00e9 :<\/p>\n<p>La laine m\u00e9rinos est une merveilleuse fibre naturelle qui poss\u00e8de de nombreuses propri\u00e9t\u00e9s et qui est particuli\u00e8rement adapt\u00e9e \u00e0 la peau d\u00e9licate des b\u00e9b\u00e9s. Elle r\u00e9gule notamment la temp\u00e9rature (elle rafra\u00eechit en \u00e9t\u00e9 et r\u00e9chauffe en hiver), retient l'humidit\u00e9 sans donner l'impression d'\u00eatre mouill\u00e9e et est respirante. Tu peux a\u00e9rer les produits m\u00e9rinos sans les laver souvent.<\/p>\n<p>&nbsp;<\/p>\n<p class=\"p1\"><strong>Tableau des tailles Frilo AG :<\/strong><\/p>\n<p>56 (0-1 mois)<\/p>\n<p>62 (1-3 mois)<\/p>\n<p>68 (3-6 mois)<\/p>\n<p>74 (6-9 Monte)<\/p>\n<p>80 (9-12 mois)<\/p>\n<p>86 (12-18 mois)<\/p>","protected":false},"excerpt":{"rendered":"<p>100% de fine laine m\u00e9rinos : le manteau \u00e0 capuche \u00e0 double tricot de frilo swissmade est fabriqu\u00e9 \u00e0 100% en Suisse.<\/p>","protected":false},"featured_media":54959,"template":"","meta":[],"product_brand":[],"product_cat":[60,59],"product_tag":[1087],"woo-feed-brand":[],"class_list":{"0":"post-54942","1":"product","2":"type-product","3":"status-publish","4":"has-post-thumbnail","6":"product_cat-kindertextilien","7":"product_cat-kids","8":"product_tag-frilo-ag","10":"first","11":"instock","12":"taxable","13":"shipping-taxable","14":"purchasable","15":"product-type-variable"},"_links":{"self":[{"href":"https:\/\/fh-staging.vengo.cloud\/fr-ch\/wp-json\/wp\/v2\/product\/54942","targetHints":{"allow":["GET"]}}],"collection":[{"href":"https:\/\/fh-staging.vengo.cloud\/fr-ch\/wp-json\/wp\/v2\/product"}],"about":[{"href":"https:\/\/fh-staging.vengo.cloud\/fr-ch\/wp-json\/wp\/v2\/types\/product"}],"wp:featuredmedia":[{"embeddable":true,"href":"https:\/\/fh-staging.vengo.cloud\/fr-ch\/wp-json\/wp\/v2\/media\/54959"}],"wp:attachment":[{"href":"https:\/\/fh-staging.vengo.cloud\/fr-ch\/wp-json\/wp\/v2\/media?parent=54942"}],"wp:term":[{"taxonomy":"product_brand","embeddable":true,"href":"https:\/\/fh-staging.vengo.cloud\/fr-ch\/wp-json\/wp\/v2\/product_brand?post=54942"},{"taxonomy":"product_cat","embeddable":true,"href":"https:\/\/fh-staging.vengo.cloud\/fr-ch\/wp-json\/wp\/v2\/product_cat?post=54942"},{"taxonomy":"product_tag","embeddable":true,"href":"https:\/\/fh-staging.vengo.cloud\/fr-ch\/wp-json\/wp\/v2\/product_tag?post=54942"},{"taxonomy":"woo-feed-brand","embeddable":true,"href":"https:\/\/fh-staging.vengo.cloud\/fr-ch\/wp-json\/wp\/v2\/woo-feed-brand?post=54942"}],"curies":[{"name":"wp","href":"https:\/\/api.w.org\/{rel}","templated":true}]}}