{"id":54895,"date":"2025-04-30T13:06:45","date_gmt":"2025-04-30T11:06:45","guid":{"rendered":"https:\/\/fh-staging.vengo.cloud\/de-ch\/?post_type=product&#038;p=54895"},"modified":"2025-05-12T09:15:46","modified_gmt":"2025-05-12T07:15:46","slug":"glaieul-artificiel-rose","status":"publish","type":"product","link":"https:\/\/fh-staging.vengo.cloud\/fr-ch\/p\/kuenstliche-gladiole-rosa","title":{"rendered":"Gla\u00efeul artificiel rose"},"content":{"rendered":"<p class=\"\" data-start=\"526\" data-end=\"922\">Ce gla\u00efeul artistique apporte de la couleur et de l'\u00e9l\u00e9gance \u00e0 n'importe quelle pi\u00e8ce - sans aucun entretien. Fabriqu\u00e9e avec une grande attention aux d\u00e9tails, elle convainc par son aspect naturel et sa finition de haute qualit\u00e9. La fleur semble presque r\u00e9elle gr\u00e2ce \u00e0 sa couleur d\u00e9licate, \u00e0 la structure fine de la feuille et \u00e0 l'\u00e9volution authentique de la fleur. Id\u00e9al pour les compositions de vases, les d\u00e9corations saisonni\u00e8res ou comme \u00e9l\u00e9ment durablement beau dans ton design int\u00e9rieur.<\/p>\n<p>Longueur : 101cm<\/p>\n<p>&nbsp;<\/p>","protected":false},"excerpt":{"rendered":"<p>\u00c9l\u00e9gant gla\u00efeul artificiel rose - \u00e0 s'y m\u00e9prendre et parfait pour des compositions \u00e9l\u00e9gantes.<\/p>\n<p>&nbsp;<\/p>","protected":false},"featured_media":54896,"template":"","meta":[],"product_brand":[],"product_cat":[107,23,26],"product_tag":[1084],"woo-feed-brand":[],"class_list":{"0":"post-54895","1":"product","2":"type-product","3":"status-publish","4":"has-post-thumbnail","6":"product_cat-kunstblumen","7":"product_cat-home-living","8":"product_cat-blumen-pflanzen","9":"product_tag-froilein-blume","11":"first","12":"instock","13":"taxable","14":"shipping-taxable","15":"purchasable","16":"product-type-simple"},"_links":{"self":[{"href":"https:\/\/fh-staging.vengo.cloud\/fr-ch\/wp-json\/wp\/v2\/product\/54895","targetHints":{"allow":["GET"]}}],"collection":[{"href":"https:\/\/fh-staging.vengo.cloud\/fr-ch\/wp-json\/wp\/v2\/product"}],"about":[{"href":"https:\/\/fh-staging.vengo.cloud\/fr-ch\/wp-json\/wp\/v2\/types\/product"}],"wp:featuredmedia":[{"embeddable":true,"href":"https:\/\/fh-staging.vengo.cloud\/fr-ch\/wp-json\/wp\/v2\/media\/54896"}],"wp:attachment":[{"href":"https:\/\/fh-staging.vengo.cloud\/fr-ch\/wp-json\/wp\/v2\/media?parent=54895"}],"wp:term":[{"taxonomy":"product_brand","embeddable":true,"href":"https:\/\/fh-staging.vengo.cloud\/fr-ch\/wp-json\/wp\/v2\/product_brand?post=54895"},{"taxonomy":"product_cat","embeddable":true,"href":"https:\/\/fh-staging.vengo.cloud\/fr-ch\/wp-json\/wp\/v2\/product_cat?post=54895"},{"taxonomy":"product_tag","embeddable":true,"href":"https:\/\/fh-staging.vengo.cloud\/fr-ch\/wp-json\/wp\/v2\/product_tag?post=54895"},{"taxonomy":"woo-feed-brand","embeddable":true,"href":"https:\/\/fh-staging.vengo.cloud\/fr-ch\/wp-json\/wp\/v2\/woo-feed-brand?post=54895"}],"curies":[{"name":"wp","href":"https:\/\/api.w.org\/{rel}","templated":true}]}}