{"id":5488,"date":"2019-07-23T15:29:04","date_gmt":"2019-07-23T13:29:04","guid":{"rendered":"https:\/\/fh-staging.vengo.cloud\/?product=cinnamon-chai-medium-jar"},"modified":"2025-10-27T11:13:40","modified_gmt":"2025-10-27T10:13:40","slug":"cinnamon-chai-medium-jar","status":"publish","type":"product","link":"https:\/\/fh-staging.vengo.cloud\/fr-ch\/p\/cinnamon-chai-medium-jar","title":{"rendered":"Cinnamon Chai pot moyen"},"content":{"rendered":"<p>Les bougies sp\u00e9ciales en forme de sablier remplissent ta maison de cr\u00e9pitements apaisants et de parfums accueillants de WoodWick. Les bougies se distinguent par un design propre et moderne et une forme \u00e9l\u00e9gante. Disponible en Mini &amp; Large Jar et Ellipse.<\/p>","protected":false},"excerpt":{"rendered":"<p>D\u00e9tends-toi et profite de l'ar\u00f4me chaud de la cannelle \u00e9pic\u00e9e et de la vanille douce.<br \/>\nH : 114mm, W : 99mm, D : 99mm (prix par pi\u00e8ce)<\/p>","protected":false},"featured_media":5489,"template":"","meta":[],"product_brand":[],"product_cat":[99,23,909,1179,911,28],"product_tag":[288],"woo-feed-brand":[],"class_list":{"0":"post-5488","1":"product","2":"type-product","3":"status-publish","4":"has-post-thumbnail","6":"product_cat-duftkerzen","7":"product_cat-home-living","8":"product_cat-weihnachten","9":"product_cat-weihnachtsdeko","10":"product_cat-accessoires","11":"product_cat-kerzen-lichter","12":"product_tag-spirig-kerzen-ag","14":"first","15":"instock","16":"taxable","17":"shipping-taxable","18":"purchasable","19":"product-type-simple"},"_links":{"self":[{"href":"https:\/\/fh-staging.vengo.cloud\/fr-ch\/wp-json\/wp\/v2\/product\/5488","targetHints":{"allow":["GET"]}}],"collection":[{"href":"https:\/\/fh-staging.vengo.cloud\/fr-ch\/wp-json\/wp\/v2\/product"}],"about":[{"href":"https:\/\/fh-staging.vengo.cloud\/fr-ch\/wp-json\/wp\/v2\/types\/product"}],"wp:featuredmedia":[{"embeddable":true,"href":"https:\/\/fh-staging.vengo.cloud\/fr-ch\/wp-json\/wp\/v2\/media\/5489"}],"wp:attachment":[{"href":"https:\/\/fh-staging.vengo.cloud\/fr-ch\/wp-json\/wp\/v2\/media?parent=5488"}],"wp:term":[{"taxonomy":"product_brand","embeddable":true,"href":"https:\/\/fh-staging.vengo.cloud\/fr-ch\/wp-json\/wp\/v2\/product_brand?post=5488"},{"taxonomy":"product_cat","embeddable":true,"href":"https:\/\/fh-staging.vengo.cloud\/fr-ch\/wp-json\/wp\/v2\/product_cat?post=5488"},{"taxonomy":"product_tag","embeddable":true,"href":"https:\/\/fh-staging.vengo.cloud\/fr-ch\/wp-json\/wp\/v2\/product_tag?post=5488"},{"taxonomy":"woo-feed-brand","embeddable":true,"href":"https:\/\/fh-staging.vengo.cloud\/fr-ch\/wp-json\/wp\/v2\/woo-feed-brand?post=5488"}],"curies":[{"name":"wp","href":"https:\/\/api.w.org\/{rel}","templated":true}]}}