{"id":54802,"date":"2025-04-29T13:40:41","date_gmt":"2025-04-29T11:40:41","guid":{"rendered":"https:\/\/fh-staging.vengo.cloud\/de-ch\/?post_type=product&#038;p=54802"},"modified":"2025-08-25T17:24:47","modified_gmt":"2025-08-25T15:24:47","slug":"bouquet-de-fleurs-seches-wollishofen","status":"publish","type":"product","link":"https:\/\/fh-staging.vengo.cloud\/fr-ch\/p\/trockenblumenstrauss-wollishofen","title":{"rendered":"Bouquet de fleurs s\u00e9ch\u00e9es \"Wollishofen"},"content":{"rendered":"<p class=\"\" data-start=\"176\" data-end=\"493\">Apporte une \u00e9l\u00e9gance naturelle \u00e0 ton int\u00e9rieur avec notre bouquet de fleurs s\u00e9ch\u00e9es \"Wollishofen\", amoureusement li\u00e9 \u00e0 la main. La combinaison de d\u00e9licates nuances de jaune, d'orange et de naturel rayonne de chaleur et de l\u00e9g\u00e8ret\u00e9 - parfait comme point fort d\u00e9coratif pour chaque pi\u00e8ce ou comme cadeau durable pour une personne sp\u00e9ciale.<\/p>\n<p data-start=\"616\" data-end=\"736\">Taille : 52cm<br \/>\n\u00d8 : environ 25cm<\/p>","protected":false},"excerpt":{"rendered":"<p class=\"\" data-start=\"203\" data-end=\"268\">D\u00e9licatement. Intemporelle. Plein de charme. Bouquet de fleurs s\u00e9ch\u00e9es 'Wollishofen' li\u00e9 \u00e0 la main dans des tons doux de jaune, orange et naturel<\/p>","protected":false},"featured_media":54867,"template":"","meta":[],"product_brand":[],"product_cat":[117,23],"product_tag":[1084],"woo-feed-brand":[],"class_list":{"0":"post-54802","1":"product","2":"type-product","3":"status-publish","4":"has-post-thumbnail","6":"product_cat-trockenblumen","7":"product_cat-home-living","8":"product_tag-froilein-blume","10":"first","11":"instock","12":"taxable","13":"shipping-taxable","14":"purchasable","15":"product-type-simple"},"_links":{"self":[{"href":"https:\/\/fh-staging.vengo.cloud\/fr-ch\/wp-json\/wp\/v2\/product\/54802","targetHints":{"allow":["GET"]}}],"collection":[{"href":"https:\/\/fh-staging.vengo.cloud\/fr-ch\/wp-json\/wp\/v2\/product"}],"about":[{"href":"https:\/\/fh-staging.vengo.cloud\/fr-ch\/wp-json\/wp\/v2\/types\/product"}],"wp:featuredmedia":[{"embeddable":true,"href":"https:\/\/fh-staging.vengo.cloud\/fr-ch\/wp-json\/wp\/v2\/media\/54867"}],"wp:attachment":[{"href":"https:\/\/fh-staging.vengo.cloud\/fr-ch\/wp-json\/wp\/v2\/media?parent=54802"}],"wp:term":[{"taxonomy":"product_brand","embeddable":true,"href":"https:\/\/fh-staging.vengo.cloud\/fr-ch\/wp-json\/wp\/v2\/product_brand?post=54802"},{"taxonomy":"product_cat","embeddable":true,"href":"https:\/\/fh-staging.vengo.cloud\/fr-ch\/wp-json\/wp\/v2\/product_cat?post=54802"},{"taxonomy":"product_tag","embeddable":true,"href":"https:\/\/fh-staging.vengo.cloud\/fr-ch\/wp-json\/wp\/v2\/product_tag?post=54802"},{"taxonomy":"woo-feed-brand","embeddable":true,"href":"https:\/\/fh-staging.vengo.cloud\/fr-ch\/wp-json\/wp\/v2\/woo-feed-brand?post=54802"}],"curies":[{"name":"wp","href":"https:\/\/api.w.org\/{rel}","templated":true}]}}