{"id":5437,"date":"2019-07-23T13:28:41","date_gmt":"2019-07-23T13:28:41","guid":{"rendered":"https:\/\/fh-staging.vengo.cloud\/?product=vanilla-sea-salt-ellipse"},"modified":"2025-04-01T07:13:26","modified_gmt":"2025-04-01T05:13:26","slug":"vanille-sel-de-mer-ellipse","status":"publish","type":"product","link":"https:\/\/fh-staging.vengo.cloud\/fr-ch\/p\/vanilla-sea-salt-ellipse","title":{"rendered":"Vanille &amp; sel de mer Ellipse"},"content":{"rendered":"<p>Les bougies elliptiques avec flamme Hearthwick ont une m\u00e8che en bois naturel qui produit le bruit apaisant d'un feu qui cr\u00e9pite. Le design exclusif cr\u00e9e une longue flamme dansante pour une ambiance de chemin\u00e9e unique dans chaque pi\u00e8ce. Parfait comme cadeau !\nDur\u00e9e de combustion : 30-40h<\/p>","protected":false},"excerpt":{"rendered":"<p>Des fleurs de vanille d\u00e9licates m\u00e9lang\u00e9es \u00e0 un soup\u00e7on de sel marin et de jasmin.<br \/>\nH : 92mm, L : 121mm, D : 191mm (prix par pi\u00e8ce)<\/p>","protected":false},"featured_media":5438,"template":"","meta":[],"product_brand":[],"product_cat":[99,23,28],"product_tag":[288],"woo-feed-brand":[],"class_list":{"0":"post-5437","1":"product","2":"type-product","3":"status-publish","4":"has-post-thumbnail","6":"product_cat-duftkerzen","7":"product_cat-home-living","8":"product_cat-kerzen-lichter","9":"product_tag-spirig-kerzen-ag","11":"first","12":"instock","13":"taxable","14":"shipping-taxable","15":"purchasable","16":"product-type-simple"},"_links":{"self":[{"href":"https:\/\/fh-staging.vengo.cloud\/fr-ch\/wp-json\/wp\/v2\/product\/5437","targetHints":{"allow":["GET"]}}],"collection":[{"href":"https:\/\/fh-staging.vengo.cloud\/fr-ch\/wp-json\/wp\/v2\/product"}],"about":[{"href":"https:\/\/fh-staging.vengo.cloud\/fr-ch\/wp-json\/wp\/v2\/types\/product"}],"wp:featuredmedia":[{"embeddable":true,"href":"https:\/\/fh-staging.vengo.cloud\/fr-ch\/wp-json\/wp\/v2\/media\/5438"}],"wp:attachment":[{"href":"https:\/\/fh-staging.vengo.cloud\/fr-ch\/wp-json\/wp\/v2\/media?parent=5437"}],"wp:term":[{"taxonomy":"product_brand","embeddable":true,"href":"https:\/\/fh-staging.vengo.cloud\/fr-ch\/wp-json\/wp\/v2\/product_brand?post=5437"},{"taxonomy":"product_cat","embeddable":true,"href":"https:\/\/fh-staging.vengo.cloud\/fr-ch\/wp-json\/wp\/v2\/product_cat?post=5437"},{"taxonomy":"product_tag","embeddable":true,"href":"https:\/\/fh-staging.vengo.cloud\/fr-ch\/wp-json\/wp\/v2\/product_tag?post=5437"},{"taxonomy":"woo-feed-brand","embeddable":true,"href":"https:\/\/fh-staging.vengo.cloud\/fr-ch\/wp-json\/wp\/v2\/woo-feed-brand?post=5437"}],"curies":[{"name":"wp","href":"https:\/\/api.w.org\/{rel}","templated":true}]}}