{"id":54288,"date":"2025-05-19T08:49:47","date_gmt":"2025-05-19T06:49:47","guid":{"rendered":"https:\/\/fh-staging.vengo.cloud\/?post_type=product&#038;p=54288"},"modified":"2026-01-29T11:41:10","modified_gmt":"2026-01-29T10:41:10","slug":"recipient-en-verre-avec-cuillere-de-menthe","status":"publish","type":"product","link":"https:\/\/fh-staging.vengo.cloud\/fr-ch\/p\/glasgefaess-mit-loeffel-minze","title":{"rendered":"R\u00e9cipient en verre avec cuill\u00e8re - Menthe"},"content":{"rendered":"<p>Kit de culture comprenant un pot de culture en verre avec un couvercle en li\u00e8ge et une cuill\u00e8re en bois. Apr\u00e8s avoir cultiv\u00e9 la menthe, fais s\u00e9cher les feuilles de menthe m\u00fbres et conserve-les dans le r\u00e9cipient en verre. Utilise la cuill\u00e8re en bois pour doser la menthe et pr\u00e9parer une d\u00e9licieuse tasse de th\u00e9.<\/p>\n<p>Tout en 1, car avec ce kit de culture, tu re\u00e7ois une plaquette de coco et des graines pour pouvoir commencer imm\u00e9diatement. La seule chose que tu dois ajouter est de l'eau, un peu d'amour et de la patience.<\/p>\n<p>CONTIENT : Jardini\u00e8re en verre avec couvercle en li\u00e8ge et cuill\u00e8re avec plaquette de coco et graines de menthe.<\/p>\n<p><strong>\u00c9tape 1<\/strong><br \/>\nPlacer la plaquette de coco dans le pot de plantation en li\u00e8ge.<\/p>\n<p><strong>\u00c9tape 2<\/strong><br \/>\nVerser une grande quantit\u00e9 d'eau sur le comprim\u00e9.<\/p>\n<p><strong>\u00c9tape 3<\/strong><br \/>\nSaupoudrer les graines sur la terre.<\/p>\n<p><strong>\u00c9tape 4 :<\/strong><br \/>\nApr\u00e8s quelques semaines, planter \u00e0 l'ext\u00e9rieur.<\/p>\n<p>En savoir plus sur <a href=\"https:\/\/fh-staging.vengo.cloud\/fr-ch\/seeddees\/\">SeeddeeS<\/a>.<\/p>","protected":false},"excerpt":{"rendered":"<p>Jardini\u00e8re en verre avec couvercle en li\u00e8ge et cuill\u00e8re contenant une plaquette de coco et des graines de menthe.<\/p>","protected":false},"featured_media":54290,"template":"","meta":[],"product_brand":[],"product_cat":[110,34,105,41,42,47,885],"product_tag":[282],"woo-feed-brand":[],"class_list":{"0":"post-54288","1":"product","2":"type-product","3":"status-publish","4":"has-post-thumbnail","6":"product_cat-samen","7":"product_cat-garten-balkon","8":"product_cat-kraeuter","9":"product_cat-outdoorpflanzen","10":"product_cat-kueche","11":"product_cat-kuechenaromen","12":"product_cat-koestlichkeiten","13":"product_tag-fleurop-interflora","15":"first","16":"instock","17":"taxable","18":"shipping-taxable","19":"purchasable","20":"product-type-simple"},"_links":{"self":[{"href":"https:\/\/fh-staging.vengo.cloud\/fr-ch\/wp-json\/wp\/v2\/product\/54288","targetHints":{"allow":["GET"]}}],"collection":[{"href":"https:\/\/fh-staging.vengo.cloud\/fr-ch\/wp-json\/wp\/v2\/product"}],"about":[{"href":"https:\/\/fh-staging.vengo.cloud\/fr-ch\/wp-json\/wp\/v2\/types\/product"}],"wp:featuredmedia":[{"embeddable":true,"href":"https:\/\/fh-staging.vengo.cloud\/fr-ch\/wp-json\/wp\/v2\/media\/54290"}],"wp:attachment":[{"href":"https:\/\/fh-staging.vengo.cloud\/fr-ch\/wp-json\/wp\/v2\/media?parent=54288"}],"wp:term":[{"taxonomy":"product_brand","embeddable":true,"href":"https:\/\/fh-staging.vengo.cloud\/fr-ch\/wp-json\/wp\/v2\/product_brand?post=54288"},{"taxonomy":"product_cat","embeddable":true,"href":"https:\/\/fh-staging.vengo.cloud\/fr-ch\/wp-json\/wp\/v2\/product_cat?post=54288"},{"taxonomy":"product_tag","embeddable":true,"href":"https:\/\/fh-staging.vengo.cloud\/fr-ch\/wp-json\/wp\/v2\/product_tag?post=54288"},{"taxonomy":"woo-feed-brand","embeddable":true,"href":"https:\/\/fh-staging.vengo.cloud\/fr-ch\/wp-json\/wp\/v2\/woo-feed-brand?post=54288"}],"curies":[{"name":"wp","href":"https:\/\/api.w.org\/{rel}","templated":true}]}}