{"id":54172,"date":"2025-04-24T13:59:11","date_gmt":"2025-04-24T11:59:11","guid":{"rendered":"https:\/\/fh-staging.vengo.cloud\/de-ch\/?post_type=product&#038;p=54172"},"modified":"2026-01-12T08:49:53","modified_gmt":"2026-01-12T07:49:53","slug":"boum-pot-15-l-pro-gris","status":"publish","type":"product","link":"https:\/\/fh-staging.vengo.cloud\/fr-ch\/p\/boum-topf-15-l-pro-grau","title":{"rendered":"Boum pot 15 L Pro gris"},"content":{"rendered":"<p>Le nouveau pot Boum 15L Pro dispose d'un volume de fond de 15 litres et d'une profondeur de plantation de 29 cm. Il est donc adapt\u00e9 aux plantes d'int\u00e9rieur, aux herbes, aux l\u00e9gumes, aux fleurs, aux petits arbustes et aux petits arbres. Il est disponible en trois couleurs intemporelles qui s'adaptent \u00e0 tous les int\u00e9rieurs. Les tubes capillaires tirent de l'eau du r\u00e9servoir int\u00e9gr\u00e9 du pot et assurent ainsi une humidit\u00e9 optimale du sol. Un robinet \u00e0 flotteur r\u00e9gule l'arriv\u00e9e d'eau dans le r\u00e9servoir. Le pot est reli\u00e9 au syst\u00e8me d'arrosage Boum par un tuyau discret et facile \u00e0 installer. Les plantes sont ainsi approvisionn\u00e9es en eau de mani\u00e8re fiable pendant plusieurs semaines. Le pot est fabriqu\u00e9 \u00e0 partir d'un m\u00e9lange de plastique min\u00e9ral recycl\u00e9 80% de haute qualit\u00e9 avec une finition \u00e0 la main. Il est d\u00e9coratif, r\u00e9sistant aux chocs et \u00e0 la rupture, facile \u00e0 d\u00e9placer, r\u00e9sistant aux UV et au gel.<\/p>","protected":false},"excerpt":{"rendered":"<p>Pot Boum 15L Pro : pot \u00e0 plantes de 15L avec un syst\u00e8me de m\u00e8che innovant<\/p>","protected":false},"featured_media":54375,"template":"","meta":[],"product_brand":[],"product_cat":[521,23,34,40],"product_tag":[319],"woo-feed-brand":[],"class_list":{"0":"post-54172","1":"product","2":"type-product","3":"status-publish","4":"has-post-thumbnail","6":"product_cat-bewaesserung","7":"product_cat-home-living","8":"product_cat-garten-balkon","9":"product_cat-uebertoepfe","10":"product_tag-boum-ag","12":"first","13":"instock","14":"taxable","15":"shipping-taxable","16":"purchasable","17":"product-type-simple"},"_links":{"self":[{"href":"https:\/\/fh-staging.vengo.cloud\/fr-ch\/wp-json\/wp\/v2\/product\/54172","targetHints":{"allow":["GET"]}}],"collection":[{"href":"https:\/\/fh-staging.vengo.cloud\/fr-ch\/wp-json\/wp\/v2\/product"}],"about":[{"href":"https:\/\/fh-staging.vengo.cloud\/fr-ch\/wp-json\/wp\/v2\/types\/product"}],"wp:featuredmedia":[{"embeddable":true,"href":"https:\/\/fh-staging.vengo.cloud\/fr-ch\/wp-json\/wp\/v2\/media\/54375"}],"wp:attachment":[{"href":"https:\/\/fh-staging.vengo.cloud\/fr-ch\/wp-json\/wp\/v2\/media?parent=54172"}],"wp:term":[{"taxonomy":"product_brand","embeddable":true,"href":"https:\/\/fh-staging.vengo.cloud\/fr-ch\/wp-json\/wp\/v2\/product_brand?post=54172"},{"taxonomy":"product_cat","embeddable":true,"href":"https:\/\/fh-staging.vengo.cloud\/fr-ch\/wp-json\/wp\/v2\/product_cat?post=54172"},{"taxonomy":"product_tag","embeddable":true,"href":"https:\/\/fh-staging.vengo.cloud\/fr-ch\/wp-json\/wp\/v2\/product_tag?post=54172"},{"taxonomy":"woo-feed-brand","embeddable":true,"href":"https:\/\/fh-staging.vengo.cloud\/fr-ch\/wp-json\/wp\/v2\/woo-feed-brand?post=54172"}],"curies":[{"name":"wp","href":"https:\/\/api.w.org\/{rel}","templated":true}]}}