{"id":53547,"date":"2025-04-01T18:26:53","date_gmt":"2025-04-01T16:26:53","guid":{"rendered":"https:\/\/fh-staging.vengo.cloud\/de-ch\/?post_type=product&#038;p=53547"},"modified":"2025-12-10T10:04:13","modified_gmt":"2025-12-10T09:04:13","slug":"kit-bebe-homme","status":"publish","type":"product","link":"https:\/\/fh-staging.vengo.cloud\/fr-ch\/p\/baby-maennerpflanzen-set","title":{"rendered":"Kit de plantes m\u00e2les pour b\u00e9b\u00e9s"},"content":{"rendered":"<p>Ce package cool se compose de trois plantes m\u00e2les pour b\u00e9b\u00e9s :<\/p>\n<p>Baby Freddy (Echeveria)<br \/>\nBaby William (Sansevieria Mikado)<br \/>\nBaby Bill (Crassula ovata)<\/p>\n<p>\u00d8 du pot : 8.5cm<br \/>\nHauteur : environ 10-25 cm<\/p>\n<p>Le kit de plantes pour b\u00e9b\u00e9 homme est livr\u00e9 avec une carte postale assortie (dans la langue du lieu de livraison) et dans un sac de transport styl\u00e9 pour plantes homme.<\/p>","protected":false},"excerpt":{"rendered":"<p>Ce package cool se compose de trois plantes m\u00e2les b\u00e9b\u00e9 : Baby Freddy (Echeveria), Baby William (Sansevieria Mikado), Baby Bill (Crassula ovata)<\/p>","protected":false},"featured_media":43668,"template":"","meta":[],"product_brand":[],"product_cat":[118,23,984,993,1088,909,1092,26,916],"product_tag":[294],"woo-feed-brand":[],"class_list":{"0":"post-53547","1":"product","2":"type-product","3":"status-publish","4":"has-post-thumbnail","6":"product_cat-zimmerpflanzen","7":"product_cat-home-living","8":"product_cat-silvester","9":"product_cat-silvestergeschenke","10":"product_cat-vatertag","11":"product_cat-weihnachten","12":"product_cat-wohlfuehltyp","13":"product_cat-blumen-pflanzen","14":"product_cat-praesente","15":"product_tag-the-bloomery","17":"first","18":"instock","19":"taxable","20":"shipping-taxable","21":"purchasable","22":"product-type-simple"},"_links":{"self":[{"href":"https:\/\/fh-staging.vengo.cloud\/fr-ch\/wp-json\/wp\/v2\/product\/53547","targetHints":{"allow":["GET"]}}],"collection":[{"href":"https:\/\/fh-staging.vengo.cloud\/fr-ch\/wp-json\/wp\/v2\/product"}],"about":[{"href":"https:\/\/fh-staging.vengo.cloud\/fr-ch\/wp-json\/wp\/v2\/types\/product"}],"wp:featuredmedia":[{"embeddable":true,"href":"https:\/\/fh-staging.vengo.cloud\/fr-ch\/wp-json\/wp\/v2\/media\/43668"}],"wp:attachment":[{"href":"https:\/\/fh-staging.vengo.cloud\/fr-ch\/wp-json\/wp\/v2\/media?parent=53547"}],"wp:term":[{"taxonomy":"product_brand","embeddable":true,"href":"https:\/\/fh-staging.vengo.cloud\/fr-ch\/wp-json\/wp\/v2\/product_brand?post=53547"},{"taxonomy":"product_cat","embeddable":true,"href":"https:\/\/fh-staging.vengo.cloud\/fr-ch\/wp-json\/wp\/v2\/product_cat?post=53547"},{"taxonomy":"product_tag","embeddable":true,"href":"https:\/\/fh-staging.vengo.cloud\/fr-ch\/wp-json\/wp\/v2\/product_tag?post=53547"},{"taxonomy":"woo-feed-brand","embeddable":true,"href":"https:\/\/fh-staging.vengo.cloud\/fr-ch\/wp-json\/wp\/v2\/woo-feed-brand?post=53547"}],"curies":[{"name":"wp","href":"https:\/\/api.w.org\/{rel}","templated":true}]}}