{"id":53475,"date":"2025-04-01T15:12:18","date_gmt":"2025-04-01T13:12:18","guid":{"rendered":"https:\/\/fh-staging.vengo.cloud\/de-ch\/?post_type=product&#038;p=53475"},"modified":"2025-12-01T10:35:01","modified_gmt":"2025-12-01T09:35:01","slug":"plateau-en-bois-de-bouleau-ally-and-friends-o-46-cm","status":"publish","type":"product","link":"https:\/\/fh-staging.vengo.cloud\/fr-ch\/p\/tablett-aus-birkenholz-ally-and-friends-o-46-cm","title":{"rendered":"Tablett aus Birkenholz &#8218;Ally and Friends&#8216;, \u00d8 46 cm"},"content":{"rendered":"<p><em>Ally et ses amis<\/em><br \/>\nInspir\u00e9 par la magie des oiseaux migrateurs - qui partent ensemble, se soutiennent et d\u00e9couvrent de nouveaux horizons. Un sujet ludique plein de l\u00e9g\u00e8ret\u00e9, de communaut\u00e9 et d'espoir.<\/p>\n<p>Cette pi\u00e8ce polyvalente est volontiers utilis\u00e9e comme plateau de service, comme \u0153uvre d'art ou comme table d'appoint pratique. Chaque plateau est fabriqu\u00e9 \u00e0 la main en Su\u00e8de \u00e0 partir d'un placage de bouleau durable de haute qualit\u00e9 et est con\u00e7u pour une utilisation r\u00e9guli\u00e8re et intensive.<\/p>\n<p>Compl\u00e8te ta maison avec cet \u00e9l\u00e9gant plateau, ou fais un cadeau unique \u00e0 quelqu'un.<\/p>\n<p style=\"text-align: left\"><em>Cr\u00e9ateur :<\/em> Andreas Frei\/HappyTrays<\/p>\n<p style=\"text-align: left\"><em>Mat\u00e9riel :<\/em> Placage bouleau, rev\u00eatement m\u00e9lamine<\/p>\n<p style=\"text-align: left\"><em>Mod\u00e8le :<\/em>\u00a0Ally &amp; Friends<\/p>\n<p style=\"text-align: left\"><em>Forme :<\/em>\u00a0Rond<\/p>\n<p style=\"text-align: left\"><em>Diam\u00e8tre :<\/em>\u00a0\u00d8 46 cm<\/p>","protected":false},"excerpt":{"rendered":"<p>Plateau de haute qualit\u00e9 en bois de bouleau durable au design vivant. Con\u00e7u en Suisse, fabriqu\u00e9 \u00e0 la main en Su\u00e8de. \u00d8 46 cm.<\/p>","protected":false},"featured_media":54612,"template":"","meta":[],"product_brand":[],"product_cat":[1108,1022,797,42,1104,43],"product_tag":[314],"woo-feed-brand":[],"class_list":{"0":"post-53475","1":"product","2":"type-product","3":"status-publish","4":"has-post-thumbnail","6":"product_cat-tabletts","7":"product_cat-brunch","8":"product_cat-muttertag","9":"product_cat-kueche","10":"product_cat-tischakzente","11":"product_cat-gedeckter-tisch","12":"product_tag-happytrays","14":"first","15":"instock","16":"taxable","17":"shipping-taxable","18":"purchasable","19":"product-type-simple"},"_links":{"self":[{"href":"https:\/\/fh-staging.vengo.cloud\/fr-ch\/wp-json\/wp\/v2\/product\/53475","targetHints":{"allow":["GET"]}}],"collection":[{"href":"https:\/\/fh-staging.vengo.cloud\/fr-ch\/wp-json\/wp\/v2\/product"}],"about":[{"href":"https:\/\/fh-staging.vengo.cloud\/fr-ch\/wp-json\/wp\/v2\/types\/product"}],"wp:featuredmedia":[{"embeddable":true,"href":"https:\/\/fh-staging.vengo.cloud\/fr-ch\/wp-json\/wp\/v2\/media\/54612"}],"wp:attachment":[{"href":"https:\/\/fh-staging.vengo.cloud\/fr-ch\/wp-json\/wp\/v2\/media?parent=53475"}],"wp:term":[{"taxonomy":"product_brand","embeddable":true,"href":"https:\/\/fh-staging.vengo.cloud\/fr-ch\/wp-json\/wp\/v2\/product_brand?post=53475"},{"taxonomy":"product_cat","embeddable":true,"href":"https:\/\/fh-staging.vengo.cloud\/fr-ch\/wp-json\/wp\/v2\/product_cat?post=53475"},{"taxonomy":"product_tag","embeddable":true,"href":"https:\/\/fh-staging.vengo.cloud\/fr-ch\/wp-json\/wp\/v2\/product_tag?post=53475"},{"taxonomy":"woo-feed-brand","embeddable":true,"href":"https:\/\/fh-staging.vengo.cloud\/fr-ch\/wp-json\/wp\/v2\/woo-feed-brand?post=53475"}],"curies":[{"name":"wp","href":"https:\/\/api.w.org\/{rel}","templated":true}]}}