{"id":52843,"date":"2025-04-01T16:10:24","date_gmt":"2025-04-01T14:10:24","guid":{"rendered":"https:\/\/fh-staging.vengo.cloud\/de-ch\/?post_type=product&#038;p=52843"},"modified":"2025-06-17T17:09:42","modified_gmt":"2025-06-17T15:09:42","slug":"set-de-cartes-postales-ecole","status":"publish","type":"product","link":"https:\/\/fh-staging.vengo.cloud\/fr-ch\/p\/postkarten-set-schule","title":{"rendered":"Set de cartes postales \"Ecole"},"content":{"rendered":"<p>Il a \u00e9t\u00e9 sp\u00e9cialement con\u00e7u pour \u00eatre utilis\u00e9 \u00e0 l'\u00e9cole. Les enseignants peuvent ainsi montrer aux enfants qu'ils sont per\u00e7us et appr\u00e9ci\u00e9s dans leur singularit\u00e9. Les tatouages peuvent \u00eatre utilis\u00e9s pour un soutien individuel ou comme symbole de petites ou grandes particularit\u00e9s. Ils aident les enfants - tout comme les affirmations - \u00e0 renforcer leur confiance en eux.<\/p>\n<p><strong>Les six messages des cartes postales de l'\u00e9cole sont les suivants :<\/strong><br \/>\nJe crois fermement en toi.<br \/>\nTon engagement m'impressionne.<br \/>\nTa curiosit\u00e9 est merveilleuse.<br \/>\nTu es tr\u00e8s sp\u00e9cial.<br \/>\nJe suis fi\u00e8re de toi<br \/>\nC'est si bon de t'avoir aid\u00e9<\/p>\n<p>D'autres tatouages Kraft peuvent \u00eatre ajout\u00e9s individuellement plus tard. Le porte-cartes est un joli compl\u00e9ment aux cartes postales. Il est produit par des personnes handicap\u00e9es \u00e0 la fondation BSZ dans le canton de Schwyz. Il n'est pas inclus dans cette livraison.<\/p>\n<p><strong>Format A6<\/strong><br \/>\nLxL = 10.5\u00d714.8 cm<\/p>\n<p><strong>Contenu de la livraison<\/strong><br \/>\nLe kit se compose de 6 cartes postales avec des messages individuels (affirmations) et de 3 feuilles de tatouage avec un total de 18 tatouages d'animaux de pouvoir.<\/p>\n<p><strong>Production<\/strong><br \/>\nLes cartes postales sont fabriqu\u00e9es \u00e0 partir d'un papier naturel soigneusement s\u00e9lectionn\u00e9, FSC\u00ae, 100 % de vieux papier, produit par Engelberger Druck \u00e0 Stans. Les tatouages durables d'animaux de pouvoir Organic sont test\u00e9s dermatologiquement, v\u00e9g\u00e9taliens &amp; biod\u00e9gradables, produits en Autriche.<\/p>","protected":false},"excerpt":{"rendered":"<p>Le set de cartes postales \"Ecole\" contient des messages motivants qui sont rendus visibles et symboliques pour les enfants gr\u00e2ce aux tatouages d'animaux.<\/p>","protected":false},"featured_media":52844,"template":"","meta":[],"product_brand":[],"product_cat":[23,59,939,52,58],"product_tag":[1036],"woo-feed-brand":[],"class_list":{"0":"post-52843","1":"product","2":"type-product","3":"status-publish","4":"has-post-thumbnail","6":"product_cat-home-living","7":"product_cat-kids","8":"product_cat-kindergeschenke","9":"product_cat-geschenke","10":"product_cat-grusskarten","11":"product_tag-naturprodukte-byminz","12":"product_shipping_class-1-3-arbeitstage","14":"first","15":"instock","16":"taxable","17":"shipping-taxable","18":"purchasable","19":"product-type-simple"},"_links":{"self":[{"href":"https:\/\/fh-staging.vengo.cloud\/fr-ch\/wp-json\/wp\/v2\/product\/52843","targetHints":{"allow":["GET"]}}],"collection":[{"href":"https:\/\/fh-staging.vengo.cloud\/fr-ch\/wp-json\/wp\/v2\/product"}],"about":[{"href":"https:\/\/fh-staging.vengo.cloud\/fr-ch\/wp-json\/wp\/v2\/types\/product"}],"wp:featuredmedia":[{"embeddable":true,"href":"https:\/\/fh-staging.vengo.cloud\/fr-ch\/wp-json\/wp\/v2\/media\/52844"}],"wp:attachment":[{"href":"https:\/\/fh-staging.vengo.cloud\/fr-ch\/wp-json\/wp\/v2\/media?parent=52843"}],"wp:term":[{"taxonomy":"product_brand","embeddable":true,"href":"https:\/\/fh-staging.vengo.cloud\/fr-ch\/wp-json\/wp\/v2\/product_brand?post=52843"},{"taxonomy":"product_cat","embeddable":true,"href":"https:\/\/fh-staging.vengo.cloud\/fr-ch\/wp-json\/wp\/v2\/product_cat?post=52843"},{"taxonomy":"product_tag","embeddable":true,"href":"https:\/\/fh-staging.vengo.cloud\/fr-ch\/wp-json\/wp\/v2\/product_tag?post=52843"},{"taxonomy":"woo-feed-brand","embeddable":true,"href":"https:\/\/fh-staging.vengo.cloud\/fr-ch\/wp-json\/wp\/v2\/woo-feed-brand?post=52843"}],"curies":[{"name":"wp","href":"https:\/\/api.w.org\/{rel}","templated":true}]}}