{"id":52825,"date":"2025-04-01T16:10:29","date_gmt":"2025-04-01T14:10:29","guid":{"rendered":"https:\/\/fh-staging.vengo.cloud\/de-ch\/?post_type=product&#038;p=52825"},"modified":"2025-11-04T14:43:05","modified_gmt":"2025-11-04T13:43:05","slug":"kit-de-tatouage-de-force","status":"publish","type":"product","link":"https:\/\/fh-staging.vengo.cloud\/fr-ch\/p\/kraft-tattoos-ergaenzungsset","title":{"rendered":"Tatouages de force (set compl\u00e9mentaire)"},"content":{"rendered":"<p>Les tatouages de force sont un outil adapt\u00e9 aux enfants pour surmonter les incertitudes et renforcer la confiance en soi. Le tatouage sur le bras rappelle les messages et aide l'enfant - un peu comme une affirmation - \u00e0 avoir confiance en ses propres capacit\u00e9s. Ce set compl\u00e9mentaire s'adapte parfaitement \u00e0 nos sets de cartes postales \"AMIS\" et \"BOUCLES DE PUISSANCE\".<\/p>\n<p><strong>Contenu de la livraison<\/strong><br \/>\nTatouages Kraft (kit compl\u00e9mentaire) - trois feuilles individuelles contenant chacune 6 tatouages d'animaux, assortis aux cartes postales d'animaux et au porte-cartes, qui ne sont pas inclus dans ce produit.<\/p>\n<p><strong>Format A6<\/strong><br \/>\nLxL = 10.5\u00d714.8 cm<\/p>\n<p><strong>Production<\/strong><br \/>\nLes tatouages adh\u00e9sifs durables pour animaux Organic sont test\u00e9s dermatologiquement, v\u00e9g\u00e9taliens &amp; biod\u00e9gradables, produits en Autriche. Les tatouages Kraft font partie de la gamme de produits naturels byMinz - par respect pour l'homme et la nature.<\/p>","protected":false},"excerpt":{"rendered":"<p>Trois feuilles de 6 tatouages d'animaux, chacun correspondant \u00e0 un message de vie.<\/p>","protected":false},"featured_media":52821,"template":"","meta":[],"product_brand":[],"product_cat":[1207,909,915,59,939],"product_tag":[1036],"woo-feed-brand":[],"class_list":{"0":"post-52825","1":"product","2":"type-product","3":"status-publish","4":"has-post-thumbnail","6":"product_cat-unter-25-chf","7":"product_cat-weihnachten","8":"product_cat-wichteln","9":"product_cat-kids","10":"product_cat-kindergeschenke","11":"product_tag-naturprodukte-byminz","13":"first","14":"instock","15":"taxable","16":"shipping-taxable","17":"purchasable","18":"product-type-simple"},"_links":{"self":[{"href":"https:\/\/fh-staging.vengo.cloud\/fr-ch\/wp-json\/wp\/v2\/product\/52825","targetHints":{"allow":["GET"]}}],"collection":[{"href":"https:\/\/fh-staging.vengo.cloud\/fr-ch\/wp-json\/wp\/v2\/product"}],"about":[{"href":"https:\/\/fh-staging.vengo.cloud\/fr-ch\/wp-json\/wp\/v2\/types\/product"}],"wp:featuredmedia":[{"embeddable":true,"href":"https:\/\/fh-staging.vengo.cloud\/fr-ch\/wp-json\/wp\/v2\/media\/52821"}],"wp:attachment":[{"href":"https:\/\/fh-staging.vengo.cloud\/fr-ch\/wp-json\/wp\/v2\/media?parent=52825"}],"wp:term":[{"taxonomy":"product_brand","embeddable":true,"href":"https:\/\/fh-staging.vengo.cloud\/fr-ch\/wp-json\/wp\/v2\/product_brand?post=52825"},{"taxonomy":"product_cat","embeddable":true,"href":"https:\/\/fh-staging.vengo.cloud\/fr-ch\/wp-json\/wp\/v2\/product_cat?post=52825"},{"taxonomy":"product_tag","embeddable":true,"href":"https:\/\/fh-staging.vengo.cloud\/fr-ch\/wp-json\/wp\/v2\/product_tag?post=52825"},{"taxonomy":"woo-feed-brand","embeddable":true,"href":"https:\/\/fh-staging.vengo.cloud\/fr-ch\/wp-json\/wp\/v2\/woo-feed-brand?post=52825"}],"curies":[{"name":"wp","href":"https:\/\/api.w.org\/{rel}","templated":true}]}}