{"id":52819,"date":"2025-04-01T16:10:31","date_gmt":"2025-04-01T14:10:31","guid":{"rendered":"https:\/\/fh-staging.vengo.cloud\/de-ch\/?post_type=product&#038;p=52819"},"modified":"2025-11-04T14:42:53","modified_gmt":"2025-11-04T13:42:53","slug":"kit-de-tatouage-kraft","status":"publish","type":"product","link":"https:\/\/fh-staging.vengo.cloud\/fr-ch\/p\/kraft-tattoo-set","title":{"rendered":"Kit de tatouage Kraft"},"content":{"rendered":"<p>Ceux-l\u00e0 se sentent puissants du point de vue des enfants. La dispute avec la petite amie. Le fait d'\u00eatre exclu. La peur du noir. La douleur de la s\u00e9paration. La retenue de la frustration. La pression de la performance. La patience jusqu'\u00e0 la gu\u00e9rison. Ce sont des soucis que les parents ne peuvent pas enlever aux enfants. Mais on peut aider les enfants \u00e0 croire en eux-m\u00eames. L'animal sur chaque carte postale repr\u00e9sente un message. Le m\u00eame animal en tatouage sur le bras rappelle la force de ce message et aide l'enfant - comme une affirmation - \u00e0 avoir confiance en ses propres capacit\u00e9s. Les six messages sont les suivants : Tu seras prot\u00e9g\u00e9. Nous sommes fiers de toi. Aie confiance en toi et en tes capacit\u00e9s. Tu es exactement comme tu es. C'est difficile, mais tu peux le faire. Tu es plus puissant que le probl\u00e8me. D'autres tatouages de force peuvent \u00eatre ajout\u00e9s individuellement plus tard.<\/p>\n<p><strong>Contenu de la livraison<\/strong><br \/>\nLe kit se compose d'un porte-cartes postales magn\u00e9tique en bois, de 3 feuilles de tatouage avec un total de 18 tatouages et de six cartes postales avec des messages \/ affirmations personnalis\u00e9s.<\/p>\n<p><strong>Masse<\/strong><br \/>\nLxLxP = 14.8\u00d710.5\u00d71.5 cm<\/p>\n<p><strong>Production<\/strong><br \/>\nLe porte-cartes a \u00e9t\u00e9 produit par des personnes handicap\u00e9es \u00e0 la fondation BSZ dans le canton de Schwyz. Il a \u00e9t\u00e9 fabriqu\u00e9 en bois de h\u00eatre suisse, non trait\u00e9, FSC\u00ae. Les cartes postales sont faites d'un papier naturel soigneusement s\u00e9lectionn\u00e9, FSC\u00ae, 100 % de vieux papier, produit par Engelberger Druck \u00e0 Stans. Les tatouages adh\u00e9sifs durables pour animaux Organic sont test\u00e9s dermatologiquement, v\u00e9g\u00e9taliens &amp; biod\u00e9gradables, produits en Autriche. Par respect pour l'homme et la nature.<\/p>","protected":false},"excerpt":{"rendered":"<p>Les tatouages de force sont un outil adapt\u00e9 aux enfants pour g\u00e9rer les peurs et les ins\u00e9curit\u00e9s.<\/p>","protected":false},"featured_media":52820,"template":"","meta":[],"product_brand":[],"product_cat":[1208,909,915,59,939],"product_tag":[1036],"woo-feed-brand":[],"class_list":{"0":"post-52819","1":"product","2":"type-product","3":"status-publish","4":"has-post-thumbnail","6":"product_cat-ueber-25-chf","7":"product_cat-weihnachten","8":"product_cat-wichteln","9":"product_cat-kids","10":"product_cat-kindergeschenke","11":"product_tag-naturprodukte-byminz","13":"first","14":"instock","15":"taxable","16":"shipping-taxable","17":"purchasable","18":"product-type-simple"},"_links":{"self":[{"href":"https:\/\/fh-staging.vengo.cloud\/fr-ch\/wp-json\/wp\/v2\/product\/52819","targetHints":{"allow":["GET"]}}],"collection":[{"href":"https:\/\/fh-staging.vengo.cloud\/fr-ch\/wp-json\/wp\/v2\/product"}],"about":[{"href":"https:\/\/fh-staging.vengo.cloud\/fr-ch\/wp-json\/wp\/v2\/types\/product"}],"wp:featuredmedia":[{"embeddable":true,"href":"https:\/\/fh-staging.vengo.cloud\/fr-ch\/wp-json\/wp\/v2\/media\/52820"}],"wp:attachment":[{"href":"https:\/\/fh-staging.vengo.cloud\/fr-ch\/wp-json\/wp\/v2\/media?parent=52819"}],"wp:term":[{"taxonomy":"product_brand","embeddable":true,"href":"https:\/\/fh-staging.vengo.cloud\/fr-ch\/wp-json\/wp\/v2\/product_brand?post=52819"},{"taxonomy":"product_cat","embeddable":true,"href":"https:\/\/fh-staging.vengo.cloud\/fr-ch\/wp-json\/wp\/v2\/product_cat?post=52819"},{"taxonomy":"product_tag","embeddable":true,"href":"https:\/\/fh-staging.vengo.cloud\/fr-ch\/wp-json\/wp\/v2\/product_tag?post=52819"},{"taxonomy":"woo-feed-brand","embeddable":true,"href":"https:\/\/fh-staging.vengo.cloud\/fr-ch\/wp-json\/wp\/v2\/woo-feed-brand?post=52819"}],"curies":[{"name":"wp","href":"https:\/\/api.w.org\/{rel}","templated":true}]}}