{"id":52811,"date":"2025-04-01T16:10:33","date_gmt":"2025-04-01T14:10:33","guid":{"rendered":"https:\/\/fh-staging.vengo.cloud\/de-ch\/?post_type=product&#038;p=52811"},"modified":"2025-10-22T09:22:07","modified_gmt":"2025-10-22T07:22:07","slug":"porte-cartes","status":"publish","type":"product","link":"https:\/\/fh-staging.vengo.cloud\/fr-ch\/p\/kartenhalter","title":{"rendered":"Porte-cartes"},"content":{"rendered":"<p>Il est d\u00e9coratif, polyvalent et convient \u00e0 tous les formats. Il s'accorde particuli\u00e8rement bien avec nos sets de cartes postales \"AMIS\" et \"MESSAGES DE PUISSANCE\" qui, avec les tatouages pour enfants, transmettent des souvenirs puissants de messages importants de la vie.<\/p>\n<p>Un porte-cartes postales en bois de h\u00eatre suisse. Les sets de cartes postales \"AMIS\" et \"MESSAGES DE FORCE\" ainsi que les tatouages de force, disponibles sur demande, constituent un joli compl\u00e9ment.<\/p>\n<p><strong>Production<\/strong><br \/>\nLe porte-cartes est produit dans la fondation BSZ dans le canton de Schwyz par des personnes handicap\u00e9es, fabriqu\u00e9 en bois de h\u00eatre suisse, non trait\u00e9, FSC\u00ae.<\/p>\n<p><strong>Masse<\/strong><br \/>\nLxLxP = 14.8\u00d710.5\u00d71 cm<\/p>","protected":false},"excerpt":{"rendered":"<p>Ce porte-cartes postales de haute qualit\u00e9 se compose de deux parties en bois de h\u00eatre reli\u00e9es par des aimants.<strong>e bois.<\/strong><\/p>","protected":false},"featured_media":52812,"template":"","meta":[],"product_brand":[],"product_cat":[1190,23,30,59,939],"product_tag":[1036],"woo-feed-brand":[],"class_list":{"0":"post-52811","1":"product","2":"type-product","3":"status-publish","4":"has-post-thumbnail","6":"product_cat-dekoobjekte","7":"product_cat-home-living","8":"product_cat-deko-accessoires","9":"product_cat-kids","10":"product_cat-kindergeschenke","11":"product_tag-naturprodukte-byminz","13":"first","14":"instock","15":"taxable","16":"shipping-taxable","17":"purchasable","18":"product-type-simple"},"_links":{"self":[{"href":"https:\/\/fh-staging.vengo.cloud\/fr-ch\/wp-json\/wp\/v2\/product\/52811","targetHints":{"allow":["GET"]}}],"collection":[{"href":"https:\/\/fh-staging.vengo.cloud\/fr-ch\/wp-json\/wp\/v2\/product"}],"about":[{"href":"https:\/\/fh-staging.vengo.cloud\/fr-ch\/wp-json\/wp\/v2\/types\/product"}],"wp:featuredmedia":[{"embeddable":true,"href":"https:\/\/fh-staging.vengo.cloud\/fr-ch\/wp-json\/wp\/v2\/media\/52812"}],"wp:attachment":[{"href":"https:\/\/fh-staging.vengo.cloud\/fr-ch\/wp-json\/wp\/v2\/media?parent=52811"}],"wp:term":[{"taxonomy":"product_brand","embeddable":true,"href":"https:\/\/fh-staging.vengo.cloud\/fr-ch\/wp-json\/wp\/v2\/product_brand?post=52811"},{"taxonomy":"product_cat","embeddable":true,"href":"https:\/\/fh-staging.vengo.cloud\/fr-ch\/wp-json\/wp\/v2\/product_cat?post=52811"},{"taxonomy":"product_tag","embeddable":true,"href":"https:\/\/fh-staging.vengo.cloud\/fr-ch\/wp-json\/wp\/v2\/product_tag?post=52811"},{"taxonomy":"woo-feed-brand","embeddable":true,"href":"https:\/\/fh-staging.vengo.cloud\/fr-ch\/wp-json\/wp\/v2\/woo-feed-brand?post=52811"}],"curies":[{"name":"wp","href":"https:\/\/api.w.org\/{rel}","templated":true}]}}