{"id":52760,"date":"2025-04-01T16:10:45","date_gmt":"2025-04-01T14:10:45","guid":{"rendered":"https:\/\/fh-staging.vengo.cloud\/de-ch\/?post_type=product&#038;p=52760"},"modified":"2025-06-17T17:08:32","modified_gmt":"2025-06-17T15:08:32","slug":"sapin-02-01-11-01-05-07-14-07","status":"publish","type":"product","link":"https:\/\/fh-staging.vengo.cloud\/fr-ch\/p\/tanne-02-01-11-01-05-07-14-07","title":{"rendered":"Sapin 02.01-11.01. &amp; 05.07-14.07."},"content":{"rendered":"<p>Chaque jour de l'ann\u00e9e repr\u00e9sente un arbre dans le cercle celtique des arbres. Celui-ci repr\u00e9sente \u00e0 son tour les particularit\u00e9s, les caract\u00e9ristiques et le potentiel de la personne qui est n\u00e9e ce jour-l\u00e0. De nos jours, de nombreuses personnes se reconnectent \u00e0 la nature et s'int\u00e9ressent \u00e0 son symbolisme. Celle-ci est utilis\u00e9e comme outil de connaissance de soi et pour comprendre et d\u00e9velopper son propre potentiel. Offrir un jeune arbre devient donc un cadeau unique, durable et proche de la nature pour la naissance d'un enfant, un bapt\u00eame, un anniversaire, un mariage, une premi\u00e8re communion, une confirmation, un anniversaire ou la cr\u00e9ation d'une entreprise.<\/p>\n<p><strong>Tu trouveras plus d'informations <a href=\"https:\/\/fh-staging.vengo.cloud\/fr-ch\/mon-arbre-de-lhoroscope\/\">ici<\/a>.:<\/strong> Quel arbre suis-je ? Et que r\u00e9v\u00e8le la signification de l'arbre sur ma personnalit\u00e9 ?<\/p>\n<p>Chaque arbre de l'horoscope est accompagn\u00e9 d'un d\u00e9pliant contenant des informations sur l'horoscope celtique des arbres, notamment une description de la personne n\u00e9e sous le signe de l'arbre en question : ses points forts, son potentiel et ses possibilit\u00e9s de d\u00e9veloppement.<\/p>\n<p>Tu y trouveras \u00e9galement des conseils pour prendre soin du jeune arbre qui, \u00e0 l'exp\u00e9dition, mesure entre 30 et 60 cm de haut. Note que les jeunes arbres ne portent pas de feuilles toute l'ann\u00e9e.<\/p>\n<p>&#8211; &#8211; &#8211;<br \/>\nSi tu commandes ce jeune arbre avec horoscope \u00e0 une autre adresse de livraison en tant que cadeau, une carte cadeau sera automatiquement jointe pour indiquer que le cadeau est de toi.<\/p>","protected":false},"excerpt":{"rendered":"<p>Ce jeune arbre symbolise la force protectrice de la confiance (originelle).<br \/>\n<strong>02.01. - 11.01. et 05.07. - 14.07.<\/strong><\/p>","protected":false},"featured_media":52762,"template":"","meta":[],"product_brand":[],"product_cat":[1034,52],"product_tag":[1036],"woo-feed-brand":[],"class_list":{"0":"post-52760","1":"product","2":"type-product","3":"status-publish","4":"has-post-thumbnail","6":"product_cat-horoskop-baeume","7":"product_cat-geschenke","8":"product_tag-naturprodukte-byminz","10":"first","11":"instock","12":"taxable","13":"shipping-taxable","14":"purchasable","15":"product-type-simple"},"_links":{"self":[{"href":"https:\/\/fh-staging.vengo.cloud\/fr-ch\/wp-json\/wp\/v2\/product\/52760","targetHints":{"allow":["GET"]}}],"collection":[{"href":"https:\/\/fh-staging.vengo.cloud\/fr-ch\/wp-json\/wp\/v2\/product"}],"about":[{"href":"https:\/\/fh-staging.vengo.cloud\/fr-ch\/wp-json\/wp\/v2\/types\/product"}],"wp:featuredmedia":[{"embeddable":true,"href":"https:\/\/fh-staging.vengo.cloud\/fr-ch\/wp-json\/wp\/v2\/media\/52762"}],"wp:attachment":[{"href":"https:\/\/fh-staging.vengo.cloud\/fr-ch\/wp-json\/wp\/v2\/media?parent=52760"}],"wp:term":[{"taxonomy":"product_brand","embeddable":true,"href":"https:\/\/fh-staging.vengo.cloud\/fr-ch\/wp-json\/wp\/v2\/product_brand?post=52760"},{"taxonomy":"product_cat","embeddable":true,"href":"https:\/\/fh-staging.vengo.cloud\/fr-ch\/wp-json\/wp\/v2\/product_cat?post=52760"},{"taxonomy":"product_tag","embeddable":true,"href":"https:\/\/fh-staging.vengo.cloud\/fr-ch\/wp-json\/wp\/v2\/product_tag?post=52760"},{"taxonomy":"woo-feed-brand","embeddable":true,"href":"https:\/\/fh-staging.vengo.cloud\/fr-ch\/wp-json\/wp\/v2\/woo-feed-brand?post=52760"}],"curies":[{"name":"wp","href":"https:\/\/api.w.org\/{rel}","templated":true}]}}