{"id":52516,"date":"2025-09-25T08:31:08","date_gmt":"2025-09-25T06:31:08","guid":{"rendered":"https:\/\/fh-staging.vengo.cloud\/de-ch\/?post_type=product&#038;p=52516"},"modified":"2025-12-10T10:48:16","modified_gmt":"2025-12-10T09:48:16","slug":"tartufotto-bianco-200g","status":"publish","type":"product","link":"https:\/\/fh-staging.vengo.cloud\/fr-ch\/p\/tartufotto-bianco-200g","title":{"rendered":"Tartufotto Bianco (200g)"},"content":{"rendered":"<p><strong>Tartufo blanc aux noisettes<\/strong><\/p>\n<p>Tartufi blancs faits main \u00e0 base de cr\u00e8me de noisettes claires et de noisettes enti\u00e8res - enrob\u00e9s de chocolat blanc et saupoudr\u00e9s de sucre glace.<\/p>\n<p>INGR\u00c9DIENTS Ext\u00e9rieur : cr\u00e8me au chocolat blanc 25 %(sucre, beurre de cacao, lait entier en poudre , cr\u00e8me en poudre , \u00e9mulsifiant : l\u00e9cithine de soja, extrait naturel de vanille. Cacao min : 30%), sucre en poudre, beurre de cacao. A l'int\u00e9rieur, il y a des ingr\u00e9dients : Noisettes 30 %, chocolat au lait (sucre , beurre de cacao, lait complet en poudre, p\u00e2te de cacao \u00e9mulsifiant : l\u00e9cithine de soja,<br \/>\nExtrait naturel de vanille. Cacao min. 35 %, chocolat blanc, cr\u00e8me 6% (sucre, beurre de cacao, lait entier en poudre , cr\u00e8me en poudre , \u00e9mulsifiant : l\u00e9cithine de soja, extrait, vanille naturelle. Cacao min : 30%. Peut contenir des traces d'amandes, de pistaches, de c\u00e9r\u00e9ales contenant du gluten, d'\u0153ufs.<\/p>\n<ul>\n<li><strong>VALEURS NUTRITIONNELLES MOYENNES PAR 100 g<\/strong><\/li>\n<li>\u00c9nergie 2246 kj 588 kcal<\/li>\n<li>Graisses 41,7g dont satur\u00e9es 15,7g<\/li>\n<li>Glucides 44.4g dont sucre 43.6g<\/li>\n<li>Fibres 3.4g<\/li>\n<li>Prot\u00e9ines 7.2g<\/li>\n<li>Sel 0.20g<\/li>\n<\/ul>","protected":false},"excerpt":{"rendered":"<p>Tartufotto Bianco sucr\u00e9<\/p>\n<h1 class=\"product-title product_title entry-title\"><\/h1>","protected":false},"featured_media":68401,"template":"","meta":[],"product_brand":[],"product_cat":[114,995,1090,984,1088,42,885,52,54],"product_tag":[1027],"woo-feed-brand":[],"class_list":{"0":"post-52516","1":"product","2":"type-product","3":"status-publish","4":"has-post-thumbnail","6":"product_cat-schokolade-sweets","7":"product_cat-essen-trinken","8":"product_cat-geniesser","9":"product_cat-silvester","10":"product_cat-vatertag","11":"product_cat-kueche","12":"product_cat-koestlichkeiten","13":"product_cat-geschenke","14":"product_cat-feinkost","15":"product_tag-fattoreffe","17":"first","18":"instock","19":"featured","20":"taxable","21":"shipping-taxable","22":"purchasable","23":"product-type-simple"},"_links":{"self":[{"href":"https:\/\/fh-staging.vengo.cloud\/fr-ch\/wp-json\/wp\/v2\/product\/52516","targetHints":{"allow":["GET"]}}],"collection":[{"href":"https:\/\/fh-staging.vengo.cloud\/fr-ch\/wp-json\/wp\/v2\/product"}],"about":[{"href":"https:\/\/fh-staging.vengo.cloud\/fr-ch\/wp-json\/wp\/v2\/types\/product"}],"wp:featuredmedia":[{"embeddable":true,"href":"https:\/\/fh-staging.vengo.cloud\/fr-ch\/wp-json\/wp\/v2\/media\/68401"}],"wp:attachment":[{"href":"https:\/\/fh-staging.vengo.cloud\/fr-ch\/wp-json\/wp\/v2\/media?parent=52516"}],"wp:term":[{"taxonomy":"product_brand","embeddable":true,"href":"https:\/\/fh-staging.vengo.cloud\/fr-ch\/wp-json\/wp\/v2\/product_brand?post=52516"},{"taxonomy":"product_cat","embeddable":true,"href":"https:\/\/fh-staging.vengo.cloud\/fr-ch\/wp-json\/wp\/v2\/product_cat?post=52516"},{"taxonomy":"product_tag","embeddable":true,"href":"https:\/\/fh-staging.vengo.cloud\/fr-ch\/wp-json\/wp\/v2\/product_tag?post=52516"},{"taxonomy":"woo-feed-brand","embeddable":true,"href":"https:\/\/fh-staging.vengo.cloud\/fr-ch\/wp-json\/wp\/v2\/woo-feed-brand?post=52516"}],"curies":[{"name":"wp","href":"https:\/\/api.w.org\/{rel}","templated":true}]}}