{"id":52243,"date":"2025-09-25T08:31:08","date_gmt":"2025-09-25T06:31:08","guid":{"rendered":"https:\/\/fh-staging.vengo.cloud\/de-ch\/?post_type=product&#038;p=52243"},"modified":"2025-09-25T08:31:08","modified_gmt":"2025-09-25T06:31:08","slug":"chocolate-rocks-coffee-dunkers-150g-ace-tea-london","status":"publish","type":"product","link":"https:\/\/fh-staging.vengo.cloud\/fr-ch\/p\/chocolate-rocks-coffee-dunkers-150g-ace-tea-london","title":{"rendered":"Chocolate Rocks Coffee Dunkers 150g Ace Tea London"},"content":{"rendered":"<p>Gemacht f\u00fcr Kaffeeliebhaber.<\/p>\n<p>Diese wirklich k\u00f6stlichen <strong>Chocolate Rocks<\/strong>\u00a0<strong>COFFEE DUNKERS\u00a0<\/strong> sehen nicht nur fabelhaft aus, sondern sind auch k\u00f6stlich und perfekt f\u00fcr einen Espresso, Cappuccino, Latte, Macchiato oder jeden anderen Kaffee, den du geniessen m\u00f6chtest. Eine kleine Charge, die exklusiv f\u00fcr uns hergestellt wird und nur die besten Zutaten aus Grossbritannien verwendet.<\/p>\n<p>10 Momente in jeder Schachtel zum Geniessen und Teilen.<\/p>\n<div>Zutaten: Weizenmehl (Weizen, Kalziumkarbonat, Eisen, Niacin, Thiamin), pflanzliche Margarine (Palm\u00f6l [aus nachhaltiger Quelle], Raps\u00f6l, Wasser, Salz), Schokoladenchips (17%) (Zucker, Kakaomasse, Kakaobutter, Emulgator: Sojalecithin, nat\u00fcrliches Vanille-Aroma). Zucker, Dunkelbrauner Zucker, Goldener Sirup, Pasteurisiertes Ei. Backtriebmittel: Calciumphosphat, Natriumbicarbonat und Ammoniumbicarbonat, nat\u00fcrlicher Vanilleextrakt.<\/div>\n<div>Nettogewicht: 150g \/ 5.29oz<\/div>\n<div><\/div>\n<div><\/div>\n<div><strong><br \/>\nHinweise f\u00fcr Allergiker: Allergene, einschliesslich glutenhaltiges Getreide, siehe fett gedruckte Zutaten. Hergestellt in einer Fabrik, die auch Baumn\u00fcsse verarbeitet. Geeignet f\u00fcr Vegetarier. An einem k\u00fchlen, trockenen Ort aufbewahren. Nach dem \u00d6ffnen in einem luftdichten Beh\u00e4lter aufbewahren.\u00a0<\/strong><\/div>\n<div><\/div>\n<div><\/div>\n<div><strong><br \/>\nN\u00e4hrwerte\u00a0 UK und EU Typische Werte:<\/strong><\/div>\n<div>Pro 100g<\/div>\n<div>Energie: 2152kj \/ 514 kcal.<\/div>\n<div>Fett: 24.9g \/ davon ges\u00e4ttigte Fetts\u00e4uren 10.5g<\/div>\n<div>Kohlenhydrate : 65.7g \/ davon Zucker 32.6g<\/div>\n<div>\n<div>Eiweiss : 5.7g<\/div>\n<div>Salz : 0.8g<\/div>\n<\/div>\n","protected":false},"excerpt":{"rendered":"<p>Cookies avec morceaux de chocolat - 10 moments dans chaque bo\u00eete \u00e0 savourer et \u00e0 partager.<\/p>","protected":false},"featured_media":52244,"template":"","meta":[],"product_brand":[],"product_cat":[114,1090,1088,42,885,52,54],"product_tag":[1027],"woo-feed-brand":[],"class_list":{"0":"post-52243","1":"product","2":"type-product","3":"status-publish","4":"has-post-thumbnail","6":"product_cat-schokolade-sweets","7":"product_cat-geniesser","8":"product_cat-vatertag","9":"product_cat-kueche","10":"product_cat-koestlichkeiten","11":"product_cat-geschenke","12":"product_cat-feinkost","13":"product_tag-fattoreffe","15":"first","16":"instock","17":"taxable","18":"shipping-taxable","19":"purchasable","20":"product-type-simple"},"_links":{"self":[{"href":"https:\/\/fh-staging.vengo.cloud\/fr-ch\/wp-json\/wp\/v2\/product\/52243","targetHints":{"allow":["GET"]}}],"collection":[{"href":"https:\/\/fh-staging.vengo.cloud\/fr-ch\/wp-json\/wp\/v2\/product"}],"about":[{"href":"https:\/\/fh-staging.vengo.cloud\/fr-ch\/wp-json\/wp\/v2\/types\/product"}],"wp:featuredmedia":[{"embeddable":true,"href":"https:\/\/fh-staging.vengo.cloud\/fr-ch\/wp-json\/wp\/v2\/media\/52244"}],"wp:attachment":[{"href":"https:\/\/fh-staging.vengo.cloud\/fr-ch\/wp-json\/wp\/v2\/media?parent=52243"}],"wp:term":[{"taxonomy":"product_brand","embeddable":true,"href":"https:\/\/fh-staging.vengo.cloud\/fr-ch\/wp-json\/wp\/v2\/product_brand?post=52243"},{"taxonomy":"product_cat","embeddable":true,"href":"https:\/\/fh-staging.vengo.cloud\/fr-ch\/wp-json\/wp\/v2\/product_cat?post=52243"},{"taxonomy":"product_tag","embeddable":true,"href":"https:\/\/fh-staging.vengo.cloud\/fr-ch\/wp-json\/wp\/v2\/product_tag?post=52243"},{"taxonomy":"woo-feed-brand","embeddable":true,"href":"https:\/\/fh-staging.vengo.cloud\/fr-ch\/wp-json\/wp\/v2\/woo-feed-brand?post=52243"}],"curies":[{"name":"wp","href":"https:\/\/api.w.org\/{rel}","templated":true}]}}