{"id":5195,"date":"2019-07-11T13:55:28","date_gmt":"2019-07-11T13:55:28","guid":{"rendered":"https:\/\/fh-staging.vengo.cloud\/?product=bacsac-pot-3-liter-cerise"},"modified":"2025-05-12T14:32:52","modified_gmt":"2025-05-12T12:32:52","slug":"bacsac-pot-3-litres-cerise","status":"publish","type":"product","link":"https:\/\/fh-staging.vengo.cloud\/fr-ch\/p\/bacsac-pot-3-liter-cerise","title":{"rendered":"BACSAC Pot 3 litres cerise"},"content":{"rendered":"<p>Les bacs \u00e0 plantes de BACSAC\u00ae, l'original fran\u00e7ais, est le r\u00e9cipient tendance absolu pour l'Urbangardening ! Si tu aimes le style, les sacs \u00e0 plantes de BACSAC sont faits pour toi. BACSAC\u00ae est une gamme de produits qui permet de cr\u00e9er des jardins l\u00e9gers et flexibles sur le balcon et la terrasse. Bacsac permet \u00e0 la terre de respirer et \u00e0 l'eau en exc\u00e8s de s'\u00e9couler.<\/p>\n<p>Son tissu technique multicouche maintient l'\u00e9quilibre n\u00e9cessaire entre l'air, la terre et l'eau. Il est r\u00e9sistant \u00e0 la d\u00e9chirure, \u00e0 l'abrasion et aux UV et supporte des temp\u00e9ratures allant de -30 \u00b0 C \u00e0 + 70 \u00b0 C. \u00c0 l'int\u00e9rieur, la combinaison de trois couches de feutre prot\u00e8ge les racines et limite ainsi l'\u00e9vaporation et r\u00e9partit l'eau. Pour les plantations en ext\u00e9rieur, on plante directement dans le bac \u00e0 plantes. L'Urbangardening est ainsi tr\u00e8s simple.<\/p>\n<p>Les bacs \u00e0 plantes BACSAC\u00ae sont \u00e9galement utilis\u00e9s pour la v\u00e9g\u00e9talisation int\u00e9rieure. En int\u00e9rieur, on utilise les sacs de plantation comme cache-pots. L'id\u00e9al est de placer les plantes directement dans le sac avec une soucoupe ou un r\u00e9cipient int\u00e9rieur \u00e9tanche.<\/p>","protected":false},"excerpt":{"rendered":"<p>Jardini\u00e8re tendance en tissu de haute qualit\u00e9 r\u00e9sistant aux UV.<br \/>\nhauteur 15cm, diam\u00e8tre 15cm<\/p>","protected":false},"featured_media":5196,"template":"","meta":[],"product_brand":[],"product_cat":[40,1089,1088,34],"product_tag":[287],"woo-feed-brand":[],"class_list":{"0":"post-5195","1":"product","2":"type-product","3":"status-publish","4":"has-post-thumbnail","6":"product_cat-uebertoepfe","7":"product_cat-hobbygaertner","8":"product_cat-vatertag","9":"product_cat-garten-balkon","10":"product_tag-urbangardeningshop-ch","12":"first","13":"instock","14":"taxable","15":"shipping-taxable","16":"purchasable","17":"product-type-simple"},"_links":{"self":[{"href":"https:\/\/fh-staging.vengo.cloud\/fr-ch\/wp-json\/wp\/v2\/product\/5195","targetHints":{"allow":["GET"]}}],"collection":[{"href":"https:\/\/fh-staging.vengo.cloud\/fr-ch\/wp-json\/wp\/v2\/product"}],"about":[{"href":"https:\/\/fh-staging.vengo.cloud\/fr-ch\/wp-json\/wp\/v2\/types\/product"}],"wp:featuredmedia":[{"embeddable":true,"href":"https:\/\/fh-staging.vengo.cloud\/fr-ch\/wp-json\/wp\/v2\/media\/5196"}],"wp:attachment":[{"href":"https:\/\/fh-staging.vengo.cloud\/fr-ch\/wp-json\/wp\/v2\/media?parent=5195"}],"wp:term":[{"taxonomy":"product_brand","embeddable":true,"href":"https:\/\/fh-staging.vengo.cloud\/fr-ch\/wp-json\/wp\/v2\/product_brand?post=5195"},{"taxonomy":"product_cat","embeddable":true,"href":"https:\/\/fh-staging.vengo.cloud\/fr-ch\/wp-json\/wp\/v2\/product_cat?post=5195"},{"taxonomy":"product_tag","embeddable":true,"href":"https:\/\/fh-staging.vengo.cloud\/fr-ch\/wp-json\/wp\/v2\/product_tag?post=5195"},{"taxonomy":"woo-feed-brand","embeddable":true,"href":"https:\/\/fh-staging.vengo.cloud\/fr-ch\/wp-json\/wp\/v2\/woo-feed-brand?post=5195"}],"curies":[{"name":"wp","href":"https:\/\/api.w.org\/{rel}","templated":true}]}}