{"id":51395,"date":"2025-01-29T10:39:37","date_gmt":"2025-01-29T09:39:37","guid":{"rendered":"https:\/\/fh-staging.vengo.cloud\/de-ch\/?post_type=product&#038;p=51395"},"modified":"2025-10-13T09:42:14","modified_gmt":"2025-10-13T07:42:14","slug":"lanterne-solaire-antic-baccara","status":"publish","type":"product","link":"https:\/\/fh-staging.vengo.cloud\/fr-ch\/p\/solarlaterne-antic-baccara","title":{"rendered":"Lanterne solaire Antic Baccara"},"content":{"rendered":"<p>Passe des soir\u00e9es agr\u00e9ables \u00e0 l'ext\u00e9rieur avec la lanterne solaire \"Solar Antic Baccara\" de couleur blanche. Cette \u00e9l\u00e9gante lanterne de 18 cm de diam\u00e8tre et de 16 cm de hauteur est \u00e9quip\u00e9e d'un module LED et s'illumine d'un blanc chaud gr\u00e2ce \u00e0 l'\u00e9nergie solaire.<\/p>\n<p>La lanterne solaire \"Solar Antic Baccara\" offre une solution simple et \u00e9cologique pour l'\u00e9clairage ext\u00e9rieur. Une fois qu'elle est compl\u00e8tement charg\u00e9e, elle br\u00fble pendant environ 6 \u00e0 8 heures, cr\u00e9ant ainsi une atmosph\u00e8re romantique et relaxante.<\/p>\n<p>Que ce soit sur le balcon, dans le jardin ou sur la terrasse, cette lanterne solaire est l'accessoire parfait pour tous ceux qui veulent profiter de leur temps libre \u00e0 l'ext\u00e9rieur.<\/p>","protected":false},"excerpt":{"rendered":"<p>Lanterne solaire Antic Baccara de taille 18x16cm<\/p>","protected":false},"featured_media":51387,"template":"","meta":[],"product_brand":[],"product_cat":[35,23,108,28,34],"product_tag":[983],"woo-feed-brand":[],"class_list":{"0":"post-51395","1":"product","2":"type-product","3":"status-publish","4":"has-post-thumbnail","6":"product_cat-gartendeko","7":"product_cat-home-living","8":"product_cat-lichterketten-laternen","9":"product_cat-kerzen-lichter","10":"product_cat-garten-balkon","11":"product_tag-selection-by-fleurophome","13":"first","14":"instock","15":"taxable","16":"shipping-taxable","17":"purchasable","18":"product-type-simple"},"_links":{"self":[{"href":"https:\/\/fh-staging.vengo.cloud\/fr-ch\/wp-json\/wp\/v2\/product\/51395","targetHints":{"allow":["GET"]}}],"collection":[{"href":"https:\/\/fh-staging.vengo.cloud\/fr-ch\/wp-json\/wp\/v2\/product"}],"about":[{"href":"https:\/\/fh-staging.vengo.cloud\/fr-ch\/wp-json\/wp\/v2\/types\/product"}],"wp:featuredmedia":[{"embeddable":true,"href":"https:\/\/fh-staging.vengo.cloud\/fr-ch\/wp-json\/wp\/v2\/media\/51387"}],"wp:attachment":[{"href":"https:\/\/fh-staging.vengo.cloud\/fr-ch\/wp-json\/wp\/v2\/media?parent=51395"}],"wp:term":[{"taxonomy":"product_brand","embeddable":true,"href":"https:\/\/fh-staging.vengo.cloud\/fr-ch\/wp-json\/wp\/v2\/product_brand?post=51395"},{"taxonomy":"product_cat","embeddable":true,"href":"https:\/\/fh-staging.vengo.cloud\/fr-ch\/wp-json\/wp\/v2\/product_cat?post=51395"},{"taxonomy":"product_tag","embeddable":true,"href":"https:\/\/fh-staging.vengo.cloud\/fr-ch\/wp-json\/wp\/v2\/product_tag?post=51395"},{"taxonomy":"woo-feed-brand","embeddable":true,"href":"https:\/\/fh-staging.vengo.cloud\/fr-ch\/wp-json\/wp\/v2\/woo-feed-brand?post=51395"}],"curies":[{"name":"wp","href":"https:\/\/api.w.org\/{rel}","templated":true}]}}