{"id":51335,"date":"2025-01-29T07:22:51","date_gmt":"2025-01-29T06:22:51","guid":{"rendered":"https:\/\/fh-staging.vengo.cloud\/de-ch\/?post_type=product&#038;p=51335"},"modified":"2025-10-13T09:41:13","modified_gmt":"2025-10-13T07:41:13","slug":"arrosoir-monza-rose","status":"publish","type":"product","link":"https:\/\/fh-staging.vengo.cloud\/fr-ch\/p\/giesskanne-monza-pink","title":{"rendered":"Arrosoir Monza rose"},"content":{"rendered":"<p>Ajoute de la couleur et du style \u00e0 ta maison avec l'arrosoir \"Monza\" d'un rose vif ! Cet arrosoir, qui mesure 38,5 x 13 x 24,5 cm, est parfait pour l'int\u00e9rieur et offre non seulement une fonctionnalit\u00e9, mais aussi une touche d'\u00e9l\u00e9gance.<\/p>\n<p>L'arrosoir \"Monza\" convainc par son design moderne et son utilisation pratique. Elle est id\u00e9ale pour arroser tes plantes d'int\u00e9rieur tout en ajoutant une touche de fra\u00eecheur et de gaiet\u00e9 \u00e0 ton int\u00e9rieur. Fabriqu\u00e9e \u00e0 partir de mat\u00e9riaux de haute qualit\u00e9, elle garantit long\u00e9vit\u00e9 et fiabilit\u00e9.<\/p>","protected":false},"excerpt":{"rendered":"<p>Arrosoir Monza en rose de taille 38.5x13x24.5cm<\/p>","protected":false},"featured_media":51280,"template":"","meta":[],"product_brand":[],"product_cat":[521,23,34,37],"product_tag":[983],"woo-feed-brand":[],"class_list":{"0":"post-51335","1":"product","2":"type-product","3":"status-publish","4":"has-post-thumbnail","6":"product_cat-bewaesserung","7":"product_cat-home-living","8":"product_cat-garten-balkon","9":"product_cat-giesskannen","10":"product_tag-selection-by-fleurophome","12":"first","13":"instock","14":"taxable","15":"shipping-taxable","16":"purchasable","17":"product-type-simple"},"_links":{"self":[{"href":"https:\/\/fh-staging.vengo.cloud\/fr-ch\/wp-json\/wp\/v2\/product\/51335","targetHints":{"allow":["GET"]}}],"collection":[{"href":"https:\/\/fh-staging.vengo.cloud\/fr-ch\/wp-json\/wp\/v2\/product"}],"about":[{"href":"https:\/\/fh-staging.vengo.cloud\/fr-ch\/wp-json\/wp\/v2\/types\/product"}],"wp:featuredmedia":[{"embeddable":true,"href":"https:\/\/fh-staging.vengo.cloud\/fr-ch\/wp-json\/wp\/v2\/media\/51280"}],"wp:attachment":[{"href":"https:\/\/fh-staging.vengo.cloud\/fr-ch\/wp-json\/wp\/v2\/media?parent=51335"}],"wp:term":[{"taxonomy":"product_brand","embeddable":true,"href":"https:\/\/fh-staging.vengo.cloud\/fr-ch\/wp-json\/wp\/v2\/product_brand?post=51335"},{"taxonomy":"product_cat","embeddable":true,"href":"https:\/\/fh-staging.vengo.cloud\/fr-ch\/wp-json\/wp\/v2\/product_cat?post=51335"},{"taxonomy":"product_tag","embeddable":true,"href":"https:\/\/fh-staging.vengo.cloud\/fr-ch\/wp-json\/wp\/v2\/product_tag?post=51335"},{"taxonomy":"woo-feed-brand","embeddable":true,"href":"https:\/\/fh-staging.vengo.cloud\/fr-ch\/wp-json\/wp\/v2\/woo-feed-brand?post=51335"}],"curies":[{"name":"wp","href":"https:\/\/api.w.org\/{rel}","templated":true}]}}