{"id":5019,"date":"2019-06-13T11:09:01","date_gmt":"2019-06-13T09:09:01","guid":{"rendered":"https:\/\/fh-staging.vengo.cloud\/?product=samenkugeln-bienenfutter-6er"},"modified":"2025-08-05T08:59:42","modified_gmt":"2025-08-05T06:59:42","slug":"boules-de-graines-nourriture-pour-abeilles-par-6","status":"publish","type":"product","link":"https:\/\/fh-staging.vengo.cloud\/fr-ch\/p\/samenkugeln-bienenfutter-6er","title":{"rendered":"Boules de graines nourriture pour abeilles 6 pi\u00e8ces"},"content":{"rendered":"<p>Les boules de graines contiennent un m\u00e9lange de jusqu'\u00e0 30 esp\u00e8ces indig\u00e8nes diff\u00e9rentes annuelles et bisannuelles : bleuet, chicor\u00e9e, marguerite, mauve musqu\u00e9e, camomille vraie, coquelicot, cornouiller, \u00e9pervi\u00e8re des champs, carotte sauvage, tr\u00e8fle blanc \u00e0 miel, nigelle des champs, laitue des champs, mol\u00e8ne \u00e0 grandes fleurs et bien d'autres encore. Ces boules de graines ne contiennent que des fleurs indig\u00e8nes.<\/p>\n<p>Boules de graines, seedbombs, seedballs, bombes de graines, seed bombs, boules de graines - elles ont de nombreux noms. Mais que sont les boules de graines et comment sont-elles fabriqu\u00e9es ? Toutes nos boules de graines sont fabriqu\u00e9es \u00e0 la main par UrbanGardeningShop. Tout dans ces produits est fait \u00e0 la main. Pour la production, nous utilisons uniquement des produits naturels comme l'argile, le terreau bio (sans tourbe) et les graines. Gr\u00e2ce au roulage \u00e0 la main, chaque boule de graines est unique. Aucune ne ressemble exactement \u00e0 l'autre, chacune est un produit naturel. Les boules de graines sont emball\u00e9es dans de petites bo\u00eetes en carton. Superbement \u00e9tiquet\u00e9es, id\u00e9ales comme cadeau ou pour embellir le jardin avec les enfants.<\/p>\n<p><strong>Instructions :<\/strong> Lancer des boules de graines ou les enfoncer l\u00e9g\u00e8rement dans le sol de mani\u00e8re cibl\u00e9e aux endroits souhait\u00e9s. La nature fait le reste toute seule. Soutiens ainsi activement les abeilles et les papillons.<\/p>","protected":false},"excerpt":{"rendered":"<p>Lot de 6 boules de graines pour promouvoir la biodiversit\u00e9 ! Cr\u00e9e de petites oasis de fleurs avec les boules de graines. Id\u00e9al pour les abeilles et les papillons.<\/p>","protected":false},"featured_media":5020,"template":"","meta":[],"product_brand":[],"product_cat":[110,1023,797,34,41],"product_tag":[287],"woo-feed-brand":[],"class_list":{"0":"post-5019","1":"product","2":"type-product","3":"status-publish","4":"has-post-thumbnail","6":"product_cat-samen","7":"product_cat-fuer-mama","8":"product_cat-muttertag","9":"product_cat-garten-balkon","10":"product_cat-outdoorpflanzen","11":"product_tag-urbangardeningshop-ch","13":"first","14":"instock","15":"taxable","16":"shipping-taxable","17":"purchasable","18":"product-type-simple"},"_links":{"self":[{"href":"https:\/\/fh-staging.vengo.cloud\/fr-ch\/wp-json\/wp\/v2\/product\/5019","targetHints":{"allow":["GET"]}}],"collection":[{"href":"https:\/\/fh-staging.vengo.cloud\/fr-ch\/wp-json\/wp\/v2\/product"}],"about":[{"href":"https:\/\/fh-staging.vengo.cloud\/fr-ch\/wp-json\/wp\/v2\/types\/product"}],"wp:featuredmedia":[{"embeddable":true,"href":"https:\/\/fh-staging.vengo.cloud\/fr-ch\/wp-json\/wp\/v2\/media\/5020"}],"wp:attachment":[{"href":"https:\/\/fh-staging.vengo.cloud\/fr-ch\/wp-json\/wp\/v2\/media?parent=5019"}],"wp:term":[{"taxonomy":"product_brand","embeddable":true,"href":"https:\/\/fh-staging.vengo.cloud\/fr-ch\/wp-json\/wp\/v2\/product_brand?post=5019"},{"taxonomy":"product_cat","embeddable":true,"href":"https:\/\/fh-staging.vengo.cloud\/fr-ch\/wp-json\/wp\/v2\/product_cat?post=5019"},{"taxonomy":"product_tag","embeddable":true,"href":"https:\/\/fh-staging.vengo.cloud\/fr-ch\/wp-json\/wp\/v2\/product_tag?post=5019"},{"taxonomy":"woo-feed-brand","embeddable":true,"href":"https:\/\/fh-staging.vengo.cloud\/fr-ch\/wp-json\/wp\/v2\/woo-feed-brand?post=5019"}],"curies":[{"name":"wp","href":"https:\/\/api.w.org\/{rel}","templated":true}]}}